{"id":2051,"date":"2025-04-30T12:33:28","date_gmt":"2025-04-30T12:33:28","guid":{"rendered":"https:\/\/portadrianomusic.es\/sostenibilidad\/"},"modified":"2025-06-02T08:59:41","modified_gmt":"2025-06-02T08:59:41","slug":"sostenibilitat","status":"publish","type":"page","link":"https:\/\/portadrianomusic.es\/ca\/sostenibilitat\/","title":{"rendered":"Sostenibilitat"},"content":{"rendered":"<p>[et_pb_section fb_built=&#8221;1&#8243; _builder_version=&#8221;4.27.4&#8243; _module_preset=&#8221;default&#8221; background_image=&#8221;https:\/\/portadrianomusic.es\/wp-content\/uploads\/2025\/05\/ms-1.jpeg&#8221; da_disable_devices=&#8221;off|off|off&#8221; locked=&#8221;off&#8221; global_colors_info=&#8221;{}&#8221; da_is_popup=&#8221;off&#8221; da_exit_intent=&#8221;off&#8221; da_has_close=&#8221;on&#8221; da_alt_close=&#8221;off&#8221; da_dark_close=&#8221;off&#8221; da_not_modal=&#8221;on&#8221; da_is_singular=&#8221;off&#8221; da_with_loader=&#8221;off&#8221; da_has_shadow=&#8221;on&#8221;][et_pb_row _builder_version=&#8221;4.27.4&#8243; _module_preset=&#8221;default&#8221; global_colors_info=&#8221;{}&#8221;][et_pb_column type=&#8221;4_4&#8243; _builder_version=&#8221;4.27.4&#8243; _module_preset=&#8221;default&#8221; global_colors_info=&#8221;{}&#8221;][\/et_pb_column][\/et_pb_row][\/et_pb_section][et_pb_section fb_built=&#8221;1&#8243; _builder_version=&#8221;4.27.4&#8243; _module_preset=&#8221;default&#8221; background_color=&#8221;#EF7A31&#8243; custom_padding=&#8221;||||false|false&#8221; da_disable_devices=&#8221;off|off|off&#8221; global_colors_info=&#8221;{}&#8221; da_is_popup=&#8221;off&#8221; da_exit_intent=&#8221;off&#8221; da_has_close=&#8221;on&#8221; da_alt_close=&#8221;off&#8221; da_dark_close=&#8221;off&#8221; da_not_modal=&#8221;on&#8221; da_is_singular=&#8221;off&#8221; da_with_loader=&#8221;off&#8221; da_has_shadow=&#8221;on&#8221;][et_pb_row column_structure=&#8221;1_2,1_2&#8243; admin_label=&#8221;row&#8221; _builder_version=&#8221;4.27.4&#8243; background_size=&#8221;initial&#8221; background_position=&#8221;top_left&#8221; background_repeat=&#8221;repeat&#8221; positioning=&#8221;none&#8221; position_origin_a=&#8221;center_center&#8221; locked=&#8221;off&#8221; global_colors_info=&#8221;{}&#8221;][et_pb_column type=&#8221;1_2&#8243; _builder_version=&#8221;4.16&#8243; custom_padding=&#8221;|||&#8221; global_colors_info=&#8221;{}&#8221; custom_padding__hover=&#8221;|||&#8221;][et_pb_text _builder_version=&#8221;4.27.4&#8243; _module_preset=&#8221;default&#8221; header_2_font=&#8221;FolioStdBook||||||||&#8221; header_2_font_size=&#8221;70px&#8221; custom_margin=&#8221;||30px|||&#8221; hover_enabled=&#8221;0&#8243; header_2_font_size_tablet=&#8221;50px&#8221; header_2_font_size_phone=&#8221;30px&#8221; header_2_font_size_last_edited=&#8221;on|tablet&#8221; global_colors_info=&#8221;{}&#8221; sticky_enabled=&#8221;0&#8243;]<\/p>\n<div class=\"elementor-element elementor-element-29a1d445 elementor-widget elementor-widget-heading\" data-id=\"29a1d445\" data-element_type=\"widget\" data-widget_type=\"heading.default\">\n<div class=\"elementor-widget-container\">\n<h2 class=\"elementor-heading-title elementor-size-default\">Compromesos amb el medi ambient<\/h2>\n<\/p><\/div>\n<\/p><\/div>\n<p>[\/et_pb_text][et_pb_text admin_label=&#8221;Text&#8221; _builder_version=&#8221;4.27.4&#8243; text_font=&#8221;FolioStdBook||||||||&#8221; text_font_size=&#8221;30px&#8221; text_line_height=&#8221;1.2em&#8221; background_size=&#8221;initial&#8221; background_position=&#8221;top_left&#8221; background_repeat=&#8221;repeat&#8221; hover_enabled=&#8221;0&#8243; text_font_size_tablet=&#8221;25px&#8221; text_font_size_phone=&#8221;20px&#8221; text_font_size_last_edited=&#8221;on|desktop&#8221; text_line_height_phone=&#8221;1.2em&#8221; text_line_height_last_edited=&#8221;off|tablet&#8221; global_colors_info=&#8221;{}&#8221; sticky_enabled=&#8221;0&#8243;]<\/p>\n<p>OCIBAR, S.A., concession\u00e0ria dels ports esportius Port Adriano a El Toro (Mallorca), la marina de Botafoc a Eivissa i Port Tarraco (Tarragona), motius de preocupaci\u00f3 pel medi ambient i d\u2019acord amb la norma internacional ISO 14001 i ISO 9001 i el Reglament Europeu EMAS III, vol fer-li algunes recomanacions per impulsar-ne la protecci\u00f3.<\/p>\n<\/p>\n<p>[\/et_pb_text][\/et_pb_column][et_pb_column type=&#8221;1_2&#8243; _builder_version=&#8221;4.16&#8243; custom_padding=&#8221;|||&#8221; global_colors_info=&#8221;{}&#8221; custom_padding__hover=&#8221;|||&#8221;][difl_imagecarousel item_desktop=&#8221;1&#8243; item_tablet=&#8221;1&#8243; item_spacing=&#8221;0px&#8221; loop=&#8221;on&#8221; arrow=&#8221;on&#8221; ic_equal_height=&#8221;on&#8221; ic_full_width=&#8221;on&#8221; arrow_color=&#8221;#FFD11B&#8221; arrow_background=&#8221;#EF7A31&#8243; _builder_version=&#8221;4.27.4&#8243; _module_preset=&#8221;default&#8221; locked=&#8221;off&#8221; global_colors_info=&#8221;{}&#8221;][difl_imagecarouselitem image=&#8221;https:\/\/portadrianomusic.es\/wp-content\/uploads\/2025\/05\/sos-1.jpeg&#8221; ic_button_button_url_new_window=&#8221;1&#8243; _builder_version=&#8221;4.27.4&#8243; _module_preset=&#8221;default&#8221; global_colors_info=&#8221;{}&#8221;][\/difl_imagecarouselitem][difl_imagecarouselitem image=&#8221;https:\/\/portadrianomusic.es\/wp-content\/uploads\/2025\/05\/sos-2.jpeg&#8221; ic_button_button_url_new_window=&#8221;1&#8243; _builder_version=&#8221;4.27.4&#8243; _module_preset=&#8221;default&#8221; global_colors_info=&#8221;{}&#8221;][\/difl_imagecarouselitem][difl_imagecarouselitem image=&#8221;https:\/\/portadrianomusic.es\/wp-content\/uploads\/2025\/05\/sos-3.jpeg&#8221; ic_button_button_url_new_window=&#8221;1&#8243; _builder_version=&#8221;4.27.4&#8243; _module_preset=&#8221;default&#8221; global_colors_info=&#8221;{}&#8221;][\/difl_imagecarouselitem][difl_imagecarouselitem image=&#8221;https:\/\/portadrianomusic.es\/wp-content\/uploads\/2025\/05\/sos-4.jpeg&#8221; ic_button_button_url_new_window=&#8221;1&#8243; _builder_version=&#8221;4.27.4&#8243; _module_preset=&#8221;default&#8221; global_colors_info=&#8221;{}&#8221;][\/difl_imagecarouselitem][difl_imagecarouselitem image=&#8221;https:\/\/portadrianomusic.es\/wp-content\/uploads\/2025\/05\/sos-5.jpeg&#8221; ic_button_button_url_new_window=&#8221;1&#8243; _builder_version=&#8221;4.27.4&#8243; _module_preset=&#8221;default&#8221; global_colors_info=&#8221;{}&#8221;][\/difl_imagecarouselitem][difl_imagecarouselitem image=&#8221;https:\/\/portadrianomusic.es\/wp-content\/uploads\/2025\/05\/sos-6.jpeg&#8221; ic_button_button_url_new_window=&#8221;1&#8243; _builder_version=&#8221;4.27.4&#8243; _module_preset=&#8221;default&#8221; global_colors_info=&#8221;{}&#8221;][\/difl_imagecarouselitem][difl_imagecarouselitem image=&#8221;https:\/\/portadrianomusic.es\/wp-content\/uploads\/2025\/05\/sos-7.jpeg&#8221; ic_button_button_url_new_window=&#8221;1&#8243; _builder_version=&#8221;4.27.4&#8243; _module_preset=&#8221;default&#8221; global_colors_info=&#8221;{}&#8221;][\/difl_imagecarouselitem][\/difl_imagecarousel][\/et_pb_column][\/et_pb_row][et_pb_row admin_label=&#8221;row&#8221; _builder_version=&#8221;4.27.4&#8243; background_size=&#8221;initial&#8221; background_position=&#8221;top_left&#8221; background_repeat=&#8221;repeat&#8221; positioning=&#8221;none&#8221; position_origin_a=&#8221;center_center&#8221; custom_padding=&#8221;0px||80px|||&#8221; locked=&#8221;off&#8221; global_colors_info=&#8221;{}&#8221;][et_pb_column type=&#8221;4_4&#8243; _builder_version=&#8221;4.16&#8243; custom_padding=&#8221;|||&#8221; global_colors_info=&#8221;{}&#8221; custom_padding__hover=&#8221;|||&#8221;][et_pb_text admin_label=&#8221;Text&#8221; _builder_version=&#8221;4.27.4&#8243; text_font=&#8221;FolioStdBook||||||||&#8221; text_font_size=&#8221;30px&#8221; text_line_height=&#8221;1.2em&#8221; link_text_color=&#8221;#FFD11B&#8221; ul_line_height=&#8221;1.1em&#8221; ol_line_height=&#8221;1.1em&#8221; background_size=&#8221;initial&#8221; background_position=&#8221;top_left&#8221; background_repeat=&#8221;repeat&#8221; hover_enabled=&#8221;0&#8243; text_font_size_tablet=&#8221;25px&#8221; text_font_size_phone=&#8221;20px&#8221; text_font_size_last_edited=&#8221;on|desktop&#8221; text_line_height_phone=&#8221;1.2em&#8221; text_line_height_last_edited=&#8221;off|tablet&#8221; global_colors_info=&#8221;{}&#8221; link_text_color__hover_enabled=&#8221;on|hover&#8221; link_text_color__hover=&#8221;#005593&#8243; sticky_enabled=&#8221;0&#8243;]<\/p>\n<p>Port Adriano est\u00e0 situat en un entorn privilegiat entre les reserves marines d\u2019El Toro i Illes Malgrats, que tenen un alt valor ecol\u00f2gic i pesquer per la diversitat d\u2019h\u00e0bitats, comunitats bent\u00f2niques i fauna marina que s\u2019hi poden trobar. En els fons rocosos circalitorals i infralitorals hi habiten esp\u00e8cies de peixos sedentaris de gran grand\u00e0ria. Les praderies de la faner\u00f2gama Posidonia oce\u00e1nica ocupen grans extensions.<\/p>\n<p>Per a m\u00e9s informaci\u00f3 sobre les \u00e0rees protegides, restriccions i autoritzacions per a fondejos visiteu: <a href=\"http:\/\/www.caib.es\/sites\/reservesmarines\">www.caib.es\/sites\/reservesmarines<\/a><\/p>\n<p><strong>El nostre comprom\u00eds de conservaci\u00f3 i protecci\u00f3 de l\u2019entorn mar\u00ed i litoral es fonamenta en:<\/strong><\/p>\n<ul>\n<li>Optimitzar els consums d\u2019aigua i energia.<\/li>\n<li>Prevenir la contaminaci\u00f3.<\/li>\n<li>Promoure la recollida selectiva de residus.<\/li>\n<li>Controlar i reduir la contaminaci\u00f3 atmosf\u00e8rica i ac\u00fastica.<\/li>\n<li>Definir i assegurar plans d\u2019emerg\u00e8ncia.<\/li>\n<li>Cumplir amb la legislaci\u00f3 aplicable.<\/li>\n<li>Formar els treballadors en mat\u00e8ria de sostenibilitat i salut laboral.<\/li>\n<li>Fomentar entre els usuaris, clients i prove\u00efdors pr\u00e0ctiques mediambientals proactives i positives.<\/li>\n<li>Iniciar nosaltres mateixos aquestes pr\u00e0ctiques amb esdeveniments com El Dia del Pl\u00e0stic o col\u00b7laborar amb associacions i causes importants com ara The Seabin Project, Fundaci\u00f3 Palma Aquarium, Campanya de Fondeig de la Posid\u00f2nia de l\u2019Ajuntament de Calvi\u00e0, Mar de Fondo, Project Zero, Save the Med, etc.<\/li>\n<\/ul>\n<p>L\u2019any 2020, Port Adriano posa en marxa el Projecte d\u2019Economia Circular, lligat als ODS 12, 13 i 14.<\/p>\n<p>El nostre objectiu \u00e9s treballar per garantir modalitats de consum i de producci\u00f3 sostenibles, posant en marxa processos per evitar la p\u00e8rdua d\u2019aliments, fomentar la reutilitzaci\u00f3 i el reciclatge, un \u00fas ecol\u00f2gic dels productes qu\u00edmics, la disminuci\u00f3 de la generaci\u00f3 de residus i la reducci\u00f3 de la contaminaci\u00f3 del mar.<\/p>\n<p>Els objectius estrat\u00e8gics de Port Adriano en el nostre enfocament d\u2019economia circular s\u00f3n:<\/p>\n<ul>\n<li>Potenciar la reducci\u00f3 dels residus generats.<\/li>\n<li>Aumentar la quantitat de residus que es reciclen.<\/li>\n<li>Crear consci\u00e8ncia sobre la sostenibilitat.<\/li>\n<\/ul>\n<p><strong>Col\u00b7laboraci\u00f3 Seabin Project<\/strong><\/p>\n<p>El 2017, gr\u00e0cies a la col\u00b7laboraci\u00f3 amb el Seabin Project, consistent en la instal\u00b7laci\u00f3 d\u2019una revolucion\u00e0ria paperera flotant que recull pl\u00e0stics del mar, Port Adriano va rebre un premi del Govern Balear a la millor iniciativa en RSC, essent el primer port pilot de Seabin.<\/p>\n<p>Conveni de col\u00b7laboraci\u00f3 entre Port Adriano i la Fundaci\u00f3 Palma Aquarium<\/p>\n<p>Des del conveni de col\u00b7laboraci\u00f3 entre Port Adriano i la Fundaci\u00f3 Palma Aquarium, es promou activament la conservaci\u00f3 de la biodiversitat dels nostres mars i oceans. D\u2019aquest acord en deriven tres l\u00ednies d\u2019actuaci\u00f3 principalment:<\/p>\n<ol start=\"3\">\n<li>Realitzaci\u00f3 de jornades de formaci\u00f3 i sensibilitzaci\u00f3 per als diversos grups d\u2019inter\u00e8s com ara escolars, usuaris del port i treballadors.<\/li>\n<li>Divulgaci\u00f3 de material did\u00e0ctic basat en l\u2019educaci\u00f3 ambiental i la sostenibilitat.<\/li>\n<li>Manteniment actiu d\u2019un sistema d\u2019assist\u00e8ncia per a esp\u00e8cies marines en perill, que se centra especialment en la recuperaci\u00f3 i el tractament de tortugues marines.<\/li>\n<\/ol>\n<p><strong>Educaci\u00f3 Ambiental. Accions:<\/strong><\/p>\n<ul>\n<li>Jornades de formaci\u00f3 a tots els alumnes de les escoles de vela i paddle surf.<\/li>\n<li>Eliminaci\u00f3 de l\u2019\u00fas de pl\u00e0stics d\u2019un sol \u00fas a totes les oficines del port.<\/li>\n<li>Neteja de la platja d\u2019El Toro i de tota la zona de mar on naveguen les escoles.<\/li>\n<li>Xerrades informatives a tots els comer\u00e7os del port.<\/li>\n<li>Entrega de fullet\u00f3 de bones pr\u00e0ctiques mediambientals a totes les embarcacions.<\/li>\n<li>Formaci\u00f3 i reciclatge continuat als equips de treball del port.<\/li>\n<\/ul>\n<p><strong>Exposici\u00f3 Project Zero<\/strong><\/p>\n<p>Portada des de la famosa Carnaby Street de Londres, aquesta exposici\u00f3 a favor de Project Zero t\u00e9 l\u2019objectiu de conscienciar sobre el problema dels abocaments de pl\u00e0stics als nostres oceans. L\u2019exposici\u00f3 ha estat realitzada amb ampolles de pl\u00e0stic, garrafes, envasos de detergents\u2026 tot recollit dels nostres mars, o realitzat amb materials<\/p>\n<p>100% reciclats i ecol\u00f2gics, incloent-hi les pintures.<\/p>\n<p>Project Zero \u00e9s una ONG que treballa per la protecci\u00f3 dels oceans, amb m\u00faltiples projectes a tot el m\u00f3n i ambaixadors destacats. Entra aqu\u00ed per saber com pots ajudar amb un sol gest canviant els teus h\u00e0bits: <a href=\"http:\/\/www.weareprojectzero.org\/\">www.weareprojectzero.org<\/a><\/p>\n<p><strong>Conveni amb SAVE THE MED<\/strong><\/p>\n<p>Port Adriano col\u00b7labora amb la SAVE THE MED Foundation, proveint-li un amarrament per a l\u2019embarcaci\u00f3 de l\u2019ONG i mitjan\u00e7ant accions l\u00fadiques i mediambientals per a la comunitat.<\/p>\n<p>[\/et_pb_text][\/et_pb_column][\/et_pb_row][et_pb_row _builder_version=&#8221;4.27.4&#8243; _module_preset=&#8221;default&#8221; global_colors_info=&#8221;{}&#8221;][et_pb_column type=&#8221;4_4&#8243; _builder_version=&#8221;4.27.4&#8243; _module_preset=&#8221;default&#8221; global_colors_info=&#8221;{}&#8221;][difl_logocarousel lc_max_width=&#8221;61%&#8221; lc_vertical=&#8221;center&#8221; equal_height=&#8221;on&#8221; item_desktop=&#8221;5&#8243; item_spacing=&#8221;10px&#8221; loop=&#8221;on&#8221; autoplay=&#8221;on&#8221; dots=&#8221;on&#8221; active_dot_color=&#8221;#FFD11B&#8221; dots_color=&#8221;#cc6b2a&#8221; wrapper_padding=&#8221;||30px||false|false&#8221; _builder_version=&#8221;4.27.4&#8243; _module_preset=&#8221;default&#8221; child_mix_blend_mode=&#8221;multiply&#8221; global_colors_info=&#8221;{}&#8221;][difl_logocarouselitem image=&#8221;https:\/\/portadrianomusic.es\/wp-content\/uploads\/2025\/04\/Logo_Seabin_Project.jpg&#8221; _builder_version=&#8221;4.27.4&#8243; _module_preset=&#8221;default&#8221; global_colors_info=&#8221;{}&#8221;][\/difl_logocarouselitem][difl_logocarouselitem image=&#8221;https:\/\/portadrianomusic.es\/wp-content\/uploads\/2025\/04\/BASKET.jpg&#8221; _builder_version=&#8221;4.27.4&#8243; _module_preset=&#8221;default&#8221; global_colors_info=&#8221;{}&#8221;][\/difl_logocarouselitem][difl_logocarouselitem image=&#8221;https:\/\/portadrianomusic.es\/wp-content\/uploads\/2025\/04\/Palma_Acuarium.jpg&#8221; _builder_version=&#8221;4.27.4&#8243; _module_preset=&#8221;default&#8221; global_colors_info=&#8221;{}&#8221;][\/difl_logocarouselitem][difl_logocarouselitem image=&#8221;https:\/\/portadrianomusic.es\/wp-content\/uploads\/2025\/04\/SAVE-THE-MED.png&#8221; _builder_version=&#8221;4.27.4&#8243; _module_preset=&#8221;default&#8221; global_colors_info=&#8221;{}&#8221;][\/difl_logocarouselitem][difl_logocarouselitem image=&#8221;https:\/\/portadrianomusic.es\/wp-content\/uploads\/2025\/04\/Mar_de_Fondo.jpg&#8221; _builder_version=&#8221;4.27.4&#8243; _module_preset=&#8221;default&#8221; global_colors_info=&#8221;{}&#8221;][\/difl_logocarouselitem][difl_logocarouselitem image=&#8221;https:\/\/portadrianomusic.es\/wp-content\/uploads\/2025\/04\/ATLETISMO.jpg&#8221; _builder_version=&#8221;4.27.4&#8243; _module_preset=&#8221;default&#8221; global_colors_info=&#8221;{}&#8221;][\/difl_logocarouselitem][difl_logocarouselitem image=&#8221;https:\/\/portadrianomusic.es\/wp-content\/uploads\/2025\/04\/Project_Logo_Black.png&#8221; _builder_version=&#8221;4.27.4&#8243; _module_preset=&#8221;default&#8221; global_colors_info=&#8221;{}&#8221;][\/difl_logocarouselitem][difl_logocarouselitem image=&#8221;https:\/\/portadrianomusic.es\/wp-content\/uploads\/2025\/04\/ETB-CALVIA.jpg&#8221; _builder_version=&#8221;4.27.4&#8243; _module_preset=&#8221;default&#8221; global_colors_info=&#8221;{}&#8221;][\/difl_logocarouselitem][\/difl_logocarousel][\/et_pb_column][\/et_pb_row][\/et_pb_section]<\/p>\n","protected":false},"excerpt":{"rendered":"<p>Compromesos amb el medi ambient OCIBAR, S.A., concession\u00e0ria dels ports esportius Port Adriano a El Toro (Mallorca), la marina de Botafoc a Eivissa i Port Tarraco (Tarragona), motius de preocupaci\u00f3 pel medi ambient i d\u2019acord amb la norma internacional ISO 14001 i ISO 9001 i el Reglament Europeu EMAS III, vol fer-li algunes recomanacions per [&hellip;]<\/p>\n","protected":false},"author":1,"featured_media":0,"parent":0,"menu_order":0,"comment_status":"closed","ping_status":"closed","template":"","meta":{"_et_pb_use_builder":"on","_et_pb_old_content":"","_et_gb_content_width":"","inline_featured_image":false,"footnotes":""},"difl_page_category":[],"class_list":["post-2051","page","type-page","status-publish","hentry"],"_links":{"self":[{"href":"https:\/\/portadrianomusic.es\/ca\/wp-json\/wp\/v2\/pages\/2051","targetHints":{"allow":["GET"]}}],"collection":[{"href":"https:\/\/portadrianomusic.es\/ca\/wp-json\/wp\/v2\/pages"}],"about":[{"href":"https:\/\/portadrianomusic.es\/ca\/wp-json\/wp\/v2\/types\/page"}],"author":[{"embeddable":true,"href":"https:\/\/portadrianomusic.es\/ca\/wp-json\/wp\/v2\/users\/1"}],"replies":[{"embeddable":true,"href":"https:\/\/portadrianomusic.es\/ca\/wp-json\/wp\/v2\/comments?post=2051"}],"version-history":[{"count":2,"href":"https:\/\/portadrianomusic.es\/ca\/wp-json\/wp\/v2\/pages\/2051\/revisions"}],"predecessor-version":[{"id":2590,"href":"https:\/\/portadrianomusic.es\/ca\/wp-json\/wp\/v2\/pages\/2051\/revisions\/2590"}],"wp:attachment":[{"href":"https:\/\/portadrianomusic.es\/ca\/wp-json\/wp\/v2\/media?parent=2051"}],"wp:term":[{"taxonomy":"difl_page_category","embeddable":true,"href":"https:\/\/portadrianomusic.es\/ca\/wp-json\/wp\/v2\/difl_page_category?post=2051"}],"curies":[{"name":"wp","href":"https:\/\/api.w.org\/{rel}","templated":true}]}}