{"id":2368,"date":"2025-04-30T14:43:49","date_gmt":"2025-04-30T14:43:49","guid":{"rendered":"https:\/\/portadrianomusic.es\/boney-m\/"},"modified":"2025-08-08T18:14:49","modified_gmt":"2025-08-08T18:14:49","slug":"boney-m","status":"publish","type":"page","link":"https:\/\/portadrianomusic.es\/ca\/boney-m\/","title":{"rendered":"Boney M"},"content":{"rendered":"<p>[et_pb_section fb_built=&#8221;1&#8243; fullwidth=&#8221;on&#8221; _builder_version=&#8221;4.27.4&#8243; _module_preset=&#8221;default&#8221; background_color=&#8221;#EF7A31&#8243; background_image=&#8221;https:\/\/portadrianomusic.es\/wp-content\/uploads\/2025\/04\/Top-Bonny-M.png&#8221; custom_padding=&#8221;||||false|false&#8221; background_last_edited=&#8221;on|phone&#8221; background_image_tablet=&#8221;https:\/\/portadrianomusic.es\/wp-content\/uploads\/2025\/05\/Web-1920-\u2013-3.jpg&#8221; background_image_phone=&#8221;https:\/\/portadrianomusic.es\/wp-content\/uploads\/2025\/05\/Web-1920-\u2013-3.jpg&#8221; background_enable_image_tablet=&#8221;on&#8221; background_enable_image_phone=&#8221;on&#8221; background_size_phone=&#8221;contain&#8221; background_position_phone=&#8221;bottom_center&#8221; da_disable_devices=&#8221;off|off|off&#8221; global_colors_info=&#8221;{}&#8221; da_is_popup=&#8221;off&#8221; da_exit_intent=&#8221;off&#8221; da_has_close=&#8221;on&#8221; da_alt_close=&#8221;off&#8221; da_dark_close=&#8221;off&#8221; da_not_modal=&#8221;on&#8221; da_is_singular=&#8221;off&#8221; da_with_loader=&#8221;off&#8221; da_has_shadow=&#8221;on&#8221;][et_pb_fullwidth_header _builder_version=&#8221;4.27.4&#8243; _module_preset=&#8221;default&#8221; title_text_color=&#8221;#FFD11B&#8221; title_font_size=&#8221;70px&#8221; title_line_height=&#8221;1.1em&#8221; content_text_align=&#8221;left&#8221; content_text_color=&#8221;#FFD11B&#8221; content_font_size=&#8221;80px&#8221; content_line_height=&#8221;1em&#8221; background_color=&#8221;RGBA(255,255,255,0)&#8221; custom_button_one=&#8221;on&#8221; button_one_text_color=&#8221;#FFD11B&#8221; button_one_border_radius=&#8221;0px&#8221; button_one_font=&#8221;|||on|||||&#8221; button_one_use_icon=&#8221;off&#8221; button_one_custom_padding=&#8221;20px|45px|20px|45px|true|true&#8221; button_one_custom_padding_tablet=&#8221;20px|45px|20px|45px|true|true&#8221; button_one_custom_padding_phone=&#8221;15px|40px|15px|40px|true|true&#8221; button_one_custom_padding_last_edited=&#8221;on|phone&#8221; custom_button_two=&#8221;on&#8221; button_two_text_color=&#8221;#FFD11B&#8221; button_two_border_radius=&#8221;0px&#8221; button_two_font=&#8221;|||on|||||&#8221; button_two_use_icon=&#8221;off&#8221; button_two_custom_padding=&#8221;20px|45px|20px|45px|true|true&#8221; transform_scale_tablet=&#8221;&#8221; transform_scale_phone=&#8221;&#8221; transform_scale_last_edited=&#8221;on|desktop&#8221; transform_translate_tablet=&#8221;0px|0px&#8221; transform_translate_phone=&#8221;0px|0px&#8221; transform_translate_last_edited=&#8221;on|phone&#8221; transform_translate_linked=&#8221;off&#8221; transform_rotate_tablet=&#8221;&#8221; transform_rotate_phone=&#8221;&#8221; transform_rotate_last_edited=&#8221;on|desktop&#8221; transform_skew_tablet=&#8221;&#8221; transform_skew_phone=&#8221;&#8221; transform_skew_last_edited=&#8221;on|desktop&#8221; transform_origin_tablet=&#8221;&#8221; transform_origin_phone=&#8221;&#8221; transform_origin_last_edited=&#8221;on|desktop&#8221; height=&#8221;100vh&#8221; height_tablet=&#8221;100vh&#8221; height_phone=&#8221;auto&#8221; height_last_edited=&#8221;on|phone&#8221; custom_padding=&#8221;30vh|||60vw|false|false&#8221; custom_padding_tablet=&#8221;10vh||25vh|0vw|false|false&#8221; custom_padding_phone=&#8221;12vh||15vh||false|false&#8221; custom_padding_last_edited=&#8221;on|desktop&#8221; title_font_size_tablet=&#8221;50px&#8221; title_font_size_phone=&#8221;30px&#8221; title_font_size_last_edited=&#8221;on|phone&#8221; content_text_align_tablet=&#8221;left&#8221; content_text_align_phone=&#8221;left&#8221; content_text_align_last_edited=&#8221;on|desktop&#8221; content_font_size_tablet=&#8221;70px&#8221; content_font_size_phone=&#8221;45px&#8221; content_font_size_last_edited=&#8221;on|tablet&#8221; global_colors_info=&#8221;{}&#8221; button_one_bg_color__hover_enabled=&#8221;on|hover&#8221; button_one_bg_color__hover=&#8221;#FFD11B&#8221; button_one_bg_enable_color__hover=&#8221;on&#8221; button_one_text_color__hover_enabled=&#8221;on|hover&#8221; button_one_text_color__hover=&#8221;#EF7A31&#8243; button_one_border_color__hover_enabled=&#8221;on|hover&#8221; button_one_border_color__hover=&#8221;#FFD11B&#8221; button_two_text_color__hover=&#8221;#EF7A31&#8243; button_two_text_color__hover_enabled=&#8221;on|hover&#8221; button_two_bg_color__hover=&#8221;#FFD11B&#8221; button_two_bg_color__hover_enabled=&#8221;on|hover&#8221; button_two_border_color__hover=&#8221;#FFD11B&#8221; button_two_border_color__hover_enabled=&#8221;on|hover&#8221;]<\/p>\n<p>BONEY M.<br \/>FEAT MAIZIE<br \/>WILLIAMS<br \/>09.08.25<\/p>\n<p>[\/et_pb_fullwidth_header][\/et_pb_section][et_pb_section fb_built=&#8221;1&#8243; _builder_version=&#8221;4.27.4&#8243; _module_preset=&#8221;default&#8221; background_color=&#8221;#EF7A31&#8243; background_image=&#8221;https:\/\/portadrianomusic.es\/wp-content\/uploads\/2025\/04\/PAM_Letras.svg&#8221; background_position=&#8221;center_left&#8221; background_horizontal_offset=&#8221;58%&#8221; height_tablet=&#8221;auto&#8221; height_phone=&#8221;auto&#8221; height_last_edited=&#8221;on|phone&#8221; custom_padding=&#8221;||||false|false&#8221; da_disable_devices=&#8221;off|off|off&#8221; global_colors_info=&#8221;{}&#8221; da_is_popup=&#8221;off&#8221; da_exit_intent=&#8221;off&#8221; da_has_close=&#8221;on&#8221; da_alt_close=&#8221;off&#8221; da_dark_close=&#8221;off&#8221; da_not_modal=&#8221;on&#8221; da_is_singular=&#8221;off&#8221; da_with_loader=&#8221;off&#8221; da_has_shadow=&#8221;on&#8221;][et_pb_row column_structure=&#8221;2_3,1_3&#8243; use_custom_gutter=&#8221;on&#8221; gutter_width=&#8221;2&#8243; make_equal=&#8221;on&#8221; _builder_version=&#8221;4.27.4&#8243; _module_preset=&#8221;default&#8221; positioning=&#8221;none&#8221; position_origin_a=&#8221;center_center&#8221; position_origin_a_tablet=&#8221;center_center&#8221; position_origin_a_phone=&#8221;center_center&#8221; position_origin_a_last_edited=&#8221;on|phone&#8221; position_origin_f_tablet=&#8221;&#8221; position_origin_f_phone=&#8221;&#8221; position_origin_f_last_edited=&#8221;on|phone&#8221; position_origin_r_tablet=&#8221;&#8221; position_origin_r_phone=&#8221;&#8221; position_origin_r_last_edited=&#8221;on|phone&#8221; positioning_tablet=&#8221;none&#8221; positioning_phone=&#8221;none&#8221; positioning_last_edited=&#8221;on|phone&#8221; global_colors_info=&#8221;{}&#8221;][et_pb_column type=&#8221;2_3&#8243; _builder_version=&#8221;4.27.4&#8243; _module_preset=&#8221;default&#8221; global_colors_info=&#8221;{}&#8221;][et_pb_text _builder_version=&#8221;4.27.4&#8243; _module_preset=&#8221;default&#8221; header_2_font=&#8221;FolioStdBook||||||||&#8221; header_2_font_size=&#8221;60px&#8221; custom_margin=&#8221;||30px|||&#8221; header_2_font_size_tablet=&#8221;40px&#8221; header_2_font_size_phone=&#8221;30px&#8221; header_2_font_size_last_edited=&#8221;on|phone&#8221; locked=&#8221;off&#8221; global_colors_info=&#8221;{}&#8221;]<\/p>\n<h2>PAM celebra una fita incre\u00efble, el 50\u00e8 aniversari de Boney M.!<\/h2>\n<p>[\/et_pb_text][et_pb_text admin_label=&#8221;Text&#8221; _builder_version=&#8221;4.27.4&#8243; text_font=&#8221;FolioStdBook||||||||&#8221; text_font_size=&#8221;30px&#8221; text_line_height=&#8221;1.1em&#8221; link_text_color=&#8221;#FFD11B&#8221; link_font_size=&#8221;30px&#8221; link_line_height=&#8221;1.3em&#8221; background_size=&#8221;initial&#8221; background_position=&#8221;top_left&#8221; background_repeat=&#8221;repeat&#8221; text_font_size_tablet=&#8221;25px&#8221; text_font_size_phone=&#8221;20px&#8221; text_font_size_last_edited=&#8221;on|desktop&#8221; text_line_height_phone=&#8221;1.2em&#8221; text_line_height_last_edited=&#8221;off|tablet&#8221; locked=&#8221;off&#8221; global_colors_info=&#8221;{}&#8221; link_text_color__hover_enabled=&#8221;on|hover&#8221; link_text_color__hover=&#8221;#005593&#8243;]<\/p>\n<p>Port Adriano Music Festival t\u2019ofereix l\u2019oportunitat \u00fanica de celebrar l\u2019impacte, l\u2019alegria i el llegat cultural d\u2019un dels grups m\u00e9s ic\u00f2nics de la hist\u00f2ria del pop i la discoteca.<\/p>\n<p>[\/et_pb_text][et_pb_text admin_label=&#8221;Text&#8221; _builder_version=&#8221;4.27.4&#8243; text_font=&#8221;FolioStdBook||||||||&#8221; text_font_size=&#8221;20px&#8221; text_line_height=&#8221;1.1em&#8221; link_text_color=&#8221;#FFD11B&#8221; link_font_size=&#8221;30px&#8221; link_line_height=&#8221;1.3em&#8221; background_size=&#8221;initial&#8221; background_position=&#8221;top_left&#8221; background_repeat=&#8221;repeat&#8221; text_font_size_tablet=&#8221;18px&#8221; text_font_size_phone=&#8221;16px&#8221; text_font_size_last_edited=&#8221;on|phone&#8221; text_line_height_phone=&#8221;1.2em&#8221; text_line_height_last_edited=&#8221;off|tablet&#8221; locked=&#8221;off&#8221; global_colors_info=&#8221;{}&#8221; link_text_color__hover_enabled=&#8221;on|hover&#8221; link_text_color__hover=&#8221;#005593&#8243;]<\/p>\n<p>Fa cinquanta anys, en el vibrant m\u00f3n dels anys setanta, Boney M va emergir amb un so fresc, din\u00e0mic i irresistible. \u201cRivers of Babylon\u201d, \u201cRasputin,\u201d \u201cMa Baker\u201d o \u201cDaddy Cool\u201d no nom\u00e9s van ser \u00e8xits mundials, sin\u00f3 que van definir una era musical. La m\u00fasica de Boney M. va transcendir fronteres i cultures, reunint milers de persones a les pistes de ball d\u2019arreu del m\u00f3n.<\/p>\n<p>PAM celebra aquest aniversari d\u2019or, recordant l\u2019alegria, la unitat i el ritme de Boney M.<\/p>\n<p>[\/et_pb_text][et_pb_button button_url=&#8221;https:\/\/www.enterticket.es\/eventos\/boney-m-pam-2025-643523&#8243; url_new_window=&#8221;on&#8221; button_text=&#8221;SOLD OUT&#8221; _builder_version=&#8221;4.27.4&#8243; _module_preset=&#8221;default&#8221; custom_button=&#8221;on&#8221; button_text_color=&#8221;#FFD11B&#8221; button_border_radius=&#8221;0px&#8221; button_use_icon=&#8221;off&#8221; custom_padding=&#8221;20px|45px|20px|45px|true|true&#8221; custom_padding_tablet=&#8221;20px|45px|20px|45px|true|true&#8221; custom_padding_phone=&#8221;15px|40px|15px|40px|true|true&#8221; custom_padding_last_edited=&#8221;on|phone&#8221; hover_enabled=&#8221;0&#8243; locked=&#8221;off&#8221; global_colors_info=&#8221;{}&#8221; button_text_color__hover_enabled=&#8221;on|hover&#8221; button_text_color__hover=&#8221;#EF7A31&#8243; button_bg_color__hover_enabled=&#8221;on|hover&#8221; button_bg_color__hover=&#8221;#FFD11B&#8221; button_bg_enable_color__hover=&#8221;on&#8221; button_border_color__hover_enabled=&#8221;on|hover&#8221; button_border_color__hover=&#8221;#FFD11B&#8221; sticky_enabled=&#8221;0&#8243;][\/et_pb_button][\/et_pb_column][et_pb_column type=&#8221;1_3&#8243; _builder_version=&#8221;4.27.4&#8243; _module_preset=&#8221;default&#8221; background_video_mp4=&#8221;https:\/\/portadrianomusic.es\/wp-content\/uploads\/2025\/05\/BONEY-M.-story.mp4&#8243; global_colors_info=&#8221;{}&#8221;][et_pb_divider show_divider=&#8221;off&#8221; _builder_version=&#8221;4.27.4&#8243; _module_preset=&#8221;default&#8221; height=&#8221;90vh&#8221; height_tablet=&#8221;100vh&#8221; height_phone=&#8221;60vh&#8221; height_last_edited=&#8221;on|desktop&#8221; locked=&#8221;off&#8221; global_colors_info=&#8221;{}&#8221;][\/et_pb_divider][\/et_pb_column][\/et_pb_row][et_pb_row column_structure=&#8221;2_3,1_3&#8243; use_custom_gutter=&#8221;on&#8221; gutter_width=&#8221;2&#8243; make_equal=&#8221;on&#8221; _builder_version=&#8221;4.27.4&#8243; _module_preset=&#8221;default&#8221; positioning=&#8221;none&#8221; position_origin_a=&#8221;center_center&#8221; position_origin_a_tablet=&#8221;center_center&#8221; position_origin_a_phone=&#8221;center_center&#8221; position_origin_a_last_edited=&#8221;on|phone&#8221; position_origin_f_tablet=&#8221;&#8221; position_origin_f_phone=&#8221;&#8221; position_origin_f_last_edited=&#8221;on|phone&#8221; position_origin_r_tablet=&#8221;&#8221; position_origin_r_phone=&#8221;&#8221; position_origin_r_last_edited=&#8221;on|phone&#8221; positioning_tablet=&#8221;none&#8221; positioning_phone=&#8221;none&#8221; positioning_last_edited=&#8221;on|phone&#8221; global_colors_info=&#8221;{}&#8221;][et_pb_column type=&#8221;2_3&#8243; _builder_version=&#8221;4.27.4&#8243; _module_preset=&#8221;default&#8221; global_colors_info=&#8221;{}&#8221;][et_pb_text admin_label=&#8221;Text&#8221; _builder_version=&#8221;4.27.4&#8243; text_font=&#8221;FolioStdBook||||||||&#8221; text_font_size=&#8221;30px&#8221; text_line_height=&#8221;1.1em&#8221; link_text_color=&#8221;#FFD11B&#8221; link_font_size=&#8221;30px&#8221; link_line_height=&#8221;1.3em&#8221; background_size=&#8221;initial&#8221; background_position=&#8221;top_left&#8221; background_repeat=&#8221;repeat&#8221; text_font_size_tablet=&#8221;25px&#8221; text_font_size_phone=&#8221;20px&#8221; text_font_size_last_edited=&#8221;on|desktop&#8221; text_line_height_phone=&#8221;1.2em&#8221; text_line_height_last_edited=&#8221;off|tablet&#8221; locked=&#8221;off&#8221; global_colors_info=&#8221;{}&#8221; link_text_color__hover_enabled=&#8221;on|hover&#8221; link_text_color__hover=&#8221;#005593&#8243;]<\/p>\n<p>Warm-Up amb DJ Wilson 54.<\/p>\n<p>[\/et_pb_text][et_pb_text admin_label=&#8221;Text&#8221; _builder_version=&#8221;4.27.4&#8243; text_font=&#8221;FolioStdBook||||||||&#8221; text_font_size=&#8221;20px&#8221; text_line_height=&#8221;1.1em&#8221; link_text_color=&#8221;#FFD11B&#8221; link_font_size=&#8221;30px&#8221; link_line_height=&#8221;1.3em&#8221; background_size=&#8221;initial&#8221; background_position=&#8221;top_left&#8221; background_repeat=&#8221;repeat&#8221; text_font_size_tablet=&#8221;18px&#8221; text_font_size_phone=&#8221;16px&#8221; text_font_size_last_edited=&#8221;on|phone&#8221; text_line_height_phone=&#8221;1.2em&#8221; text_line_height_last_edited=&#8221;off|tablet&#8221; locked=&#8221;off&#8221; global_colors_info=&#8221;{}&#8221; link_text_color__hover_enabled=&#8221;on|hover&#8221; link_text_color__hover=&#8221;#005593&#8243;]<\/p>\n<p>\ud83c\udfa7 DJ Wilson 54 \u2014 l&#8217;alter ego de Willy De Loren \u2014 ser\u00e0 l&#8217;encarregat d&#8217;encendre la pista en l&#8217;obertura del concert amb un warm up ple de groove, barrejant la seva faceta m\u00e9s disco amb grans \u00e8xits de tots els temps.<\/p>\n<p>Prepara&#8217;t per a ballar des del primer beat<span style=\"font-size: 20px;\">.<\/span><\/p>\n<p>[\/et_pb_text][et_pb_button button_url=&#8221;https:\/\/www.enterticket.es\/eventos\/boney-m-pam-2025-643523&#8243; url_new_window=&#8221;on&#8221; button_text=&#8221;SOLD OUT&#8221; _builder_version=&#8221;4.27.4&#8243; _module_preset=&#8221;default&#8221; custom_button=&#8221;on&#8221; button_text_color=&#8221;#FFD11B&#8221; button_border_radius=&#8221;0px&#8221; button_use_icon=&#8221;off&#8221; custom_padding=&#8221;20px|45px|20px|45px|true|true&#8221; custom_padding_tablet=&#8221;20px|45px|20px|45px|true|true&#8221; custom_padding_phone=&#8221;15px|40px|15px|40px|true|true&#8221; custom_padding_last_edited=&#8221;on|phone&#8221; hover_enabled=&#8221;0&#8243; locked=&#8221;off&#8221; global_colors_info=&#8221;{}&#8221; button_text_color__hover_enabled=&#8221;on|hover&#8221; button_text_color__hover=&#8221;#EF7A31&#8243; button_bg_color__hover_enabled=&#8221;on|hover&#8221; button_bg_color__hover=&#8221;#FFD11B&#8221; button_bg_enable_color__hover=&#8221;on&#8221; button_border_color__hover_enabled=&#8221;on|hover&#8221; button_border_color__hover=&#8221;#FFD11B&#8221; sticky_enabled=&#8221;0&#8243;][\/et_pb_button][\/et_pb_column][et_pb_column type=&#8221;1_3&#8243; _builder_version=&#8221;4.27.4&#8243; _module_preset=&#8221;default&#8221; background_video_mp4=&#8221;https:\/\/portadrianomusic.es\/wp-content\/uploads\/2025\/05\/BONEY-M.-story.mp4&#8243; global_colors_info=&#8221;{}&#8221;][et_pb_divider show_divider=&#8221;off&#8221; _builder_version=&#8221;4.27.4&#8243; _module_preset=&#8221;default&#8221; background_image=&#8221;https:\/\/portadrianomusic.es\/wp-content\/uploads\/2025\/08\/1000000031-scaled.jpg&#8221; height=&#8221;90vh&#8221; height_tablet=&#8221;100vh&#8221; height_phone=&#8221;60vh&#8221; height_last_edited=&#8221;on|desktop&#8221; max_height=&#8221;400px&#8221; locked=&#8221;off&#8221; global_colors_info=&#8221;{}&#8221;][\/et_pb_divider][\/et_pb_column][\/et_pb_row][\/et_pb_section]<\/p>\n","protected":false},"excerpt":{"rendered":"<p>BONEY M.FEAT MAIZIEWILLIAMS09.08.25PAM celebra una fita incre\u00efble, el 50\u00e8 aniversari de Boney M.!Port Adriano Music Festival t\u2019ofereix l\u2019oportunitat \u00fanica de celebrar l\u2019impacte, l\u2019alegria i el llegat cultural d\u2019un dels grups m\u00e9s ic\u00f2nics de la hist\u00f2ria del pop i la discoteca.Fa cinquanta anys, en el vibrant m\u00f3n dels anys setanta, Boney M va emergir amb un [&hellip;]<\/p>\n","protected":false},"author":1,"featured_media":0,"parent":0,"menu_order":0,"comment_status":"closed","ping_status":"closed","template":"","meta":{"_et_pb_use_builder":"on","_et_pb_old_content":"","_et_gb_content_width":"","inline_featured_image":false,"footnotes":""},"difl_page_category":[],"class_list":["post-2368","page","type-page","status-publish","hentry"],"_links":{"self":[{"href":"https:\/\/portadrianomusic.es\/ca\/wp-json\/wp\/v2\/pages\/2368","targetHints":{"allow":["GET"]}}],"collection":[{"href":"https:\/\/portadrianomusic.es\/ca\/wp-json\/wp\/v2\/pages"}],"about":[{"href":"https:\/\/portadrianomusic.es\/ca\/wp-json\/wp\/v2\/types\/page"}],"author":[{"embeddable":true,"href":"https:\/\/portadrianomusic.es\/ca\/wp-json\/wp\/v2\/users\/1"}],"replies":[{"embeddable":true,"href":"https:\/\/portadrianomusic.es\/ca\/wp-json\/wp\/v2\/comments?post=2368"}],"version-history":[{"count":7,"href":"https:\/\/portadrianomusic.es\/ca\/wp-json\/wp\/v2\/pages\/2368\/revisions"}],"predecessor-version":[{"id":3270,"href":"https:\/\/portadrianomusic.es\/ca\/wp-json\/wp\/v2\/pages\/2368\/revisions\/3270"}],"wp:attachment":[{"href":"https:\/\/portadrianomusic.es\/ca\/wp-json\/wp\/v2\/media?parent=2368"}],"wp:term":[{"taxonomy":"difl_page_category","embeddable":true,"href":"https:\/\/portadrianomusic.es\/ca\/wp-json\/wp\/v2\/difl_page_category?post=2368"}],"curies":[{"name":"wp","href":"https:\/\/api.w.org\/{rel}","templated":true}]}}