{"id":2377,"date":"2025-03-21T12:11:56","date_gmt":"2025-03-21T12:11:56","guid":{"rendered":"https:\/\/portadrianomusic.es\/condiciones-de-compra\/"},"modified":"2025-05-30T09:50:55","modified_gmt":"2025-05-30T09:50:55","slug":"condicions-de-compra","status":"publish","type":"page","link":"https:\/\/portadrianomusic.es\/ca\/condicions-de-compra\/","title":{"rendered":"Condicions de Compra"},"content":{"rendered":"<p>[et_pb_section fb_built=&#8221;1&#8243; _builder_version=&#8221;4.27.4&#8243; background_color=&#8221;#EF7A31&#8243; global_colors_info=&#8221;{}&#8221; da_is_popup=&#8221;off&#8221; da_exit_intent=&#8221;off&#8221; da_has_close=&#8221;on&#8221; da_alt_close=&#8221;off&#8221; da_dark_close=&#8221;off&#8221; da_not_modal=&#8221;on&#8221; da_is_singular=&#8221;off&#8221; da_with_loader=&#8221;off&#8221; da_has_shadow=&#8221;on&#8221; da_disable_devices=&#8221;off|off|off&#8221;][et_pb_row _builder_version=&#8221;4.27.4&#8243; _module_preset=&#8221;default&#8221; global_colors_info=&#8221;{}&#8221;][et_pb_column type=&#8221;4_4&#8243; _builder_version=&#8221;4.27.4&#8243; _module_preset=&#8221;default&#8221; global_colors_info=&#8221;{}&#8221;][et_pb_divider show_divider=&#8221;off&#8221; _builder_version=&#8221;4.27.4&#8243; _module_preset=&#8221;default&#8221; global_colors_info=&#8221;{}&#8221;][\/et_pb_divider][\/et_pb_column][\/et_pb_row][et_pb_row _builder_version=&#8221;4.16&#8243; background_size=&#8221;initial&#8221; background_position=&#8221;top_left&#8221; background_repeat=&#8221;repeat&#8221; global_colors_info=&#8221;{}&#8221;][et_pb_column type=&#8221;4_4&#8243; _builder_version=&#8221;4.16&#8243; custom_padding=&#8221;|||&#8221; global_colors_info=&#8221;{}&#8221; custom_padding__hover=&#8221;|||&#8221;][et_pb_text _builder_version=&#8221;4.27.4&#8243; _module_preset=&#8221;default&#8221; header_2_font=&#8221;FolioStdBook||||||||&#8221; header_2_font_size=&#8221;70px&#8221; custom_margin=&#8221;||30px|||&#8221; hover_enabled=&#8221;0&#8243; header_2_font_size_tablet=&#8221;50px&#8221; header_2_font_size_phone=&#8221;30px&#8221; header_2_font_size_last_edited=&#8221;on|tablet&#8221; locked=&#8221;off&#8221; global_colors_info=&#8221;{}&#8221; sticky_enabled=&#8221;0&#8243;]<\/p>\n<h2>Condicions Generals de Compra<\/h2>\n<p>[\/et_pb_text][et_pb_text admin_label=&#8221;Text&#8221; _builder_version=&#8221;4.27.4&#8243; text_font=&#8221;FolioStdBook||||||||&#8221; text_font_size=&#8221;20px&#8221; text_line_height=&#8221;1.2em&#8221; link_font=&#8221;||||on||||&#8221; link_text_color=&#8221;#FFD11B&#8221; background_size=&#8221;initial&#8221; background_position=&#8221;top_left&#8221; background_repeat=&#8221;repeat&#8221; hover_enabled=&#8221;0&#8243; text_font_size_tablet=&#8221;18px&#8221; text_font_size_phone=&#8221;16px&#8221; text_font_size_last_edited=&#8221;on|phone&#8221; text_line_height_phone=&#8221;1.2em&#8221; text_line_height_last_edited=&#8221;off|tablet&#8221; locked=&#8221;off&#8221; global_colors_info=&#8221;{}&#8221; link_text_color__hover_enabled=&#8221;on|hover&#8221; link_text_color__hover=&#8221;#005593&#8243; sticky_enabled=&#8221;0&#8243;]<\/p>\n<ul>\n<li style=\"font-weight: 400;\" aria-level=\"1\">L&#8217;organitzaci\u00f3 no garanteix l&#8217;autenticitat de l&#8217;entrada si no s&#8217;ha adquirit als punts oficials de venda.<\/li>\n<li style=\"font-weight: 400;\" aria-level=\"1\">Un cop adquirida l&#8217;entrada no s&#8217;admetran canvis ni devolucions de l&#8217;import.<\/li>\n<li style=\"font-weight: 400;\" aria-level=\"1\">No es restituir\u00e0 l&#8217;entrada en cas de p\u00e8rdua, deteriorament, robatori o destrucci\u00f3.<\/li>\n<li style=\"font-weight: 400;\" aria-level=\"1\">Les entrades adquirides amb descompte o tarifa especial hauran de justificar aquest dret mitjan\u00e7ant un document acreditatiu a l&#8217;acc\u00e9s al recinte. En cas de no presentar la justificaci\u00f3 corresponent no tindran validesa.<\/li>\n<li style=\"font-weight: 400;\" aria-level=\"1\">En accedir al recinte, el p\u00fablic podr\u00e0 ser sotm\u00e8s a un registre segons la llei. No est\u00e0 permesa l&#8217;entrada amb objectes que puguin ser considerats perillosos per l&#8217;organitzaci\u00f3. Es reserva el dret d&#8217;admissi\u00f3.<\/li>\n<li style=\"font-weight: 400;\" aria-level=\"1\">L&#8217;admissi\u00f3 queda supeditada al fet de disposar d&#8217;una entrada completa i en bones condicions. El posse\u00efdor de l&#8217;entrada perdr\u00e0 els seus drets en sortir del recinte. \u00c9s potestat de l&#8217;organitzaci\u00f3 permetre l&#8217;acc\u00e9s un cop comen\u00e7at l&#8217;espectacle.<\/li>\n<li style=\"font-weight: 400;\" aria-level=\"1\">L&#8217;organitzaci\u00f3 es reserva el dret d&#8217;alterar o modificar el programa de l&#8217;acte. En cas d&#8217;anul\u00b7laci\u00f3, es compromet a la devoluci\u00f3 de l&#8217;import de l&#8217;entrada.<\/li>\n<li style=\"font-weight: 400;\" aria-level=\"1\">Les reclamacions sobre la realitzaci\u00f3, alteraci\u00f3 o anul\u00b7laci\u00f3 de l&#8217;espectacle s&#8217;han de dirigir a l&#8217;organitzaci\u00f3 presentant l&#8217;entrada.<\/li>\n<li style=\"font-weight: 400;\" aria-level=\"1\">\u00c9s obligaci\u00f3 del client llegir les caracter\u00edstiques i particularitats de cada espectacle.<\/li>\n<\/ul>\n<p>Contemporanea Music Conciertos &amp; Festivales A.I.E CIF. V16660037.<br \/>C\/ Ram\u00f3n y Cajal, 20A, 1\u00baB 07011 Palma \u2013 Illes Balears (Espanya)<br \/>Contacte: Tickets@contemporaneamusic.com<\/p>\n<p>[\/et_pb_text][\/et_pb_column][\/et_pb_row][\/et_pb_section]<\/p>\n","protected":false},"excerpt":{"rendered":"<p>Condicions Generals de Compra L&#8217;organitzaci\u00f3 no garanteix l&#8217;autenticitat de l&#8217;entrada si no s&#8217;ha adquirit als punts oficials de venda. Un cop adquirida l&#8217;entrada no s&#8217;admetran canvis ni devolucions de l&#8217;import. No es restituir\u00e0 l&#8217;entrada en cas de p\u00e8rdua, deteriorament, robatori o destrucci\u00f3. Les entrades adquirides amb descompte o tarifa especial hauran de justificar aquest dret [&hellip;]<\/p>\n","protected":false},"author":1,"featured_media":0,"parent":0,"menu_order":0,"comment_status":"closed","ping_status":"closed","template":"","meta":{"_et_pb_use_builder":"on","_et_pb_old_content":"","_et_gb_content_width":"","inline_featured_image":false,"footnotes":""},"difl_page_category":[],"class_list":["post-2377","page","type-page","status-publish","hentry"],"_links":{"self":[{"href":"https:\/\/portadrianomusic.es\/ca\/wp-json\/wp\/v2\/pages\/2377","targetHints":{"allow":["GET"]}}],"collection":[{"href":"https:\/\/portadrianomusic.es\/ca\/wp-json\/wp\/v2\/pages"}],"about":[{"href":"https:\/\/portadrianomusic.es\/ca\/wp-json\/wp\/v2\/types\/page"}],"author":[{"embeddable":true,"href":"https:\/\/portadrianomusic.es\/ca\/wp-json\/wp\/v2\/users\/1"}],"replies":[{"embeddable":true,"href":"https:\/\/portadrianomusic.es\/ca\/wp-json\/wp\/v2\/comments?post=2377"}],"version-history":[{"count":2,"href":"https:\/\/portadrianomusic.es\/ca\/wp-json\/wp\/v2\/pages\/2377\/revisions"}],"predecessor-version":[{"id":2467,"href":"https:\/\/portadrianomusic.es\/ca\/wp-json\/wp\/v2\/pages\/2377\/revisions\/2467"}],"wp:attachment":[{"href":"https:\/\/portadrianomusic.es\/ca\/wp-json\/wp\/v2\/media?parent=2377"}],"wp:term":[{"taxonomy":"difl_page_category","embeddable":true,"href":"https:\/\/portadrianomusic.es\/ca\/wp-json\/wp\/v2\/difl_page_category?post=2377"}],"curies":[{"name":"wp","href":"https:\/\/api.w.org\/{rel}","templated":true}]}}