{"id":2386,"date":"2025-05-05T11:03:03","date_gmt":"2025-05-05T11:03:03","guid":{"rendered":"https:\/\/portadrianomusic.es\/festival-seguro\/"},"modified":"2025-05-30T10:47:28","modified_gmt":"2025-05-30T10:47:28","slug":"festival-segur","status":"publish","type":"page","link":"https:\/\/portadrianomusic.es\/ca\/festival-segur\/","title":{"rendered":"Festival Segur"},"content":{"rendered":"<p>[et_pb_section fb_built=&#8221;1&#8243; fullwidth=&#8221;on&#8221; _builder_version=&#8221;4.27.4&#8243; _module_preset=&#8221;default&#8221; background_color=&#8221;#005593&#8243; background_image=&#8221;https:\/\/portadrianomusic.es\/wp-content\/uploads\/2025\/05\/PAM-6.jpeg&#8221; custom_padding=&#8221;||||false|false&#8221; da_disable_devices=&#8221;off|off|off&#8221; global_colors_info=&#8221;{}&#8221; da_is_popup=&#8221;off&#8221; da_exit_intent=&#8221;off&#8221; da_has_close=&#8221;on&#8221; da_alt_close=&#8221;off&#8221; da_dark_close=&#8221;off&#8221; da_not_modal=&#8221;on&#8221; da_is_singular=&#8221;off&#8221; da_with_loader=&#8221;off&#8221; da_has_shadow=&#8221;on&#8221;][et_pb_fullwidth_header title=&#8221;Port Adriano, primer port de Mallorca en obtenir el Certificat \u201cSAFE TOURISM\u201d&#8221; _builder_version=&#8221;4.27.4&#8243; _module_preset=&#8221;default&#8221; title_text_align=&#8221;left&#8221; title_text_color=&#8221;#FFD11B&#8221; title_font_size=&#8221;70px&#8221; title_line_height=&#8221;1.1em&#8221; background_color=&#8221;RGBA(255,255,255,0)&#8221; background_image=&#8221;https:\/\/portadrianomusic.es\/wp-content\/uploads\/2025\/05\/Top_Img_2.svg&#8221; height=&#8221;100vh&#8221; height_tablet=&#8221;auto&#8221; height_phone=&#8221;auto&#8221; height_last_edited=&#8221;on|phone&#8221; custom_padding=&#8221;40vh||||false|false&#8221; custom_padding_tablet=&#8221;30vh||||false|false&#8221; custom_padding_phone=&#8221;20vh||||false|false&#8221; custom_padding_last_edited=&#8221;on|phone&#8221; hover_enabled=&#8221;0&#8243; title_font_size_tablet=&#8221;50px&#8221; title_font_size_phone=&#8221;30px&#8221; title_font_size_last_edited=&#8221;on|phone&#8221; global_colors_info=&#8221;{}&#8221; sticky_enabled=&#8221;0&#8243;][\/et_pb_fullwidth_header][\/et_pb_section][et_pb_section fb_built=&#8221;1&#8243; _builder_version=&#8221;4.27.4&#8243; _module_preset=&#8221;default&#8221; background_color=&#8221;#EF7A31&#8243; background_image=&#8221;https:\/\/portadrianomusic.es\/wp-content\/uploads\/2025\/04\/PAM_Letras.svg&#8221; background_position=&#8221;center_left&#8221; background_horizontal_offset=&#8221;58%&#8221; height=&#8221;100vh&#8221; height_tablet=&#8221;auto&#8221; height_phone=&#8221;auto&#8221; height_last_edited=&#8221;on|phone&#8221; custom_padding=&#8221;||||false|false&#8221; da_disable_devices=&#8221;off|off|off&#8221; global_colors_info=&#8221;{}&#8221; da_is_popup=&#8221;off&#8221; da_exit_intent=&#8221;off&#8221; da_has_close=&#8221;on&#8221; da_alt_close=&#8221;off&#8221; da_dark_close=&#8221;off&#8221; da_not_modal=&#8221;on&#8221; da_is_singular=&#8221;off&#8221; da_with_loader=&#8221;off&#8221; da_has_shadow=&#8221;on&#8221;][et_pb_row use_custom_gutter=&#8221;on&#8221; gutter_width=&#8221;2&#8243; make_equal=&#8221;on&#8221; _builder_version=&#8221;4.27.4&#8243; _module_preset=&#8221;default&#8221; positioning=&#8221;none&#8221; position_origin_a=&#8221;center_center&#8221; position_origin_a_tablet=&#8221;center_center&#8221; position_origin_a_phone=&#8221;center_center&#8221; position_origin_a_last_edited=&#8221;on|phone&#8221; position_origin_f_tablet=&#8221;&#8221; position_origin_f_phone=&#8221;&#8221; position_origin_f_last_edited=&#8221;on|phone&#8221; position_origin_r_tablet=&#8221;&#8221; position_origin_r_phone=&#8221;&#8221; position_origin_r_last_edited=&#8221;on|phone&#8221; positioning_tablet=&#8221;none&#8221; positioning_phone=&#8221;none&#8221; positioning_last_edited=&#8221;on|phone&#8221; global_colors_info=&#8221;{}&#8221;][et_pb_column type=&#8221;4_4&#8243; _builder_version=&#8221;4.27.4&#8243; _module_preset=&#8221;default&#8221; global_colors_info=&#8221;{}&#8221;][et_pb_text admin_label=&#8221;Text&#8221; _builder_version=&#8221;4.27.4&#8243; text_font=&#8221;FolioStdBook||||||||&#8221; text_font_size=&#8221;30px&#8221; text_line_height=&#8221;1.1em&#8221; link_text_color=&#8221;#FFD11B&#8221; link_font_size=&#8221;30px&#8221; link_line_height=&#8221;1.3em&#8221; background_size=&#8221;initial&#8221; background_position=&#8221;top_left&#8221; background_repeat=&#8221;repeat&#8221; hover_enabled=&#8221;0&#8243; text_font_size_tablet=&#8221;25px&#8221; text_font_size_phone=&#8221;20px&#8221; text_font_size_last_edited=&#8221;on|desktop&#8221; text_line_height_phone=&#8221;1.2em&#8221; text_line_height_last_edited=&#8221;off|tablet&#8221; locked=&#8221;off&#8221; global_colors_info=&#8221;{}&#8221; link_text_color__hover_enabled=&#8221;on|hover&#8221; link_text_color__hover=&#8221;#005593&#8243; sticky_enabled=&#8221;0&#8243;]<\/p>\n<p>Port Adriano ha obtingut el certificat \u201cSAFE TOURISM\u201d, un segell impulsat per l\u2019Institut per a la Qualitat Tur\u00edstica Espanyola (ICTE), que \u00e9s una marca de garantia i certificaci\u00f3 de la correcta implantaci\u00f3 de mesures de seguretat per a la salut davant la COVID-19.<\/p>\n<p>Per obtenir aquest certificat, Port Adriano ha hagut d\u2019adaptar els seus protocols a les directrius de la norma espanyola \u201cUNE 0066-15 Mesures per a la reducci\u00f3 del contagi pel coronavirus SARS-CoV-2\u201d espec\u00edfica per a \u201cInstal\u00b7lacions n\u00e0utic-esportives i activitats n\u00e0utiques.\u201d<\/p>\n<p>L\u2019empresa independent SGS, l\u00edder mundial en inspecci\u00f3, verificaci\u00f3, an\u00e0lisi i certificaci\u00f3, ha estat l\u2019encarregada de realitzar l\u2019auditoria que comprova que es compleixen les especificacions establertes a la Norma.<br \/>\u201cSafe Tourism\u201d transmet el concepte de turisme segur certificat, i mostra que Port Adriano \u00e9s una entitat compromesa que ajuda a crear un entorn segur i adaptat a la nova realitat social. S\u2019han dut a terme moltes accions per complir la normativa, com modificar o crear protocols de seguretat i higiene dels diferents departaments, el control d\u2019accessos i limitaci\u00f3 d\u2019aforament als espais cr\u00edtics, la formaci\u00f3 espec\u00edfica interna sobre COVID-19 i \u00fas d\u2019EPI, l\u2019augment de la freq\u00fc\u00e8ncia de neteja de les zones comunes, la implantaci\u00f3 de senyal\u00e8tica, control d\u2019aforaments, etc.<\/p>\n<p><a href=\"https:\/\/www.calidadturistica.es\/\" target=\"_blank\" rel=\"noopener\"><strong>ICTE: Institut per a la Qualitat Tur\u00edstica Espanyola (ICTE).<\/strong><\/a> \u00c9s una entitat de Certificaci\u00f3 de Sistemes de Qualitat especialment creada per a empreses tur\u00edstiques. \u00c9s un organisme espanyol, privat, independent, sense \u00e0nim de lucre i reconegut a tot l\u2019\u00e0mbit nacional.<\/p>\n<p>[\/et_pb_text][\/et_pb_column][\/et_pb_row][\/et_pb_section]<\/p>\n","protected":false},"excerpt":{"rendered":"<p>Port Adriano ha obtingut el certificat \u201cSAFE TOURISM\u201d, un segell impulsat per l\u2019Institut per a la Qualitat Tur\u00edstica Espanyola (ICTE), que \u00e9s una marca de garantia i certificaci\u00f3 de la correcta implantaci\u00f3 de mesures de seguretat per a la salut davant la COVID-19. Per obtenir aquest certificat, Port Adriano ha hagut d\u2019adaptar els seus protocols [&hellip;]<\/p>\n","protected":false},"author":1,"featured_media":0,"parent":0,"menu_order":0,"comment_status":"closed","ping_status":"closed","template":"","meta":{"_et_pb_use_builder":"on","_et_pb_old_content":"","_et_gb_content_width":"","inline_featured_image":false,"footnotes":""},"difl_page_category":[],"class_list":["post-2386","page","type-page","status-publish","hentry"],"_links":{"self":[{"href":"https:\/\/portadrianomusic.es\/ca\/wp-json\/wp\/v2\/pages\/2386","targetHints":{"allow":["GET"]}}],"collection":[{"href":"https:\/\/portadrianomusic.es\/ca\/wp-json\/wp\/v2\/pages"}],"about":[{"href":"https:\/\/portadrianomusic.es\/ca\/wp-json\/wp\/v2\/types\/page"}],"author":[{"embeddable":true,"href":"https:\/\/portadrianomusic.es\/ca\/wp-json\/wp\/v2\/users\/1"}],"replies":[{"embeddable":true,"href":"https:\/\/portadrianomusic.es\/ca\/wp-json\/wp\/v2\/comments?post=2386"}],"version-history":[{"count":2,"href":"https:\/\/portadrianomusic.es\/ca\/wp-json\/wp\/v2\/pages\/2386\/revisions"}],"predecessor-version":[{"id":2515,"href":"https:\/\/portadrianomusic.es\/ca\/wp-json\/wp\/v2\/pages\/2386\/revisions\/2515"}],"wp:attachment":[{"href":"https:\/\/portadrianomusic.es\/ca\/wp-json\/wp\/v2\/media?parent=2386"}],"wp:term":[{"taxonomy":"difl_page_category","embeddable":true,"href":"https:\/\/portadrianomusic.es\/ca\/wp-json\/wp\/v2\/difl_page_category?post=2386"}],"curies":[{"name":"wp","href":"https:\/\/api.w.org\/{rel}","templated":true}]}}