{"id":2392,"date":"2025-04-30T13:10:22","date_gmt":"2025-04-30T13:10:22","guid":{"rendered":"https:\/\/portadrianomusic.es\/la-marina-de-stark\/"},"modified":"2025-05-30T11:35:47","modified_gmt":"2025-05-30T11:35:47","slug":"la-marina-de-stark","status":"publish","type":"page","link":"https:\/\/portadrianomusic.es\/ca\/la-marina-de-stark\/","title":{"rendered":"La Marina de Stark"},"content":{"rendered":"<p>[et_pb_section fb_built=&#8221;1&#8243; _builder_version=&#8221;4.27.4&#8243; _module_preset=&#8221;default&#8221; background_image=&#8221;https:\/\/portadrianomusic.es\/wp-content\/uploads\/2025\/05\/ms-1.jpeg&#8221; da_disable_devices=&#8221;off|off|off&#8221; locked=&#8221;off&#8221; global_colors_info=&#8221;{}&#8221; da_is_popup=&#8221;off&#8221; da_exit_intent=&#8221;off&#8221; da_has_close=&#8221;on&#8221; da_alt_close=&#8221;off&#8221; da_dark_close=&#8221;off&#8221; da_not_modal=&#8221;on&#8221; da_is_singular=&#8221;off&#8221; da_with_loader=&#8221;off&#8221; da_has_shadow=&#8221;on&#8221;][et_pb_row _builder_version=&#8221;4.27.4&#8243; _module_preset=&#8221;default&#8221; global_colors_info=&#8221;{}&#8221;][et_pb_column type=&#8221;4_4&#8243; _builder_version=&#8221;4.27.4&#8243; _module_preset=&#8221;default&#8221; global_colors_info=&#8221;{}&#8221;][\/et_pb_column][\/et_pb_row][\/et_pb_section][et_pb_section fb_built=&#8221;1&#8243; _builder_version=&#8221;4.27.4&#8243; _module_preset=&#8221;default&#8221; background_color=&#8221;#EF7A31&#8243; custom_padding=&#8221;||||false|false&#8221; da_disable_devices=&#8221;off|off|off&#8221; global_colors_info=&#8221;{}&#8221; da_is_popup=&#8221;off&#8221; da_exit_intent=&#8221;off&#8221; da_has_close=&#8221;on&#8221; da_alt_close=&#8221;off&#8221; da_dark_close=&#8221;off&#8221; da_not_modal=&#8221;on&#8221; da_is_singular=&#8221;off&#8221; da_with_loader=&#8221;off&#8221; da_has_shadow=&#8221;on&#8221;][et_pb_row admin_label=&#8221;row&#8221; _builder_version=&#8221;4.27.4&#8243; background_size=&#8221;initial&#8221; background_position=&#8221;top_left&#8221; background_repeat=&#8221;repeat&#8221; positioning=&#8221;none&#8221; position_origin_a=&#8221;center_center&#8221; locked=&#8221;off&#8221; global_colors_info=&#8221;{}&#8221;][et_pb_column type=&#8221;4_4&#8243; _builder_version=&#8221;4.16&#8243; custom_padding=&#8221;|||&#8221; global_colors_info=&#8221;{}&#8221; custom_padding__hover=&#8221;|||&#8221;][et_pb_text _builder_version=&#8221;4.27.4&#8243; _module_preset=&#8221;default&#8221; header_2_font=&#8221;FolioStdBook||||||||&#8221; header_2_font_size=&#8221;70px&#8221; custom_margin=&#8221;||30px|||&#8221; hover_enabled=&#8221;0&#8243; header_2_font_size_tablet=&#8221;50px&#8221; header_2_font_size_phone=&#8221;30px&#8221; header_2_font_size_last_edited=&#8221;on|tablet&#8221; global_colors_info=&#8221;{}&#8221; sticky_enabled=&#8221;0&#8243;]<\/p>\n<div class=\"elementor-element elementor-element-29a1d445 elementor-widget elementor-widget-heading\" data-id=\"29a1d445\" data-element_type=\"widget\" data-widget_type=\"heading.default\">\n<div class=\"elementor-widget-container\">\n<h2 class=\"elementor-heading-title elementor-size-default\">Port Adriano, la marina dissenyada per Philippe Starck<\/h2>\n<\/div>\n<\/div>\n<p>[\/et_pb_text][\/et_pb_column][\/et_pb_row][et_pb_row column_structure=&#8221;1_2,1_2&#8243; admin_label=&#8221;row&#8221; _builder_version=&#8221;4.27.4&#8243; background_size=&#8221;initial&#8221; background_position=&#8221;top_left&#8221; background_repeat=&#8221;repeat&#8221; positioning=&#8221;none&#8221; position_origin_a=&#8221;center_center&#8221; locked=&#8221;off&#8221; global_colors_info=&#8221;{}&#8221;][et_pb_column type=&#8221;1_2&#8243; _builder_version=&#8221;4.16&#8243; custom_padding=&#8221;|||&#8221; global_colors_info=&#8221;{}&#8221; custom_padding__hover=&#8221;|||&#8221;][et_pb_text _builder_version=&#8221;4.27.4&#8243; _module_preset=&#8221;default&#8221; header_2_font=&#8221;FolioStdBook||||||||&#8221; header_2_font_size=&#8221;70px&#8221; custom_margin=&#8221;||30px|||&#8221; hover_enabled=&#8221;0&#8243; header_2_font_size_tablet=&#8221;50px&#8221; header_2_font_size_phone=&#8221;30px&#8221; header_2_font_size_last_edited=&#8221;on|tablet&#8221; global_colors_info=&#8221;{}&#8221; sticky_enabled=&#8221;0&#8243;]<\/p>\n<div class=\"elementor-element elementor-element-29a1d445 elementor-widget elementor-widget-heading\" data-id=\"29a1d445\" data-element_type=\"widget\" data-widget_type=\"heading.default\">\n<div class=\"elementor-widget-container\">\n<h2 class=\"elementor-heading-title elementor-size-default\">visita obligada a un espai privilegiat <br \/>de Mallorca<\/h2>\n<\/div>\n<\/div>\n<p>[\/et_pb_text][et_pb_text admin_label=&#8221;Text&#8221; _builder_version=&#8221;4.27.4&#8243; text_font=&#8221;FolioStdBook||||||||&#8221; text_font_size=&#8221;30px&#8221; text_line_height=&#8221;1.2em&#8221; background_size=&#8221;initial&#8221; background_position=&#8221;top_left&#8221; background_repeat=&#8221;repeat&#8221; hover_enabled=&#8221;0&#8243; text_font_size_tablet=&#8221;25px&#8221; text_font_size_phone=&#8221;20px&#8221; text_font_size_last_edited=&#8221;on|desktop&#8221; text_line_height_phone=&#8221;1.2em&#8221; text_line_height_last_edited=&#8221;off|tablet&#8221; global_colors_info=&#8221;{}&#8221; sticky_enabled=&#8221;0&#8243;]<\/p>\n<p>Port Adriano \u00e9s un dels ports m\u00e9s moderns de la Mediterr\u00e0nia, amb una base excepcional per a iots de mida petita, mitjana i gran.<\/p>\n<p>Un espai \u00fanic on trobar una gran oferta d\u2019oci i gastron\u00f2mica.<\/p>\n<\/p>\n<p>[\/et_pb_text][\/et_pb_column][et_pb_column type=&#8221;1_2&#8243; _builder_version=&#8221;4.16&#8243; custom_padding=&#8221;|||&#8221; global_colors_info=&#8221;{}&#8221; custom_padding__hover=&#8221;|||&#8221;][difl_imagecarousel item_desktop=&#8221;1&#8243; item_tablet=&#8221;1&#8243; item_spacing=&#8221;0px&#8221; loop=&#8221;on&#8221; arrow=&#8221;on&#8221; ic_equal_height=&#8221;on&#8221; ic_full_width=&#8221;on&#8221; arrow_color=&#8221;#FFD11B&#8221; arrow_background=&#8221;#EF7A31&#8243; _builder_version=&#8221;4.27.4&#8243; _module_preset=&#8221;default&#8221; locked=&#8221;off&#8221; global_colors_info=&#8221;{}&#8221;][difl_imagecarouselitem image=&#8221;https:\/\/portadrianomusic.es\/wp-content\/uploads\/2025\/05\/ms-1.jpeg&#8221; ic_button_button_url_new_window=&#8221;1&#8243; _builder_version=&#8221;4.27.4&#8243; _module_preset=&#8221;default&#8221; global_colors_info=&#8221;{}&#8221;][\/difl_imagecarouselitem][difl_imagecarouselitem image=&#8221;https:\/\/portadrianomusic.es\/wp-content\/uploads\/2025\/05\/ms-2.jpeg&#8221; ic_button_button_url_new_window=&#8221;1&#8243; _builder_version=&#8221;4.27.4&#8243; _module_preset=&#8221;default&#8221; global_colors_info=&#8221;{}&#8221;][\/difl_imagecarouselitem][difl_imagecarouselitem image=&#8221;https:\/\/portadrianomusic.es\/wp-content\/uploads\/2025\/05\/ms-3.jpeg&#8221; ic_button_button_url_new_window=&#8221;1&#8243; _builder_version=&#8221;4.27.4&#8243; _module_preset=&#8221;default&#8221; global_colors_info=&#8221;{}&#8221;][\/difl_imagecarouselitem][difl_imagecarouselitem image=&#8221;https:\/\/portadrianomusic.es\/wp-content\/uploads\/2025\/05\/ms-4.jpeg&#8221; ic_button_button_url_new_window=&#8221;1&#8243; _builder_version=&#8221;4.27.4&#8243; _module_preset=&#8221;default&#8221; global_colors_info=&#8221;{}&#8221;][\/difl_imagecarouselitem][difl_imagecarouselitem image=&#8221;https:\/\/portadrianomusic.es\/wp-content\/uploads\/2025\/05\/ms-5.jpeg&#8221; ic_button_button_url_new_window=&#8221;1&#8243; _builder_version=&#8221;4.27.4&#8243; _module_preset=&#8221;default&#8221; global_colors_info=&#8221;{}&#8221;][\/difl_imagecarouselitem][\/difl_imagecarousel][\/et_pb_column][\/et_pb_row][et_pb_row admin_label=&#8221;row&#8221; _builder_version=&#8221;4.27.4&#8243; background_size=&#8221;initial&#8221; background_position=&#8221;top_left&#8221; background_repeat=&#8221;repeat&#8221; positioning=&#8221;none&#8221; position_origin_a=&#8221;center_center&#8221; custom_padding=&#8221;0px||80px|||&#8221; locked=&#8221;off&#8221; global_colors_info=&#8221;{}&#8221;][et_pb_column type=&#8221;4_4&#8243; _builder_version=&#8221;4.16&#8243; custom_padding=&#8221;|||&#8221; global_colors_info=&#8221;{}&#8221; custom_padding__hover=&#8221;|||&#8221;][et_pb_text admin_label=&#8221;Text&#8221; _builder_version=&#8221;4.27.4&#8243; text_font=&#8221;FolioStdBook||||||||&#8221; text_font_size=&#8221;30px&#8221; text_line_height=&#8221;1.2em&#8221; link_text_color=&#8221;#FFD11B&#8221; ul_line_height=&#8221;1.1em&#8221; ol_line_height=&#8221;1.1em&#8221; background_size=&#8221;initial&#8221; background_position=&#8221;top_left&#8221; background_repeat=&#8221;repeat&#8221; hover_enabled=&#8221;0&#8243; text_font_size_tablet=&#8221;25px&#8221; text_font_size_phone=&#8221;20px&#8221; text_font_size_last_edited=&#8221;on|desktop&#8221; text_line_height_phone=&#8221;1.2em&#8221; text_line_height_last_edited=&#8221;off|tablet&#8221; global_colors_info=&#8221;{}&#8221; link_text_color__hover_enabled=&#8221;on|hover&#8221; link_text_color__hover=&#8221;#005593&#8243; sticky_enabled=&#8221;0&#8243;]<\/p>\n<p>A la meravellosa badia de Calvi\u00e0, Mallorca, es troba Port Adriano, la marina dissenyada per Philippe Starck. A nom\u00e9s 20 quil\u00f2metres de la ciutat de Palma, Port Adriano ofereix una experi\u00e8ncia sorprenent gr\u00e0cies al seu concepte revolucionari en instal\u00b7lacions i tecnologia. A m\u00e9s de ser una parada obligat\u00f2ria en l\u2019oferta d\u2019oci de l\u2019illa per la seva atractiva agenda d\u2019esdeveniments al llarg de l\u2019any, s\u2019ha convertit en un referent dins del sector dels ports esportius.<\/p>\n<p><strong>Disseny i innovaci\u00f3 com a pilars fonamentals de Port Adriano<\/strong><\/p>\n<p>Creat l\u2019any 1974, Port Adriano va ser ampliat el 2012 pel reconegut arquitecte franc\u00e8s Philippe Starck, convertint-se aix\u00ed en la marina m\u00e9s moderna de la Mediterr\u00e0nia. La seva situaci\u00f3 estrat\u00e8gica a la costa sud-oest de Mallorca i el seu equipament innovador fan de Port Adriano un port de refer\u00e8ncia per als armadors m\u00e9s exigents, ja que \u00e9s una de les poques marines capaces d\u2019allotjar iots de fins a 100 metres d\u2019eslora. L\u2019any passat es va remodelar el pas que uneix les dues zones comercials amb un ample i agradable passeig al costat de les embarcacions.<\/p>\n<p><strong>Una excel\u00b7lent agenda d\u2019esdeveniments i activitats l\u00fadiques<\/strong><\/p>\n<p>Durant tot l\u2019any, Port Adriano ofereix una agenda d\u2019esdeveniments molt diversa i per a tots els p\u00fablics, pensada per al gaudi dels residents de l\u2019illa, les tripulacions i els milers de turistes que viatgen a Mallorca en cerca del millor oci de qualitat, en un entorn id\u00edl\u00b7lic.<\/p>\n<p>Els seus m\u00e9s de 3.000 m\u00b2 han estat ja l\u2019escenari privilegiat de grans concerts nacionals i internacionals, esdeveniments esportius, concursos i diferents activitats per a tots els p\u00fablics.<\/p>\n<p>Port Adriano continua situant-se com un dels espais d\u2019oci m\u00e9s destacats de l\u2019illa, realitzant esdeveniments tan reeixits i consolidats com el Port Adriano Music Festival, Festivals de Menjar al Carrer, Masterclass de Ioga, Regates, Aftersun Market o la Mallorca Classic Week, entre altres.<\/p>\n<p>A m\u00e9s, Port Adriano ofereix una gran varietat de restaurants de primer nivell que combinen una \u00e0mplia oferta gastron\u00f2mica per a tots els gustos i tipus de visitants. Complementant les activitats en torn al menjar, destaca el Street Food Festival.<\/p>\n<p><strong>Instal\u00b7lacions vers\u00e0tils<\/strong><\/p>\n<p>Qualitat, innovaci\u00f3 i tecnologia s\u00f3n caracter\u00edstiques que defineixen a la perfecci\u00f3 les instal\u00b7lacions de Port Adriano, creades per cobrir les necessitats de les tripulacions, passatgers i visitants.<\/p>\n<p>Una gran varietat de serveis amb l\u2019excel\u00b7l\u00e8ncia que sempre persegueix Port Adriano.<\/p>\n<ul>\n<li>Zona comercial amb boutiques i restaurants de diferents ambients.<\/li>\n<li>\u00daltimes tecnologies aplicades a la marina.<\/li>\n<li>Gimn\u00e0s per a la tripulaci\u00f3 i els clients.<\/li>\n<li>Servei de repostatge de combustible al punt d\u2019amarratge.<\/li>\n<li>Serveis b\u00e0sics: banc, supermercat i subministrament d\u2019iots.<\/li>\n<li>Escola de busseig.<\/li>\n<li>Escola de vela.<\/li>\n<li>Servei de llan\u00e7adora per a la tripulaci\u00f3.<\/li>\n<li>Varador t\u00e8cnic per a la reparaci\u00f3 d\u2019embarcacions.<\/li>\n<li>Local per a la celebraci\u00f3 d\u2019esdeveniments n\u00e0utics, esportius, corporatius o de moda.<\/li>\n<\/ul>\n<p>[\/et_pb_text][et_pb_button button_url=&#8221;https:\/\/www.portadriano.com\/&#8221; url_new_window=&#8221;on&#8221; button_text=&#8221;PORT ADRIANO&#8221; _builder_version=&#8221;4.27.4&#8243; _module_preset=&#8221;default&#8221; custom_button=&#8221;on&#8221; button_text_color=&#8221;#FFD11B&#8221; button_border_radius=&#8221;0px&#8221; button_use_icon=&#8221;off&#8221; custom_padding=&#8221;20px|45px|20px|45px|true|true&#8221; custom_padding_tablet=&#8221;20px|45px|20px|45px|true|true&#8221; custom_padding_phone=&#8221;15px|40px|15px|40px|true|true&#8221; custom_padding_last_edited=&#8221;on|phone&#8221; locked=&#8221;off&#8221; global_colors_info=&#8221;{}&#8221; button_text_color__hover_enabled=&#8221;on|hover&#8221; button_text_color__hover=&#8221;#EF7A31&#8243; button_bg_color__hover_enabled=&#8221;on|hover&#8221; button_bg_color__hover=&#8221;#FFD11B&#8221; button_bg_enable_color__hover=&#8221;on&#8221; button_border_color__hover_enabled=&#8221;on|hover&#8221; button_border_color__hover=&#8221;#FFD11B&#8221;][\/et_pb_button][\/et_pb_column][\/et_pb_row][\/et_pb_section]<\/p>\n","protected":false},"excerpt":{"rendered":"<p>Port Adriano, la marina dissenyada per Philippe Starck visita obligada a un espai privilegiat de Mallorca Port Adriano \u00e9s un dels ports m\u00e9s moderns de la Mediterr\u00e0nia, amb una base excepcional per a iots de mida petita, mitjana i gran. Un espai \u00fanic on trobar una gran oferta d\u2019oci i gastron\u00f2mica. <div class=\"et_pb_module difl_imagecarousel difl_imagecarousel_0\">\n\t\t\t\t\n\t\t\t\t\n\t\t\t\t\n\t\t\t\t\n\t\t\t\t\n\t\t\t\t\n\t\t\t\t<div class=\"et_pb_module_inner\">\n\t\t\t\t\t<h2 style=\"background:#eee; padding: 10px 20px;\">Please <strong>Add New Image Item.<\/strong><\/h2>\n\t\t\t\t<\/div>\n\t\t\t<\/div><\/p>\n","protected":false},"author":1,"featured_media":0,"parent":0,"menu_order":0,"comment_status":"closed","ping_status":"closed","template":"","meta":{"_et_pb_use_builder":"on","_et_pb_old_content":"","_et_gb_content_width":"","inline_featured_image":false,"footnotes":""},"difl_page_category":[],"class_list":["post-2392","page","type-page","status-publish","hentry"],"_links":{"self":[{"href":"https:\/\/portadrianomusic.es\/ca\/wp-json\/wp\/v2\/pages\/2392","targetHints":{"allow":["GET"]}}],"collection":[{"href":"https:\/\/portadrianomusic.es\/ca\/wp-json\/wp\/v2\/pages"}],"about":[{"href":"https:\/\/portadrianomusic.es\/ca\/wp-json\/wp\/v2\/types\/page"}],"author":[{"embeddable":true,"href":"https:\/\/portadrianomusic.es\/ca\/wp-json\/wp\/v2\/users\/1"}],"replies":[{"embeddable":true,"href":"https:\/\/portadrianomusic.es\/ca\/wp-json\/wp\/v2\/comments?post=2392"}],"version-history":[{"count":1,"href":"https:\/\/portadrianomusic.es\/ca\/wp-json\/wp\/v2\/pages\/2392\/revisions"}],"predecessor-version":[{"id":2527,"href":"https:\/\/portadrianomusic.es\/ca\/wp-json\/wp\/v2\/pages\/2392\/revisions\/2527"}],"wp:attachment":[{"href":"https:\/\/portadrianomusic.es\/ca\/wp-json\/wp\/v2\/media?parent=2392"}],"wp:term":[{"taxonomy":"difl_page_category","embeddable":true,"href":"https:\/\/portadrianomusic.es\/ca\/wp-json\/wp\/v2\/difl_page_category?post=2392"}],"curies":[{"name":"wp","href":"https:\/\/api.w.org\/{rel}","templated":true}]}}