{"id":2401,"date":"2025-04-30T07:43:43","date_gmt":"2025-04-30T07:43:43","guid":{"rendered":"https:\/\/portadrianomusic.es\/politica-de-cookies\/"},"modified":"2025-05-30T11:57:00","modified_gmt":"2025-05-30T11:57:00","slug":"politica-de-cookies","status":"publish","type":"page","link":"https:\/\/portadrianomusic.es\/ca\/politica-de-cookies\/","title":{"rendered":"Pol\u00edtica de Cookies"},"content":{"rendered":"<p>[et_pb_section fb_built=&#8221;1&#8243; _builder_version=&#8221;4.27.4&#8243; background_color=&#8221;#EF7A31&#8243; global_colors_info=&#8221;{}&#8221; da_is_popup=&#8221;off&#8221; da_exit_intent=&#8221;off&#8221; da_has_close=&#8221;on&#8221; da_alt_close=&#8221;off&#8221; da_dark_close=&#8221;off&#8221; da_not_modal=&#8221;on&#8221; da_is_singular=&#8221;off&#8221; da_with_loader=&#8221;off&#8221; da_has_shadow=&#8221;on&#8221; da_disable_devices=&#8221;off|off|off&#8221;][et_pb_row _builder_version=&#8221;4.27.4&#8243; _module_preset=&#8221;default&#8221; global_colors_info=&#8221;{}&#8221;][et_pb_column type=&#8221;4_4&#8243; _builder_version=&#8221;4.27.4&#8243; _module_preset=&#8221;default&#8221; global_colors_info=&#8221;{}&#8221;][et_pb_divider show_divider=&#8221;off&#8221; _builder_version=&#8221;4.27.4&#8243; _module_preset=&#8221;default&#8221; global_colors_info=&#8221;{}&#8221;][\/et_pb_divider][\/et_pb_column][\/et_pb_row][et_pb_row _builder_version=&#8221;4.16&#8243; background_size=&#8221;initial&#8221; background_position=&#8221;top_left&#8221; background_repeat=&#8221;repeat&#8221; global_colors_info=&#8221;{}&#8221;][et_pb_column type=&#8221;4_4&#8243; _builder_version=&#8221;4.16&#8243; custom_padding=&#8221;|||&#8221; global_colors_info=&#8221;{}&#8221; custom_padding__hover=&#8221;|||&#8221;][et_pb_text _builder_version=&#8221;4.27.4&#8243; _module_preset=&#8221;default&#8221; header_2_font=&#8221;FolioStdBook||||||||&#8221; header_2_font_size=&#8221;70px&#8221; custom_margin=&#8221;||30px|||&#8221; header_2_font_size_tablet=&#8221;50px&#8221; header_2_font_size_phone=&#8221;30px&#8221; header_2_font_size_last_edited=&#8221;on|tablet&#8221; locked=&#8221;off&#8221; global_colors_info=&#8221;{}&#8221;]<\/p>\n<h2>Pol\u00edtica de Cookies<\/h2>\n<p>[\/et_pb_text][et_pb_text admin_label=&#8221;Text&#8221; _builder_version=&#8221;4.27.4&#8243; text_font=&#8221;FolioStdBook||||||||&#8221; text_font_size=&#8221;20px&#8221; text_line_height=&#8221;1.2em&#8221; link_font=&#8221;||||on||||&#8221; link_text_color=&#8221;#FFD11B&#8221; background_size=&#8221;initial&#8221; background_position=&#8221;top_left&#8221; background_repeat=&#8221;repeat&#8221; hover_enabled=&#8221;0&#8243; text_font_size_tablet=&#8221;18px&#8221; text_font_size_phone=&#8221;16px&#8221; text_font_size_last_edited=&#8221;on|phone&#8221; text_line_height_phone=&#8221;1.2em&#8221; text_line_height_last_edited=&#8221;off|tablet&#8221; locked=&#8221;off&#8221; global_colors_info=&#8221;{}&#8221; link_text_color__hover_enabled=&#8221;on|hover&#8221; link_text_color__hover=&#8221;#005593&#8243; sticky_enabled=&#8221;0&#8243;]<\/p>\n<p>El lloc web portadrianomusic.es utilitza cookies.<br \/>En compliment del que disposa l\u2019article 22.2 de la Llei 34\/2002, d\u201911 de juliol, de serveis de la societat de la informaci\u00f3 i de comer\u00e7 electr\u00f2nic, aquest lloc web informa, en aquesta secci\u00f3, sobre la pol\u00edtica de recollida i tractament de cookies.<\/p>\n<p><strong>Qu\u00e8 s\u00f3n les cookies?<\/strong><br \/>Una cookie \u00e9s un fitxer que es descarrega al teu ordinador quan accedeixes a determinades p\u00e0gines web. Les cookies permeten a una p\u00e0gina web, entre altres coses, emmagatzemar i recuperar informaci\u00f3 sobre els h\u00e0bits de navegaci\u00f3 d\u2019un usuari o del seu dispositiu i, segons la informaci\u00f3 que continguin i la forma com utilitzi el dispositiu, es poden utilitzar per recon\u00e8ixer l\u2019usuari.<\/p>\n<p><strong>Quins tipus de cookies utilitza aquest lloc web?<\/strong><br \/>El lloc web portadrianomusic.es utilitza els seg\u00fcents tipus de cookies:<\/p>\n<p><strong>Cookies d\u2019an\u00e0lisi:<\/strong> S\u00f3n aquelles que, tractades per nosaltres o per tercers, ens permeten quantificar el nombre d\u2019usuaris i aix\u00ed realitzar l\u2019an\u00e0lisi estad\u00edstica de l\u2019\u00fas que fan els usuaris del servei ofert. Per aix\u00f2 s\u2019analitza la seva navegaci\u00f3 en la nostra p\u00e0gina web amb la finalitat de millorar l\u2019oferta de productes o serveis que oferim.<\/p>\n<p><strong>Cookies t\u00e8cniques:<\/strong> S\u00f3n aquelles que permeten a l\u2019usuari la navegaci\u00f3 a trav\u00e9s de l\u2019\u00e0rea restringida i la utilitzaci\u00f3 de les seves diferents funcions, com per exemple, dur a terme el proc\u00e9s de compra d\u2019un article.<\/p>\n<p><strong>Cookies de personalitzaci\u00f3:<\/strong> S\u00f3n aquelles que permeten a l\u2019usuari accedir al servei amb algunes caracter\u00edstiques de car\u00e0cter general predefinides en funci\u00f3 d\u2019una s\u00e8rie de criteris en el dispositiu de l\u2019usuari, com ara l\u2019idioma o el tipus de navegador mitjan\u00e7ant el qual es connecta al servei.<\/p>\n<p><strong>Cookies publicit\u00e0ries:<\/strong> S\u00f3n aquelles que, tractades per aquest lloc web o per tercers, permeten gestionar de la manera m\u00e9s efica\u00e7 possible l\u2019oferta dels espais publicitaris presents a la p\u00e0gina web, adaptant el contingut de l\u2019anunci al contingut del servei sol\u00b7licitat o a l\u2019\u00fas que es faci de la nostra p\u00e0gina web. Per aix\u00f2 podem analitzar els teus h\u00e0bits de navegaci\u00f3 a Internet i mostrar-te publicitat relacionada amb el teu perfil de navegaci\u00f3.<\/p>\n<p><strong>Cookies de publicitat comportamental:<\/strong> S\u00f3n aquelles que permeten la gesti\u00f3, de la manera m\u00e9s efica\u00e7 possible, dels espais publicitaris que, si escau, l\u2019editor hagi incl\u00f2s en una p\u00e0gina web, aplicaci\u00f3 o plataforma des de la qual es presta el servei sol\u00b7licitat. Aquest tipus de cookies emmagatzemen informaci\u00f3 del comportament dels visitants obtinguda a trav\u00e9s de l\u2019observaci\u00f3 continuada dels seus h\u00e0bits de navegaci\u00f3, cosa que permet desenvolupar un perfil espec\u00edfic per mostrar publicitat en funci\u00f3 del mateix.<\/p>\n<p><strong>Desactivar les cookies<\/strong><br \/>Pots permetre, bloquejar o eliminar les cookies instal\u00b7lades al teu dispositiu mitjan\u00e7ant la configuraci\u00f3 de les opcions del navegador que tinguis instal\u00b7lat. A la majoria de navegadors web es dona l\u2019opci\u00f3 de permetre, bloquejar o eliminar les cookies instal\u00b7lades al dispositiu.<br \/>A continuaci\u00f3 pots accedir a la configuraci\u00f3 dels navegadors web m\u00e9s habituals per acceptar, instal\u00b7lar o desactivar les cookies:<\/p>\n<p><strong>Firefox:<\/strong> <a href=\"https:\/\/support.mozilla.org\/ca\/kb\/activa-i-desactiva-les-cookies\" target=\"_blank\" rel=\"noopener\">Veure aqu\u00ed<\/a>.<\/p>\n<p><strong>Safari:<\/strong> <a href=\"https:\/\/support.apple.com\/ca-es\/105082\" target=\"_blank\" rel=\"noopener\">Veure aqu\u00ed<\/a>.<\/p>\n<p><strong>Google Chrome:<\/strong> <a href=\"https:\/\/support.google.com\/chrome\/answer\/95647?hl=ca\" target=\"_blank\" rel=\"noopener\">Veure aqu\u00ed<\/a>.<\/p>\n<p><strong>Cookies de tercers<\/strong><br \/>En concret, utilitzem els serveis de Google Adsense i Google Analytics per a les nostres estad\u00edstiques i publicitat. Algunes cookies s\u00f3n essencials per al funcionament del lloc, com per exemple el cercador incorporat.<\/p>\n<p><strong>Av\u00eds sobre l\u2019eliminaci\u00f3 de cookies<\/strong><br \/>Pots eliminar i bloquejar totes les cookies d\u2019aquest lloc, per\u00f2 \u00e9s possible que part del lloc no funcioni correctament o que la qualitat de la p\u00e0gina web es vegi afectada.<\/p>\n<p>[\/et_pb_text][\/et_pb_column][\/et_pb_row][\/et_pb_section]<\/p>\n","protected":false},"excerpt":{"rendered":"<p>Pol\u00edtica de CookiesEl lloc web portadrianomusic.es utilitza cookies.En compliment del que disposa l\u2019article 22.2 de la Llei 34\/2002, d\u201911 de juliol, de serveis de la societat de la informaci\u00f3 i de comer\u00e7 electr\u00f2nic, aquest lloc web informa, en aquesta secci\u00f3, sobre la pol\u00edtica de recollida i tractament de cookies. Qu\u00e8 s\u00f3n les cookies?Una cookie \u00e9s [&hellip;]<\/p>\n","protected":false},"author":1,"featured_media":0,"parent":0,"menu_order":0,"comment_status":"closed","ping_status":"closed","template":"","meta":{"_et_pb_use_builder":"on","_et_pb_old_content":"","_et_gb_content_width":"","inline_featured_image":false,"footnotes":""},"difl_page_category":[],"class_list":["post-2401","page","type-page","status-publish","hentry"],"_links":{"self":[{"href":"https:\/\/portadrianomusic.es\/ca\/wp-json\/wp\/v2\/pages\/2401","targetHints":{"allow":["GET"]}}],"collection":[{"href":"https:\/\/portadrianomusic.es\/ca\/wp-json\/wp\/v2\/pages"}],"about":[{"href":"https:\/\/portadrianomusic.es\/ca\/wp-json\/wp\/v2\/types\/page"}],"author":[{"embeddable":true,"href":"https:\/\/portadrianomusic.es\/ca\/wp-json\/wp\/v2\/users\/1"}],"replies":[{"embeddable":true,"href":"https:\/\/portadrianomusic.es\/ca\/wp-json\/wp\/v2\/comments?post=2401"}],"version-history":[{"count":1,"href":"https:\/\/portadrianomusic.es\/ca\/wp-json\/wp\/v2\/pages\/2401\/revisions"}],"predecessor-version":[{"id":2542,"href":"https:\/\/portadrianomusic.es\/ca\/wp-json\/wp\/v2\/pages\/2401\/revisions\/2542"}],"wp:attachment":[{"href":"https:\/\/portadrianomusic.es\/ca\/wp-json\/wp\/v2\/media?parent=2401"}],"wp:term":[{"taxonomy":"difl_page_category","embeddable":true,"href":"https:\/\/portadrianomusic.es\/ca\/wp-json\/wp\/v2\/difl_page_category?post=2401"}],"curies":[{"name":"wp","href":"https:\/\/api.w.org\/{rel}","templated":true}]}}