{"id":2413,"date":"2025-04-30T08:46:52","date_gmt":"2025-04-30T08:46:52","guid":{"rendered":"https:\/\/portadrianomusic.es\/presentacion\/"},"modified":"2025-06-04T13:53:22","modified_gmt":"2025-06-04T13:53:22","slug":"presentacio","status":"publish","type":"page","link":"https:\/\/portadrianomusic.es\/ca\/presentacio\/","title":{"rendered":"Presentaci\u00f3"},"content":{"rendered":"<p>[et_pb_section fb_built=&#8221;1&#8243; _builder_version=&#8221;4.27.4&#8243; _module_preset=&#8221;default&#8221; background_image=&#8221;https:\/\/portadrianomusic.es\/wp-content\/uploads\/2025\/05\/ms-1.jpeg&#8221; da_disable_devices=&#8221;off|off|off&#8221; locked=&#8221;off&#8221; global_colors_info=&#8221;{}&#8221; da_is_popup=&#8221;off&#8221; da_exit_intent=&#8221;off&#8221; da_has_close=&#8221;on&#8221; da_alt_close=&#8221;off&#8221; da_dark_close=&#8221;off&#8221; da_not_modal=&#8221;on&#8221; da_is_singular=&#8221;off&#8221; da_with_loader=&#8221;off&#8221; da_has_shadow=&#8221;on&#8221;][et_pb_row _builder_version=&#8221;4.27.4&#8243; _module_preset=&#8221;default&#8221; global_colors_info=&#8221;{}&#8221;][et_pb_column type=&#8221;4_4&#8243; _builder_version=&#8221;4.27.4&#8243; _module_preset=&#8221;default&#8221; global_colors_info=&#8221;{}&#8221;][\/et_pb_column][\/et_pb_row][\/et_pb_section][et_pb_section fb_built=&#8221;1&#8243; _builder_version=&#8221;4.27.4&#8243; _module_preset=&#8221;default&#8221; background_color=&#8221;#EF7A31&#8243; background_enable_image=&#8221;off&#8221; background_position=&#8221;center_left&#8221; background_horizontal_offset=&#8221;58%&#8221; height_tablet=&#8221;auto&#8221; height_phone=&#8221;auto&#8221; height_last_edited=&#8221;on|phone&#8221; custom_padding=&#8221;||||false|false&#8221; da_disable_devices=&#8221;off|off|off&#8221; global_colors_info=&#8221;{}&#8221; da_is_popup=&#8221;off&#8221; da_exit_intent=&#8221;off&#8221; da_has_close=&#8221;on&#8221; da_alt_close=&#8221;off&#8221; da_dark_close=&#8221;off&#8221; da_not_modal=&#8221;on&#8221; da_is_singular=&#8221;off&#8221; da_with_loader=&#8221;off&#8221; da_has_shadow=&#8221;on&#8221;][et_pb_row use_custom_gutter=&#8221;on&#8221; gutter_width=&#8221;2&#8243; make_equal=&#8221;on&#8221; admin_label=&#8221;row&#8221; _builder_version=&#8221;4.27.4&#8243; positioning=&#8221;none&#8221; position_origin_a=&#8221;center_center&#8221; position_origin_a_tablet=&#8221;center_center&#8221; position_origin_a_phone=&#8221;center_center&#8221; position_origin_a_last_edited=&#8221;on|phone&#8221; position_origin_f_tablet=&#8221;&#8221; position_origin_f_phone=&#8221;&#8221; position_origin_f_last_edited=&#8221;on|phone&#8221; position_origin_r_tablet=&#8221;&#8221; position_origin_r_phone=&#8221;&#8221; position_origin_r_last_edited=&#8221;on|phone&#8221; custom_padding=&#8221;||0px|||&#8221; positioning_tablet=&#8221;none&#8221; positioning_phone=&#8221;none&#8221; positioning_last_edited=&#8221;on|phone&#8221; locked=&#8221;off&#8221; global_colors_info=&#8221;{}&#8221;][et_pb_column type=&#8221;4_4&#8243; _builder_version=&#8221;4.16&#8243; custom_padding=&#8221;|||&#8221; global_colors_info=&#8221;{}&#8221; custom_padding__hover=&#8221;|||&#8221;][et_pb_text _builder_version=&#8221;4.27.4&#8243; _module_preset=&#8221;default&#8221; header_2_font=&#8221;FolioStdBook||||||||&#8221; header_2_font_size=&#8221;70px&#8221; custom_margin=&#8221;||30px|||&#8221; header_2_font_size_tablet=&#8221;50px&#8221; header_2_font_size_phone=&#8221;30px&#8221; header_2_font_size_last_edited=&#8221;on|tablet&#8221; global_colors_info=&#8221;{}&#8221;]<\/p>\n<h2 class=\"elementor-heading-title elementor-size-default\">Una traject\u00f2ria plena d\u2019\u00e8xits avala el Port Adriano MUSIC Festival<\/h2>\n<p>[\/et_pb_text][\/et_pb_column][\/et_pb_row][et_pb_row use_custom_gutter=&#8221;on&#8221; gutter_width=&#8221;2&#8243; make_equal=&#8221;on&#8221; _builder_version=&#8221;4.27.4&#8243; _module_preset=&#8221;default&#8221; positioning=&#8221;none&#8221; position_origin_a=&#8221;center_center&#8221; position_origin_a_tablet=&#8221;center_center&#8221; position_origin_a_phone=&#8221;center_center&#8221; position_origin_a_last_edited=&#8221;on|phone&#8221; position_origin_f_tablet=&#8221;&#8221; position_origin_f_phone=&#8221;&#8221; position_origin_f_last_edited=&#8221;on|phone&#8221; position_origin_r_tablet=&#8221;&#8221; position_origin_r_phone=&#8221;&#8221; position_origin_r_last_edited=&#8221;on|phone&#8221; positioning_tablet=&#8221;none&#8221; positioning_phone=&#8221;none&#8221; positioning_last_edited=&#8221;on|phone&#8221; global_colors_info=&#8221;{}&#8221;][et_pb_column type=&#8221;4_4&#8243; _builder_version=&#8221;4.27.4&#8243; _module_preset=&#8221;default&#8221; global_colors_info=&#8221;{}&#8221;][et_pb_text admin_label=&#8221;Text&#8221; _builder_version=&#8221;4.27.4&#8243; text_font=&#8221;FolioStdBook||||||||&#8221; text_font_size=&#8221;30px&#8221; text_line_height=&#8221;1.1em&#8221; link_text_color=&#8221;#FFD11B&#8221; link_font_size=&#8221;30px&#8221; link_line_height=&#8221;1.3em&#8221; background_size=&#8221;initial&#8221; background_position=&#8221;top_left&#8221; background_repeat=&#8221;repeat&#8221; text_font_size_tablet=&#8221;25px&#8221; text_font_size_phone=&#8221;20px&#8221; text_font_size_last_edited=&#8221;on|desktop&#8221; text_line_height_phone=&#8221;1.2em&#8221; text_line_height_last_edited=&#8221;off|tablet&#8221; locked=&#8221;off&#8221; global_colors_info=&#8221;{}&#8221; link_text_color__hover_enabled=&#8221;on|hover&#8221; link_text_color__hover=&#8221;#005593&#8243;]<\/p>\n<p>El projecte cultural, que va n\u00e9ixer el 2013, s\u2019ha anat consolidant any rere any fins a convertir-se en l\u2019esdeveniment musical m\u00e9s destacat de les Illes Balears. M\u00e9s de 65 concerts realitzats, una assist\u00e8ncia de 80.000 persones des de la seva inauguraci\u00f3, una programaci\u00f3 internacional oberta a tots els estils de la m\u00fasica actual i l\u2019espectacular escenari dissenyat per Philippe Starck per a Port Adriano, s\u00f3n les claus de la seva consolidaci\u00f3 com una de les grans cites culturals de l\u2019estiu.<\/p>\n<p><strong>La m\u00fasica del festival \u00e9s m\u00fasica d\u2019avui, d\u2019ahir i de sempre; m\u00fasica universal amb l\u2019excel\u00b7l\u00e8ncia i la qualitat dels artistes com a denominador com\u00fa.<\/strong> Aix\u00ed ho han demostrat, al llarg dels darrers anys, les actuacions de Gloria Gaynor, Earth Wind &amp; Fire, Madeleine Peyroux, Buena Vista Social Club, Roger Hodgson, Hombres G, Electric Light Orchestra, El Cigala i Omara Portuondo, Josep Carreras, The Jacksons, UB40, Raphael, Ara Malikian, Tom Jones o George Benson, entre d\u2019altres.<\/p>\n<p>La qualitat de l\u2019organitzaci\u00f3, el so i la il\u00b7luminaci\u00f3, juntament amb la bellesa de l\u2019entorn i la proximitat del p\u00fablic a l\u2019escenari, fan que els concerts a Port Adriano siguin inoblidables.<\/p>\n<p>[\/et_pb_text][\/et_pb_column][\/et_pb_row][\/et_pb_section]<\/p>\n","protected":false},"excerpt":{"rendered":"<p>Una traject\u00f2ria plena d\u2019\u00e8xits avala el Port Adriano MUSIC FestivalEl projecte cultural, que va n\u00e9ixer el 2013, s\u2019ha anat consolidant any rere any fins a convertir-se en l\u2019esdeveniment musical m\u00e9s destacat de les Illes Balears. M\u00e9s de 65 concerts realitzats, una assist\u00e8ncia de 80.000 persones des de la seva inauguraci\u00f3, una programaci\u00f3 internacional oberta a [&hellip;]<\/p>\n","protected":false},"author":1,"featured_media":0,"parent":0,"menu_order":0,"comment_status":"closed","ping_status":"closed","template":"","meta":{"_et_pb_use_builder":"on","_et_pb_old_content":"","_et_gb_content_width":"","inline_featured_image":false,"footnotes":""},"difl_page_category":[],"class_list":["post-2413","page","type-page","status-publish","hentry"],"_links":{"self":[{"href":"https:\/\/portadrianomusic.es\/ca\/wp-json\/wp\/v2\/pages\/2413","targetHints":{"allow":["GET"]}}],"collection":[{"href":"https:\/\/portadrianomusic.es\/ca\/wp-json\/wp\/v2\/pages"}],"about":[{"href":"https:\/\/portadrianomusic.es\/ca\/wp-json\/wp\/v2\/types\/page"}],"author":[{"embeddable":true,"href":"https:\/\/portadrianomusic.es\/ca\/wp-json\/wp\/v2\/users\/1"}],"replies":[{"embeddable":true,"href":"https:\/\/portadrianomusic.es\/ca\/wp-json\/wp\/v2\/comments?post=2413"}],"version-history":[{"count":4,"href":"https:\/\/portadrianomusic.es\/ca\/wp-json\/wp\/v2\/pages\/2413\/revisions"}],"predecessor-version":[{"id":3087,"href":"https:\/\/portadrianomusic.es\/ca\/wp-json\/wp\/v2\/pages\/2413\/revisions\/3087"}],"wp:attachment":[{"href":"https:\/\/portadrianomusic.es\/ca\/wp-json\/wp\/v2\/media?parent=2413"}],"wp:term":[{"taxonomy":"difl_page_category","embeddable":true,"href":"https:\/\/portadrianomusic.es\/ca\/wp-json\/wp\/v2\/difl_page_category?post=2413"}],"curies":[{"name":"wp","href":"https:\/\/api.w.org\/{rel}","templated":true}]}}