{"id":2053,"date":"2025-04-30T12:33:28","date_gmt":"2025-04-30T12:33:28","guid":{"rendered":"https:\/\/portadrianomusic.es\/sostenibilidad\/"},"modified":"2025-06-03T08:18:30","modified_gmt":"2025-06-03T08:18:30","slug":"nachhaltigkeit","status":"publish","type":"page","link":"https:\/\/portadrianomusic.es\/de\/nachhaltigkeit\/","title":{"rendered":"Nachhaltigkeit"},"content":{"rendered":"<p>[et_pb_section fb_built=&#8220;1&#8243; _builder_version=&#8220;4.27.4&#8243; _module_preset=&#8220;default&#8220; background_image=&#8220;https:\/\/portadrianomusic.es\/wp-content\/uploads\/2025\/05\/ms-1.jpeg&#8220; da_disable_devices=&#8220;off|off|off&#8220; locked=&#8220;off&#8220; global_colors_info=&#8220;{}&#8220; da_is_popup=&#8220;off&#8220; da_exit_intent=&#8220;off&#8220; da_has_close=&#8220;on&#8220; da_alt_close=&#8220;off&#8220; da_dark_close=&#8220;off&#8220; da_not_modal=&#8220;on&#8220; da_is_singular=&#8220;off&#8220; da_with_loader=&#8220;off&#8220; da_has_shadow=&#8220;on&#8220;][et_pb_row _builder_version=&#8220;4.27.4&#8243; _module_preset=&#8220;default&#8220; global_colors_info=&#8220;{}&#8220;][et_pb_column type=&#8220;4_4&#8243; _builder_version=&#8220;4.27.4&#8243; _module_preset=&#8220;default&#8220; global_colors_info=&#8220;{}&#8220;][\/et_pb_column][\/et_pb_row][\/et_pb_section][et_pb_section fb_built=&#8220;1&#8243; _builder_version=&#8220;4.27.4&#8243; _module_preset=&#8220;default&#8220; background_color=&#8220;#EF7A31&#8243; custom_padding=&#8220;||||false|false&#8220; hover_enabled=&#8220;0&#8243; da_disable_devices=&#8220;off|off|off&#8220; global_colors_info=&#8220;{}&#8220; sticky_enabled=&#8220;0&#8243; da_is_popup=&#8220;off&#8220; da_exit_intent=&#8220;off&#8220; da_has_close=&#8220;on&#8220; da_alt_close=&#8220;off&#8220; da_dark_close=&#8220;off&#8220; da_not_modal=&#8220;on&#8220; da_is_singular=&#8220;off&#8220; da_with_loader=&#8220;off&#8220; da_has_shadow=&#8220;on&#8220;][et_pb_row column_structure=&#8220;1_2,1_2&#8243; admin_label=&#8220;row&#8220; _builder_version=&#8220;4.27.4&#8243; background_size=&#8220;initial&#8220; background_position=&#8220;top_left&#8220; background_repeat=&#8220;repeat&#8220; positioning=&#8220;none&#8220; position_origin_a=&#8220;center_center&#8220; locked=&#8220;off&#8220; global_colors_info=&#8220;{}&#8220;][et_pb_column type=&#8220;1_2&#8243; _builder_version=&#8220;4.16&#8243; custom_padding=&#8220;|||&#8220; global_colors_info=&#8220;{}&#8220; custom_padding__hover=&#8220;|||&#8220;][et_pb_text _builder_version=&#8220;4.27.4&#8243; _module_preset=&#8220;default&#8220; header_2_font=&#8220;FolioStdBook||||||||&#8220; header_2_font_size=&#8220;70px&#8220; custom_margin=&#8220;||30px|||&#8220; hover_enabled=&#8220;0&#8243; header_2_font_size_tablet=&#8220;50px&#8220; header_2_font_size_phone=&#8220;30px&#8220; header_2_font_size_last_edited=&#8220;on|tablet&#8220; global_colors_info=&#8220;{}&#8220; sticky_enabled=&#8220;0&#8243;]<\/p>\n<h2>Engagiert f\u00fcr die Umwelt<\/h2>\n<p>[\/et_pb_text][et_pb_text admin_label=&#8220;Text&#8220; _builder_version=&#8220;4.27.4&#8243; text_font=&#8220;FolioStdBook||||||||&#8220; text_font_size=&#8220;30px&#8220; text_line_height=&#8220;1.2em&#8220; background_size=&#8220;initial&#8220; background_position=&#8220;top_left&#8220; background_repeat=&#8220;repeat&#8220; hover_enabled=&#8220;0&#8243; text_font_size_tablet=&#8220;25px&#8220; text_font_size_phone=&#8220;20px&#8220; text_font_size_last_edited=&#8220;on|desktop&#8220; text_line_height_phone=&#8220;1.2em&#8220; text_line_height_last_edited=&#8220;off|tablet&#8220; global_colors_info=&#8220;{}&#8220; sticky_enabled=&#8220;0&#8243;]OCIBAR, S.A., Konzession\u00e4r der Sporth\u00e4fen Port Adriano in El Toro (Mallorca), Marina de Botafoc Ibiza und Port Tarraco (Tarragona), m\u00f6chte aus Sorge um die Umwelt und in \u00dcbereinstimmung mit der internationalen Norm ISO 14001 und ISO 9001 sowie der Europ\u00e4ischen EMAS III-Verordnung einige Empfehlungen zum Schutz der Umwelt geben.[\/et_pb_text][\/et_pb_column][et_pb_column type=&#8220;1_2&#8243; _builder_version=&#8220;4.16&#8243; custom_padding=&#8220;|||&#8220; global_colors_info=&#8220;{}&#8220; custom_padding__hover=&#8220;|||&#8220;][difl_imagecarousel item_desktop=&#8220;1&#8243; item_tablet=&#8220;1&#8243; item_spacing=&#8220;0px&#8220; loop=&#8220;on&#8220; arrow=&#8220;on&#8220; ic_equal_height=&#8220;on&#8220; ic_full_width=&#8220;on&#8220; arrow_color=&#8220;#FFD11B&#8220; arrow_background=&#8220;#EF7A31&#8243; _builder_version=&#8220;4.27.4&#8243; _module_preset=&#8220;default&#8220; locked=&#8220;off&#8220; global_colors_info=&#8220;{}&#8220;][difl_imagecarouselitem image=&#8220;https:\/\/portadrianomusic.es\/wp-content\/uploads\/2025\/05\/sos-1.jpeg&#8220; ic_button_button_url_new_window=&#8220;1&#8243; _builder_version=&#8220;4.27.4&#8243; _module_preset=&#8220;default&#8220; global_colors_info=&#8220;{}&#8220;][\/difl_imagecarouselitem][difl_imagecarouselitem image=&#8220;https:\/\/portadrianomusic.es\/wp-content\/uploads\/2025\/05\/sos-2.jpeg&#8220; ic_button_button_url_new_window=&#8220;1&#8243; _builder_version=&#8220;4.27.4&#8243; _module_preset=&#8220;default&#8220; global_colors_info=&#8220;{}&#8220;][\/difl_imagecarouselitem][difl_imagecarouselitem image=&#8220;https:\/\/portadrianomusic.es\/wp-content\/uploads\/2025\/05\/sos-3.jpeg&#8220; ic_button_button_url_new_window=&#8220;1&#8243; _builder_version=&#8220;4.27.4&#8243; _module_preset=&#8220;default&#8220; global_colors_info=&#8220;{}&#8220;][\/difl_imagecarouselitem][difl_imagecarouselitem image=&#8220;https:\/\/portadrianomusic.es\/wp-content\/uploads\/2025\/05\/sos-4.jpeg&#8220; ic_button_button_url_new_window=&#8220;1&#8243; _builder_version=&#8220;4.27.4&#8243; _module_preset=&#8220;default&#8220; global_colors_info=&#8220;{}&#8220;][\/difl_imagecarouselitem][difl_imagecarouselitem image=&#8220;https:\/\/portadrianomusic.es\/wp-content\/uploads\/2025\/05\/sos-5.jpeg&#8220; ic_button_button_url_new_window=&#8220;1&#8243; _builder_version=&#8220;4.27.4&#8243; _module_preset=&#8220;default&#8220; global_colors_info=&#8220;{}&#8220;][\/difl_imagecarouselitem][difl_imagecarouselitem image=&#8220;https:\/\/portadrianomusic.es\/wp-content\/uploads\/2025\/05\/sos-6.jpeg&#8220; ic_button_button_url_new_window=&#8220;1&#8243; _builder_version=&#8220;4.27.4&#8243; _module_preset=&#8220;default&#8220; global_colors_info=&#8220;{}&#8220;][\/difl_imagecarouselitem][difl_imagecarouselitem image=&#8220;https:\/\/portadrianomusic.es\/wp-content\/uploads\/2025\/05\/sos-7.jpeg&#8220; ic_button_button_url_new_window=&#8220;1&#8243; _builder_version=&#8220;4.27.4&#8243; _module_preset=&#8220;default&#8220; global_colors_info=&#8220;{}&#8220;][\/difl_imagecarouselitem][\/difl_imagecarousel][\/et_pb_column][\/et_pb_row][et_pb_row admin_label=&#8220;row&#8220; _builder_version=&#8220;4.27.4&#8243; background_size=&#8220;initial&#8220; background_position=&#8220;top_left&#8220; background_repeat=&#8220;repeat&#8220; positioning=&#8220;none&#8220; position_origin_a=&#8220;center_center&#8220; custom_padding=&#8220;0px||80px|||&#8220; locked=&#8220;off&#8220; global_colors_info=&#8220;{}&#8220;][et_pb_column type=&#8220;4_4&#8243; _builder_version=&#8220;4.16&#8243; custom_padding=&#8220;|||&#8220; global_colors_info=&#8220;{}&#8220; custom_padding__hover=&#8220;|||&#8220;][et_pb_text admin_label=&#8220;Text&#8220; _builder_version=&#8220;4.27.4&#8243; text_font=&#8220;FolioStdBook||||||||&#8220; text_font_size=&#8220;30px&#8220; text_line_height=&#8220;1.2em&#8220; link_text_color=&#8220;#FFD11B&#8220; ul_line_height=&#8220;1.1em&#8220; ol_line_height=&#8220;1.1em&#8220; background_size=&#8220;initial&#8220; background_position=&#8220;top_left&#8220; background_repeat=&#8220;repeat&#8220; text_font_size_tablet=&#8220;25px&#8220; text_font_size_phone=&#8220;20px&#8220; text_font_size_last_edited=&#8220;on|desktop&#8220; text_line_height_phone=&#8220;1.2em&#8220; text_line_height_last_edited=&#8220;off|tablet&#8220; global_colors_info=&#8220;{}&#8220; link_text_color__hover_enabled=&#8220;on|hover&#8220; link_text_color__hover=&#8220;#005593&#8243;]<\/p>\n<p>Port Adriano befindet sich in einer privilegierten Umgebung zwischen den marinen Schutzgebieten von El Toro und Illes Malgrats, die aufgrund der Vielfalt an Lebensr\u00e4umen, benthischen Gemeinschaften und Meereslebewesen einen hohen \u00f6kologischen und fischereilichen Wert haben. In den zirkalitoralen und infralitoralen Felsb\u00f6den leben gro\u00dfe, sesshafte Fischarten. Die Wiesen der Phanerogame Posidonia oce\u00e1nica erstrecken sich \u00fcber gro\u00dfe Fl\u00e4chen.<\/p>\n<p>Weitere Informationen zu den Schutzgebieten, Einschr\u00e4nkungen und Genehmigungen f\u00fcr Ankerungen finden Sie unter: <a href=\"http:\/\/www.caib.es\/sites\/reservesmarines\">www.caib.es\/sites\/reservesmarines<\/a><\/p>\n<p><strong>Unser Engagement f\u00fcr den Erhalt und Schutz der Meeres- und K\u00fcstenumgebung basiert auf:<\/strong><\/p>\n<ul>\n<li>Optimierung des Wasser- und Energieverbrauchs.<\/li>\n<li>Verhinderung von Verschmutzung.<\/li>\n<li>F\u00f6rderung der selektiven Abfallsammlung.<\/li>\n<li>Kontrolle und Reduzierung von Luft- und L\u00e4rmbelastung.<\/li>\n<li>Definition und Sicherstellung von Notfallpl\u00e4nen.<\/li>\n<li>Einhaltung der geltenden Gesetzgebung.<\/li>\n<li>Schulung der Mitarbeiter in Nachhaltigkeit und Arbeitsschutz.<\/li>\n<li>F\u00f6rderung proaktiver und positiver Umweltpraktiken bei Nutzern, Kunden und Lieferanten.<\/li>\n<li>Eigeninitiative bei diesen Praktiken mit Veranstaltungen wie dem Plastic Day oder durch Zusammenarbeit mit wichtigen Organisationen und Projekten wie The Seabin Project, Fundaci\u00f3n Palma Aquarium, Ayuntamiento de Calvi\u00e0 Posidonia Anchoring Campaign, Mar de Fondo, Project Zero, Save the Med etc.<\/li>\n<\/ul>\n<p>Im Jahr 2020 hat Port Adriano das Circular Economy Project gestartet, das mit den Zielen f\u00fcr nachhaltige Entwicklung (SDG) 12, 13 und 14 verbunden ist.<\/p>\n<p>Unser Ziel ist es, nachhaltige Konsum- und Produktionsweisen sicherzustellen, indem wir Prozesse einf\u00fchren, um Lebensmittelverluste zu vermeiden, die Wiederverwendung und das Recycling zu f\u00f6rdern, eine umweltfreundliche Nutzung von Chemikalien zu gew\u00e4hrleisten, die Abfallentstehung zu verringern und die Meeresverschmutzung zu reduzieren.<\/p>\n<p>Die strategischen Ziele von Port Adriano in unserem Ansatz der Kreislaufwirtschaft sind:<\/p>\n<ul>\n<li>F\u00f6rderung der Reduzierung der anfallenden Abf\u00e4lle.<\/li>\n<li>Erh\u00f6hung der Menge an recyceltem Abfall.<\/li>\n<li>Schaffung von Bewusstsein f\u00fcr Nachhaltigkeit.<\/li>\n<\/ul>\n<p><strong>Seabin Project Zusammenarbeit<\/strong><\/p>\n<p>Im Jahr 2017 erhielt Port Adriano dank der Zusammenarbeit mit dem Seabin Project, bestehend aus der Installation einer revolution\u00e4ren schwimmenden M\u00fclltonne, die Kunststoffe aus dem Meer einsammelt, eine Auszeichnung der Balearischen Regierung f\u00fcr die beste CSR-Initiative und war der erste Pilothafen f\u00fcr Seabin.<\/p>\n<p>Kooperationsvereinbarung zwischen Port Adriano und der Fundaci\u00f3n Palma Aquarium<\/p>\n<p>Seit der Kooperationsvereinbarung zwischen Port Adriano und der Fundaci\u00f3n Palma Aquarium wird aktiv der Erhalt der Artenvielfalt in unseren Meeren und Ozeanen gef\u00f6rdert. Aus dieser Vereinbarung ergeben sich haupts\u00e4chlich drei Handlungsfelder:<\/p>\n<ol start=\"3\">\n<li>Durchf\u00fchrung von Schulungs- und Sensibilisierungsveranstaltungen f\u00fcr verschiedene Interessengruppen wie Sch\u00fcler, Hafenbenutzer und Mitarbeiter.<\/li>\n<li>Verbreitung didaktischer Materialien basierend auf Umweltbildung und Nachhaltigkeit.<\/li>\n<li>Aktive Aufrechterhaltung eines Unterst\u00fctzungssystems f\u00fcr bedrohte Meeresarten, das sich insbesondere auf die Bergung und Behandlung Meeresschildkr\u00f6ten konzentriert.<\/li>\n<\/ol>\n<p><strong>Umweltbildung. Aktionen:<\/strong><\/p>\n<ul>\n<li>Schulungen f\u00fcr alle Sch\u00fcler der Segelschulen und des Paddle-Surf.<\/li>\n<li>Abschaffung von Einwegkunststoffen in allen Hafenb\u00fcros.<\/li>\n<li>Reinigung des Strandes von El Toro und des gesamten Meeresgebiets, in dem die Schulen segeln.<\/li>\n<li>Informationsgespr\u00e4che mit allen Gesch\u00e4ften im Hafen.<\/li>\n<li>Verteilung eines Flyers mit guten Umweltpraktiken an alle Boote.<\/li>\n<li>Kontinuierliche Schulung und Weiterbildung f\u00fcr die Hafenarbeitsteams.<\/li>\n<\/ul>\n<p><strong>Project Zero Ausstellung<\/strong><\/p>\n<p>Aus der ber\u00fchmten Carnaby Street in London gebracht, hat diese Ausstellung zugunsten von Project Zero das Ziel, auf das Problem der Plastikverschmutzung in unseren Ozeanen aufmerksam zu machen. Die Ausstellung wurde aus Plastikflaschen, Kanistern, Waschmittelbeh\u00e4ltern\u2026 all das aus unseren Meeren gesammelt oder aus Materialien hergestellt<\/p>\n<p>100 % recycelt und umweltfreundlich, einschlie\u00dflich der Farben.<\/p>\n<p>Project Zero ist eine NGO, die sich f\u00fcr den Schutz der Ozeane einsetzt, mit zahlreichen Projekten weltweit und wichtigen Botschaftern. Gehen Sie hierhin, um zu erfahren, wie Sie mit nur einer Geste helfen k\u00f6nnen, indem Sie Ihre Gewohnheiten \u00e4ndern: <a href=\"http:\/\/www.weareprojectzero.org\/\">www.weareprojectzero.org<\/a><\/p>\n<p><strong>Vereinbarung mit SAVE THE MED<\/strong><\/p>\n<p>Port Adriano arbeitet mit der SAVE THE MED Foundation zusammen, indem es der NGO einen Liegeplatz zur Verf\u00fcgung stellt und durch Freizeit- und Umweltaktionen f\u00fcr die Gemeinschaft unterst\u00fctzt.<\/p>\n<p>[\/et_pb_text][\/et_pb_column][\/et_pb_row][et_pb_row _builder_version=&#8220;4.27.4&#8243; _module_preset=&#8220;default&#8220; global_colors_info=&#8220;{}&#8220;][et_pb_column type=&#8220;4_4&#8243; _builder_version=&#8220;4.27.4&#8243; _module_preset=&#8220;default&#8220; global_colors_info=&#8220;{}&#8220;][difl_logocarousel lc_max_width=&#8220;61%&#8220; lc_vertical=&#8220;center&#8220; equal_height=&#8220;on&#8220; item_desktop=&#8220;5&#8243; item_spacing=&#8220;10px&#8220; loop=&#8220;on&#8220; autoplay=&#8220;on&#8220; dots=&#8220;on&#8220; active_dot_color=&#8220;#FFD11B&#8220; dots_color=&#8220;#cc6b2a&#8220; wrapper_padding=&#8220;||30px||false|false&#8220; _builder_version=&#8220;4.27.4&#8243; _module_preset=&#8220;default&#8220; child_mix_blend_mode=&#8220;multiply&#8220; global_colors_info=&#8220;{}&#8220;][difl_logocarouselitem image=&#8220;https:\/\/portadrianomusic.es\/wp-content\/uploads\/2025\/04\/Logo_Seabin_Project.jpg&#8220; _builder_version=&#8220;4.27.4&#8243; _module_preset=&#8220;default&#8220; global_colors_info=&#8220;{}&#8220;][\/difl_logocarouselitem][difl_logocarouselitem image=&#8220;https:\/\/portadrianomusic.es\/wp-content\/uploads\/2025\/04\/BASKET.jpg&#8220; _builder_version=&#8220;4.27.4&#8243; _module_preset=&#8220;default&#8220; global_colors_info=&#8220;{}&#8220;][\/difl_logocarouselitem][difl_logocarouselitem image=&#8220;https:\/\/portadrianomusic.es\/wp-content\/uploads\/2025\/04\/Palma_Acuarium.jpg&#8220; _builder_version=&#8220;4.27.4&#8243; _module_preset=&#8220;default&#8220; global_colors_info=&#8220;{}&#8220;][\/difl_logocarouselitem][difl_logocarouselitem image=&#8220;https:\/\/portadrianomusic.es\/wp-content\/uploads\/2025\/04\/SAVE-THE-MED.png&#8220; _builder_version=&#8220;4.27.4&#8243; _module_preset=&#8220;default&#8220; global_colors_info=&#8220;{}&#8220;][\/difl_logocarouselitem][difl_logocarouselitem image=&#8220;https:\/\/portadrianomusic.es\/wp-content\/uploads\/2025\/04\/Mar_de_Fondo.jpg&#8220; _builder_version=&#8220;4.27.4&#8243; _module_preset=&#8220;default&#8220; global_colors_info=&#8220;{}&#8220;][\/difl_logocarouselitem][difl_logocarouselitem image=&#8220;https:\/\/portadrianomusic.es\/wp-content\/uploads\/2025\/04\/ATLETISMO.jpg&#8220; _builder_version=&#8220;4.27.4&#8243; _module_preset=&#8220;default&#8220; global_colors_info=&#8220;{}&#8220;][\/difl_logocarouselitem][difl_logocarouselitem image=&#8220;https:\/\/portadrianomusic.es\/wp-content\/uploads\/2025\/04\/Project_Logo_Black.png&#8220; _builder_version=&#8220;4.27.4&#8243; _module_preset=&#8220;default&#8220; global_colors_info=&#8220;{}&#8220;][\/difl_logocarouselitem][difl_logocarouselitem image=&#8220;https:\/\/portadrianomusic.es\/wp-content\/uploads\/2025\/04\/ETB-CALVIA.jpg&#8220; _builder_version=&#8220;4.27.4&#8243; _module_preset=&#8220;default&#8220; global_colors_info=&#8220;{}&#8220;][\/difl_logocarouselitem][\/difl_logocarousel][\/et_pb_column][\/et_pb_row][\/et_pb_section]<\/p>\n","protected":false},"excerpt":{"rendered":"<p>Engagiert f\u00fcr die UmweltOCIBAR, S.A., Konzession\u00e4r der Sporth\u00e4fen Port Adriano in El Toro (Mallorca), Marina de Botafoc Ibiza und Port Tarraco (Tarragona), m\u00f6chte aus Sorge um die Umwelt und in \u00dcbereinstimmung mit der internationalen Norm ISO 14001 und ISO 9001 sowie der Europ\u00e4ischen EMAS III-Verordnung einige Empfehlungen zum Schutz der Umwelt geben.<div class=\"et_pb_module difl_imagecarousel difl_imagecarousel_0\">\n\t\t\t\t\n\t\t\t\t\n\t\t\t\t\n\t\t\t\t\n\t\t\t\t\n\t\t\t\t\n\t\t\t\t<div class=\"et_pb_module_inner\">\n\t\t\t\t\t<h2 style=\"background:#eee; padding: 10px 20px;\">Please <strong>Add New Image Item.<\/strong><\/h2>\n\t\t\t\t<\/div>\n\t\t\t<\/div><\/p>\n","protected":false},"author":1,"featured_media":0,"parent":0,"menu_order":0,"comment_status":"closed","ping_status":"closed","template":"","meta":{"_et_pb_use_builder":"on","_et_pb_old_content":"","_et_gb_content_width":"","inline_featured_image":false,"footnotes":""},"difl_page_category":[],"class_list":["post-2053","page","type-page","status-publish","hentry"],"_links":{"self":[{"href":"https:\/\/portadrianomusic.es\/de\/wp-json\/wp\/v2\/pages\/2053","targetHints":{"allow":["GET"]}}],"collection":[{"href":"https:\/\/portadrianomusic.es\/de\/wp-json\/wp\/v2\/pages"}],"about":[{"href":"https:\/\/portadrianomusic.es\/de\/wp-json\/wp\/v2\/types\/page"}],"author":[{"embeddable":true,"href":"https:\/\/portadrianomusic.es\/de\/wp-json\/wp\/v2\/users\/1"}],"replies":[{"embeddable":true,"href":"https:\/\/portadrianomusic.es\/de\/wp-json\/wp\/v2\/comments?post=2053"}],"version-history":[{"count":7,"href":"https:\/\/portadrianomusic.es\/de\/wp-json\/wp\/v2\/pages\/2053\/revisions"}],"predecessor-version":[{"id":2806,"href":"https:\/\/portadrianomusic.es\/de\/wp-json\/wp\/v2\/pages\/2053\/revisions\/2806"}],"wp:attachment":[{"href":"https:\/\/portadrianomusic.es\/de\/wp-json\/wp\/v2\/media?parent=2053"}],"wp:term":[{"taxonomy":"difl_page_category","embeddable":true,"href":"https:\/\/portadrianomusic.es\/de\/wp-json\/wp\/v2\/difl_page_category?post=2053"}],"curies":[{"name":"wp","href":"https:\/\/api.w.org\/{rel}","templated":true}]}}