{"id":2370,"date":"2025-04-30T14:43:49","date_gmt":"2025-04-30T14:43:49","guid":{"rendered":"https:\/\/portadrianomusic.es\/boney-m\/"},"modified":"2025-08-08T18:16:08","modified_gmt":"2025-08-08T18:16:08","slug":"boney-m","status":"publish","type":"page","link":"https:\/\/portadrianomusic.es\/de\/boney-m\/","title":{"rendered":"Boney M"},"content":{"rendered":"<p>[et_pb_section fb_built=&#8220;1&#8243; fullwidth=&#8220;on&#8220; _builder_version=&#8220;4.27.4&#8243; _module_preset=&#8220;default&#8220; background_color=&#8220;#EF7A31&#8243; background_image=&#8220;https:\/\/portadrianomusic.es\/wp-content\/uploads\/2025\/04\/Top-Bonny-M.png&#8220; custom_padding=&#8220;||||false|false&#8220; background_last_edited=&#8220;on|phone&#8220; background_image_tablet=&#8220;https:\/\/portadrianomusic.es\/wp-content\/uploads\/2025\/05\/Web-1920-\u2013-3.jpg&#8220; background_image_phone=&#8220;https:\/\/portadrianomusic.es\/wp-content\/uploads\/2025\/05\/Web-1920-\u2013-3.jpg&#8220; background_enable_image_tablet=&#8220;on&#8220; background_enable_image_phone=&#8220;on&#8220; background_size_phone=&#8220;contain&#8220; background_position_phone=&#8220;bottom_center&#8220; da_disable_devices=&#8220;off|off|off&#8220; global_colors_info=&#8220;{}&#8220; da_is_popup=&#8220;off&#8220; da_exit_intent=&#8220;off&#8220; da_has_close=&#8220;on&#8220; da_alt_close=&#8220;off&#8220; da_dark_close=&#8220;off&#8220; da_not_modal=&#8220;on&#8220; da_is_singular=&#8220;off&#8220; da_with_loader=&#8220;off&#8220; da_has_shadow=&#8220;on&#8220;][et_pb_fullwidth_header _builder_version=&#8220;4.27.4&#8243; _module_preset=&#8220;default&#8220; title_text_color=&#8220;#FFD11B&#8220; title_font_size=&#8220;70px&#8220; title_line_height=&#8220;1.1em&#8220; content_text_align=&#8220;left&#8220; content_text_color=&#8220;#FFD11B&#8220; content_font_size=&#8220;80px&#8220; content_line_height=&#8220;1em&#8220; background_color=&#8220;RGBA(255,255,255,0)&#8220; custom_button_one=&#8220;on&#8220; button_one_text_color=&#8220;#FFD11B&#8220; button_one_border_radius=&#8220;0px&#8220; button_one_font=&#8220;|||on|||||&#8220; button_one_use_icon=&#8220;off&#8220; button_one_custom_padding=&#8220;20px|45px|20px|45px|true|true&#8220; button_one_custom_padding_tablet=&#8220;20px|45px|20px|45px|true|true&#8220; button_one_custom_padding_phone=&#8220;15px|40px|15px|40px|true|true&#8220; button_one_custom_padding_last_edited=&#8220;on|phone&#8220; custom_button_two=&#8220;on&#8220; button_two_text_color=&#8220;#FFD11B&#8220; button_two_border_radius=&#8220;0px&#8220; button_two_font=&#8220;|||on|||||&#8220; button_two_use_icon=&#8220;off&#8220; button_two_custom_padding=&#8220;20px|45px|20px|45px|true|true&#8220; transform_scale_tablet=&#8220;&#8220; transform_scale_phone=&#8220;&#8220; transform_scale_last_edited=&#8220;on|desktop&#8220; transform_translate_tablet=&#8220;0px|0px&#8220; transform_translate_phone=&#8220;0px|0px&#8220; transform_translate_last_edited=&#8220;on|phone&#8220; transform_translate_linked=&#8220;off&#8220; transform_rotate_tablet=&#8220;&#8220; transform_rotate_phone=&#8220;&#8220; transform_rotate_last_edited=&#8220;on|desktop&#8220; transform_skew_tablet=&#8220;&#8220; transform_skew_phone=&#8220;&#8220; transform_skew_last_edited=&#8220;on|desktop&#8220; transform_origin_tablet=&#8220;&#8220; transform_origin_phone=&#8220;&#8220; transform_origin_last_edited=&#8220;on|desktop&#8220; height=&#8220;100vh&#8220; height_tablet=&#8220;100vh&#8220; height_phone=&#8220;auto&#8220; height_last_edited=&#8220;on|phone&#8220; custom_padding=&#8220;30vh|||60vw|false|false&#8220; custom_padding_tablet=&#8220;10vh||25vh|0vw|false|false&#8220; custom_padding_phone=&#8220;12vh||15vh||false|false&#8220; custom_padding_last_edited=&#8220;on|desktop&#8220; title_font_size_tablet=&#8220;50px&#8220; title_font_size_phone=&#8220;30px&#8220; title_font_size_last_edited=&#8220;on|phone&#8220; content_text_align_tablet=&#8220;left&#8220; content_text_align_phone=&#8220;left&#8220; content_text_align_last_edited=&#8220;on|desktop&#8220; content_font_size_tablet=&#8220;70px&#8220; content_font_size_phone=&#8220;45px&#8220; content_font_size_last_edited=&#8220;on|tablet&#8220; global_colors_info=&#8220;{}&#8220; button_one_bg_color__hover_enabled=&#8220;on|hover&#8220; button_one_bg_color__hover=&#8220;#FFD11B&#8220; button_one_bg_enable_color__hover=&#8220;on&#8220; button_one_text_color__hover_enabled=&#8220;on|hover&#8220; button_one_text_color__hover=&#8220;#EF7A31&#8243; button_one_border_color__hover_enabled=&#8220;on|hover&#8220; button_one_border_color__hover=&#8220;#FFD11B&#8220; button_two_text_color__hover=&#8220;#EF7A31&#8243; button_two_text_color__hover_enabled=&#8220;on|hover&#8220; button_two_bg_color__hover=&#8220;#FFD11B&#8220; button_two_bg_color__hover_enabled=&#8220;on|hover&#8220; button_two_border_color__hover=&#8220;#FFD11B&#8220; button_two_border_color__hover_enabled=&#8220;on|hover&#8220;]<\/p>\n<p>BONEY M.<br \/>FEAT MAIZIE<br \/>WILLIAMS<br \/>09.08.25<\/p>\n<p>[\/et_pb_fullwidth_header][\/et_pb_section][et_pb_section fb_built=&#8220;1&#8243; _builder_version=&#8220;4.27.4&#8243; _module_preset=&#8220;default&#8220; background_color=&#8220;#EF7A31&#8243; background_image=&#8220;https:\/\/portadrianomusic.es\/wp-content\/uploads\/2025\/04\/PAM_Letras.svg&#8220; background_position=&#8220;center_left&#8220; background_horizontal_offset=&#8220;58%&#8220; height_tablet=&#8220;auto&#8220; height_phone=&#8220;auto&#8220; height_last_edited=&#8220;on|phone&#8220; custom_padding=&#8220;||||false|false&#8220; da_disable_devices=&#8220;off|off|off&#8220; global_colors_info=&#8220;{}&#8220; da_is_popup=&#8220;off&#8220; da_exit_intent=&#8220;off&#8220; da_has_close=&#8220;on&#8220; da_alt_close=&#8220;off&#8220; da_dark_close=&#8220;off&#8220; da_not_modal=&#8220;on&#8220; da_is_singular=&#8220;off&#8220; da_with_loader=&#8220;off&#8220; da_has_shadow=&#8220;on&#8220;][et_pb_row column_structure=&#8220;2_3,1_3&#8243; use_custom_gutter=&#8220;on&#8220; gutter_width=&#8220;2&#8243; make_equal=&#8220;on&#8220; _builder_version=&#8220;4.27.4&#8243; _module_preset=&#8220;default&#8220; positioning=&#8220;none&#8220; position_origin_a=&#8220;center_center&#8220; position_origin_a_tablet=&#8220;center_center&#8220; position_origin_a_phone=&#8220;center_center&#8220; position_origin_a_last_edited=&#8220;on|phone&#8220; position_origin_f_tablet=&#8220;&#8220; position_origin_f_phone=&#8220;&#8220; position_origin_f_last_edited=&#8220;on|phone&#8220; position_origin_r_tablet=&#8220;&#8220; position_origin_r_phone=&#8220;&#8220; position_origin_r_last_edited=&#8220;on|phone&#8220; positioning_tablet=&#8220;none&#8220; positioning_phone=&#8220;none&#8220; positioning_last_edited=&#8220;on|phone&#8220; global_colors_info=&#8220;{}&#8220;][et_pb_column type=&#8220;2_3&#8243; _builder_version=&#8220;4.27.4&#8243; _module_preset=&#8220;default&#8220; global_colors_info=&#8220;{}&#8220;][et_pb_text _builder_version=&#8220;4.27.4&#8243; _module_preset=&#8220;default&#8220; header_2_font=&#8220;FolioStdBook||||||||&#8220; header_2_font_size=&#8220;60px&#8220; custom_margin=&#8220;||30px|||&#8220; header_2_font_size_tablet=&#8220;40px&#8220; header_2_font_size_phone=&#8220;30px&#8220; header_2_font_size_last_edited=&#8220;on|phone&#8220; locked=&#8220;off&#8220; global_colors_info=&#8220;{}&#8220;]<\/p>\n<h2>\u00a1PAM feiert ein unglaubliches Jubil\u00e4um, den 50. Geburtstag von Boney M.!<\/h2>\n<p>[\/et_pb_text][et_pb_text admin_label=&#8220;Text&#8220; _builder_version=&#8220;4.27.4&#8243; text_font=&#8220;FolioStdBook||||||||&#8220; text_font_size=&#8220;30px&#8220; text_line_height=&#8220;1.1em&#8220; link_text_color=&#8220;#FFD11B&#8220; link_font_size=&#8220;30px&#8220; link_line_height=&#8220;1.3em&#8220; background_size=&#8220;initial&#8220; background_position=&#8220;top_left&#8220; background_repeat=&#8220;repeat&#8220; text_font_size_tablet=&#8220;25px&#8220; text_font_size_phone=&#8220;20px&#8220; text_font_size_last_edited=&#8220;on|desktop&#8220; text_line_height_phone=&#8220;1.2em&#8220; text_line_height_last_edited=&#8220;off|tablet&#8220; locked=&#8220;off&#8220; global_colors_info=&#8220;{}&#8220; link_text_color__hover_enabled=&#8220;on|hover&#8220; link_text_color__hover=&#8220;#005593&#8243;]<\/p>\n<p>Das Port Adriano Music Festival bietet dir die einmalige Gelegenheit, den Einfluss, die Freude und das kulturelle Erbe einer der ikonischsten Gruppen der Pop- und Disco-Geschichte zu feiern.<\/p>\n<p>[\/et_pb_text][et_pb_text admin_label=&#8220;Text&#8220; _builder_version=&#8220;4.27.4&#8243; text_font=&#8220;FolioStdBook||||||||&#8220; text_font_size=&#8220;20px&#8220; text_line_height=&#8220;1.1em&#8220; link_text_color=&#8220;#FFD11B&#8220; link_font_size=&#8220;30px&#8220; link_line_height=&#8220;1.3em&#8220; background_size=&#8220;initial&#8220; background_position=&#8220;top_left&#8220; background_repeat=&#8220;repeat&#8220; text_font_size_tablet=&#8220;18px&#8220; text_font_size_phone=&#8220;16px&#8220; text_font_size_last_edited=&#8220;on|phone&#8220; text_line_height_phone=&#8220;1.2em&#8220; text_line_height_last_edited=&#8220;off|tablet&#8220; locked=&#8220;off&#8220; global_colors_info=&#8220;{}&#8220; link_text_color__hover_enabled=&#8220;on|hover&#8220; link_text_color__hover=&#8220;#005593&#8243;]<\/p>\n<p>Vor f\u00fcnfzig Jahren, in der lebendigen Welt der siebziger Jahre, trat Boney M mit einem frischen, dynamischen und unwiderstehlichen Sound auf den Plan. \u201eRivers of Babylon\u201c, \u201eRasputin\u201c, \u201eMa Baker\u201c und \u201eDaddy Cool\u201c waren nicht nur weltweite Hits, sondern definierten auch eine musikalische \u00c4ra. Die Musik von Boney M. \u00fcberschritt Grenzen und Kulturen und vereinte Tausende von Menschen auf Tanzfl\u00e4chen auf der ganzen Welt.<\/p>\n<p>PAM feiert diesen goldenen Geburtstag und erinnert an die Freude, die Einheit und den Rhythmus von Boney M.<\/p>\n<p>[\/et_pb_text][et_pb_button button_url=&#8220;https:\/\/www.enterticket.es\/eventos\/boney-m-pam-2025-643523&#8243; url_new_window=&#8220;on&#8220; button_text=&#8220;SOLD OUT&#8220; _builder_version=&#8220;4.27.4&#8243; _module_preset=&#8220;default&#8220; custom_button=&#8220;on&#8220; button_text_color=&#8220;#FFD11B&#8220; button_border_radius=&#8220;0px&#8220; button_use_icon=&#8220;off&#8220; custom_padding=&#8220;20px|45px|20px|45px|true|true&#8220; custom_padding_tablet=&#8220;20px|45px|20px|45px|true|true&#8220; custom_padding_phone=&#8220;15px|40px|15px|40px|true|true&#8220; custom_padding_last_edited=&#8220;on|phone&#8220; hover_enabled=&#8220;0&#8243; locked=&#8220;off&#8220; global_colors_info=&#8220;{}&#8220; button_text_color__hover_enabled=&#8220;on|hover&#8220; button_text_color__hover=&#8220;#EF7A31&#8243; button_bg_color__hover_enabled=&#8220;on|hover&#8220; button_bg_color__hover=&#8220;#FFD11B&#8220; button_bg_enable_color__hover=&#8220;on&#8220; button_border_color__hover_enabled=&#8220;on|hover&#8220; button_border_color__hover=&#8220;#FFD11B&#8220; sticky_enabled=&#8220;0&#8243;][\/et_pb_button][\/et_pb_column][et_pb_column type=&#8220;1_3&#8243; _builder_version=&#8220;4.27.4&#8243; _module_preset=&#8220;default&#8220; background_video_mp4=&#8220;https:\/\/portadrianomusic.es\/wp-content\/uploads\/2025\/05\/BONEY-M.-story.mp4&#8243; global_colors_info=&#8220;{}&#8220;][et_pb_divider show_divider=&#8220;off&#8220; _builder_version=&#8220;4.27.4&#8243; _module_preset=&#8220;default&#8220; height=&#8220;90vh&#8220; height_tablet=&#8220;100vh&#8220; height_phone=&#8220;60vh&#8220; height_last_edited=&#8220;on|desktop&#8220; locked=&#8220;off&#8220; global_colors_info=&#8220;{}&#8220;][\/et_pb_divider][\/et_pb_column][\/et_pb_row][et_pb_row column_structure=&#8220;2_3,1_3&#8243; use_custom_gutter=&#8220;on&#8220; gutter_width=&#8220;2&#8243; make_equal=&#8220;on&#8220; _builder_version=&#8220;4.27.4&#8243; _module_preset=&#8220;default&#8220; positioning=&#8220;none&#8220; position_origin_a=&#8220;center_center&#8220; position_origin_a_tablet=&#8220;center_center&#8220; position_origin_a_phone=&#8220;center_center&#8220; position_origin_a_last_edited=&#8220;on|phone&#8220; position_origin_f_tablet=&#8220;&#8220; position_origin_f_phone=&#8220;&#8220; position_origin_f_last_edited=&#8220;on|phone&#8220; position_origin_r_tablet=&#8220;&#8220; position_origin_r_phone=&#8220;&#8220; position_origin_r_last_edited=&#8220;on|phone&#8220; positioning_tablet=&#8220;none&#8220; positioning_phone=&#8220;none&#8220; positioning_last_edited=&#8220;on|phone&#8220; global_colors_info=&#8220;{}&#8220;][et_pb_column type=&#8220;2_3&#8243; _builder_version=&#8220;4.27.4&#8243; _module_preset=&#8220;default&#8220; global_colors_info=&#8220;{}&#8220;][et_pb_text admin_label=&#8220;Text&#8220; _builder_version=&#8220;4.27.4&#8243; text_font=&#8220;FolioStdBook||||||||&#8220; text_font_size=&#8220;30px&#8220; text_line_height=&#8220;1.1em&#8220; link_text_color=&#8220;#FFD11B&#8220; link_font_size=&#8220;30px&#8220; link_line_height=&#8220;1.3em&#8220; background_size=&#8220;initial&#8220; background_position=&#8220;top_left&#8220; background_repeat=&#8220;repeat&#8220; text_font_size_tablet=&#8220;25px&#8220; text_font_size_phone=&#8220;20px&#8220; text_font_size_last_edited=&#8220;on|desktop&#8220; text_line_height_phone=&#8220;1.2em&#8220; text_line_height_last_edited=&#8220;off|tablet&#8220; locked=&#8220;off&#8220; global_colors_info=&#8220;{}&#8220; link_text_color__hover_enabled=&#8220;on|hover&#8220; link_text_color__hover=&#8220;#005593&#8243;]<\/p>\n<p>Warm-Up con DJ Wilson 54.<\/p>\n<p>[\/et_pb_text][et_pb_text admin_label=&#8220;Text&#8220; _builder_version=&#8220;4.27.4&#8243; text_font=&#8220;FolioStdBook||||||||&#8220; text_font_size=&#8220;20px&#8220; text_line_height=&#8220;1.1em&#8220; link_text_color=&#8220;#FFD11B&#8220; link_font_size=&#8220;30px&#8220; link_line_height=&#8220;1.3em&#8220; background_size=&#8220;initial&#8220; background_position=&#8220;top_left&#8220; background_repeat=&#8220;repeat&#8220; hover_enabled=&#8220;0&#8243; text_font_size_tablet=&#8220;18px&#8220; text_font_size_phone=&#8220;16px&#8220; text_font_size_last_edited=&#8220;on|phone&#8220; text_line_height_phone=&#8220;1.2em&#8220; text_line_height_last_edited=&#8220;off|tablet&#8220; locked=&#8220;off&#8220; global_colors_info=&#8220;{}&#8220; link_text_color__hover_enabled=&#8220;on|hover&#8220; link_text_color__hover=&#8220;#005593&#8243; sticky_enabled=&#8220;0&#8243;]<\/p>\n<p>\ud83c\udfa7 DJ Wilson 54 \u2013 das Alter Ego von Willy De Loren \u2013 er\u00f6ffnet den Abend mit einem groovigen Warm-up-Set, in dem er seine disco-lastige Seite mit Klassikern aller Zeiten verbindet.<\/p>\n<p>Mach dich bereit, ab dem ersten Beat zu tanzen<span style=\"font-size: 20px;\">.<\/span><\/p>\n<p>[\/et_pb_text][et_pb_button button_url=&#8220;https:\/\/www.enterticket.es\/eventos\/boney-m-pam-2025-643523&#8243; url_new_window=&#8220;on&#8220; button_text=&#8220;SOLD OUT&#8220; _builder_version=&#8220;4.27.4&#8243; _module_preset=&#8220;default&#8220; custom_button=&#8220;on&#8220; button_text_color=&#8220;#FFD11B&#8220; button_border_radius=&#8220;0px&#8220; button_use_icon=&#8220;off&#8220; custom_padding=&#8220;20px|45px|20px|45px|true|true&#8220; custom_padding_tablet=&#8220;20px|45px|20px|45px|true|true&#8220; custom_padding_phone=&#8220;15px|40px|15px|40px|true|true&#8220; custom_padding_last_edited=&#8220;on|phone&#8220; hover_enabled=&#8220;0&#8243; locked=&#8220;off&#8220; global_colors_info=&#8220;{}&#8220; button_text_color__hover_enabled=&#8220;on|hover&#8220; button_text_color__hover=&#8220;#EF7A31&#8243; button_bg_color__hover_enabled=&#8220;on|hover&#8220; button_bg_color__hover=&#8220;#FFD11B&#8220; button_bg_enable_color__hover=&#8220;on&#8220; button_border_color__hover_enabled=&#8220;on|hover&#8220; button_border_color__hover=&#8220;#FFD11B&#8220; sticky_enabled=&#8220;0&#8243;][\/et_pb_button][\/et_pb_column][et_pb_column type=&#8220;1_3&#8243; _builder_version=&#8220;4.27.4&#8243; _module_preset=&#8220;default&#8220; background_video_mp4=&#8220;https:\/\/portadrianomusic.es\/wp-content\/uploads\/2025\/05\/BONEY-M.-story.mp4&#8243; global_colors_info=&#8220;{}&#8220;][et_pb_divider show_divider=&#8220;off&#8220; _builder_version=&#8220;4.27.4&#8243; _module_preset=&#8220;default&#8220; background_image=&#8220;https:\/\/portadrianomusic.es\/wp-content\/uploads\/2025\/08\/1000000031-scaled.jpg&#8220; height=&#8220;90vh&#8220; height_tablet=&#8220;100vh&#8220; height_phone=&#8220;60vh&#8220; height_last_edited=&#8220;on|desktop&#8220; max_height=&#8220;400px&#8220; hover_enabled=&#8220;0&#8243; locked=&#8220;off&#8220; global_colors_info=&#8220;{}&#8220; sticky_enabled=&#8220;0&#8243;][\/et_pb_divider][\/et_pb_column][\/et_pb_row][\/et_pb_section]<\/p>\n","protected":false},"excerpt":{"rendered":"<p>BONEY M.FEAT MAIZIEWILLIAMS09.08.25\u00a1PAM feiert ein unglaubliches Jubil\u00e4um, den 50. Geburtstag von Boney M.!Das Port Adriano Music Festival bietet dir die einmalige Gelegenheit, den Einfluss, die Freude und das kulturelle Erbe einer der ikonischsten Gruppen der Pop- und Disco-Geschichte zu feiern.Vor f\u00fcnfzig Jahren, in der lebendigen Welt der siebziger Jahre, trat Boney M mit einem frischen, [&hellip;]<\/p>\n","protected":false},"author":1,"featured_media":0,"parent":0,"menu_order":0,"comment_status":"closed","ping_status":"closed","template":"","meta":{"_et_pb_use_builder":"on","_et_pb_old_content":"","_et_gb_content_width":"","inline_featured_image":false,"footnotes":""},"difl_page_category":[],"class_list":["post-2370","page","type-page","status-publish","hentry"],"_links":{"self":[{"href":"https:\/\/portadrianomusic.es\/de\/wp-json\/wp\/v2\/pages\/2370","targetHints":{"allow":["GET"]}}],"collection":[{"href":"https:\/\/portadrianomusic.es\/de\/wp-json\/wp\/v2\/pages"}],"about":[{"href":"https:\/\/portadrianomusic.es\/de\/wp-json\/wp\/v2\/types\/page"}],"author":[{"embeddable":true,"href":"https:\/\/portadrianomusic.es\/de\/wp-json\/wp\/v2\/users\/1"}],"replies":[{"embeddable":true,"href":"https:\/\/portadrianomusic.es\/de\/wp-json\/wp\/v2\/comments?post=2370"}],"version-history":[{"count":4,"href":"https:\/\/portadrianomusic.es\/de\/wp-json\/wp\/v2\/pages\/2370\/revisions"}],"predecessor-version":[{"id":3271,"href":"https:\/\/portadrianomusic.es\/de\/wp-json\/wp\/v2\/pages\/2370\/revisions\/3271"}],"wp:attachment":[{"href":"https:\/\/portadrianomusic.es\/de\/wp-json\/wp\/v2\/media?parent=2370"}],"wp:term":[{"taxonomy":"difl_page_category","embeddable":true,"href":"https:\/\/portadrianomusic.es\/de\/wp-json\/wp\/v2\/difl_page_category?post=2370"}],"curies":[{"name":"wp","href":"https:\/\/api.w.org\/{rel}","templated":true}]}}