{"id":2373,"date":"2025-04-30T14:53:46","date_gmt":"2025-04-30T14:53:46","guid":{"rendered":"https:\/\/portadrianomusic.es\/boonie-tyler\/"},"modified":"2025-08-12T18:05:34","modified_gmt":"2025-08-12T18:05:34","slug":"boonie-tyler","status":"publish","type":"page","link":"https:\/\/portadrianomusic.es\/de\/boonie-tyler\/","title":{"rendered":"Boonie Tyler"},"content":{"rendered":"<p>[et_pb_section fb_built=&#8220;1&#8243; fullwidth=&#8220;on&#8220; _builder_version=&#8220;4.27.4&#8243; _module_preset=&#8220;default&#8220; background_color=&#8220;#EF7A31&#8243; background_image=&#8220;https:\/\/portadrianomusic.es\/wp-content\/uploads\/2025\/06\/Seccion-Top-Pag.-Interiores-3-\u2013-1.jpg&#8220; custom_padding=&#8220;||||false|false&#8220; background_last_edited=&#8220;on|phone&#8220; background_image_tablet=&#8220;https:\/\/portadrianomusic.es\/wp-content\/uploads\/2025\/06\/Web-1920-\u2013-2.jpg&#8220; background_image_phone=&#8220;https:\/\/portadrianomusic.es\/wp-content\/uploads\/2025\/06\/Web-1920-\u2013-2.jpg&#8220; background_enable_image_tablet=&#8220;on&#8220; background_enable_image_phone=&#8220;on&#8220; background_size_phone=&#8220;contain&#8220; background_position_phone=&#8220;top_center&#8220; da_disable_devices=&#8220;off|off|off&#8220; global_colors_info=&#8220;{}&#8220; da_is_popup=&#8220;off&#8220; da_exit_intent=&#8220;off&#8220; da_has_close=&#8220;on&#8220; da_alt_close=&#8220;off&#8220; da_dark_close=&#8220;off&#8220; da_not_modal=&#8220;on&#8220; da_is_singular=&#8220;off&#8220; da_with_loader=&#8220;off&#8220; da_has_shadow=&#8220;on&#8220;][et_pb_fullwidth_header _builder_version=&#8220;4.27.4&#8243; _module_preset=&#8220;default&#8220; title_text_color=&#8220;#FFD11B&#8220; title_font_size=&#8220;70px&#8220; title_line_height=&#8220;1.1em&#8220; content_text_color=&#8220;#FFD11B&#8220; content_font_size=&#8220;80px&#8220; content_line_height=&#8220;1em&#8220; background_color=&#8220;RGBA(255,255,255,0)&#8220; custom_button_one=&#8220;on&#8220; button_one_text_color=&#8220;#FFD11B&#8220; button_one_border_radius=&#8220;0px&#8220; button_one_font=&#8220;|||on|||||&#8220; button_one_use_icon=&#8220;off&#8220; button_one_custom_padding=&#8220;20px|45px|20px|45px|true|true&#8220; button_one_custom_padding_tablet=&#8220;20px|45px|20px|45px|true|true&#8220; button_one_custom_padding_phone=&#8220;15px|40px|15px|40px|true|true&#8220; button_one_custom_padding_last_edited=&#8220;on|phone&#8220; custom_button_two=&#8220;on&#8220; button_two_text_color=&#8220;#FFD11B&#8220; button_two_border_radius=&#8220;0px&#8220; button_two_font=&#8220;|||on|||||&#8220; button_two_use_icon=&#8220;off&#8220; button_two_custom_padding=&#8220;20px|45px|20px|45px|true|true&#8220; transform_scale_tablet=&#8220;&#8220; transform_scale_phone=&#8220;&#8220; transform_scale_last_edited=&#8220;on|desktop&#8220; transform_translate_tablet=&#8220;0px|0px&#8220; transform_translate_phone=&#8220;0px|0px&#8220; transform_translate_last_edited=&#8220;on|phone&#8220; transform_translate_linked=&#8220;off&#8220; transform_rotate_tablet=&#8220;&#8220; transform_rotate_phone=&#8220;&#8220; transform_rotate_last_edited=&#8220;on|desktop&#8220; transform_skew_tablet=&#8220;&#8220; transform_skew_phone=&#8220;&#8220; transform_skew_last_edited=&#8220;on|desktop&#8220; transform_origin_tablet=&#8220;&#8220; transform_origin_phone=&#8220;&#8220; transform_origin_last_edited=&#8220;on|desktop&#8220; height=&#8220;100vh&#8220; height_tablet=&#8220;100vh&#8220; height_phone=&#8220;auto&#8220; height_last_edited=&#8220;on|phone&#8220; custom_padding=&#8220;40vh||||false|false&#8220; custom_padding_tablet=&#8220;60vh||||false|false&#8220; custom_padding_phone=&#8220;19vh|||0px|false|false&#8220; custom_padding_last_edited=&#8220;on|tablet&#8220; title_font_size_tablet=&#8220;50px&#8220; title_font_size_phone=&#8220;30px&#8220; title_font_size_last_edited=&#8220;on|phone&#8220; content_font_size_tablet=&#8220;70px&#8220; content_font_size_phone=&#8220;45px&#8220; content_font_size_last_edited=&#8220;on|tablet&#8220; global_colors_info=&#8220;{}&#8220; button_one_bg_color__hover_enabled=&#8220;on|hover&#8220; button_one_bg_color__hover=&#8220;#FFD11B&#8220; button_one_bg_enable_color__hover=&#8220;on&#8220; button_one_text_color__hover_enabled=&#8220;on|hover&#8220; button_one_text_color__hover=&#8220;#EF7A31&#8243; button_one_border_color__hover_enabled=&#8220;on|hover&#8220; button_one_border_color__hover=&#8220;#FFD11B&#8220; button_two_text_color__hover=&#8220;#EF7A31&#8243; button_two_text_color__hover_enabled=&#8220;on|hover&#8220; button_two_bg_color__hover=&#8220;#FFD11B&#8220; button_two_bg_color__hover_enabled=&#8220;on|hover&#8220; button_two_border_color__hover=&#8220;#FFD11B&#8220; button_two_border_color__hover_enabled=&#8220;on|hover&#8220;]<\/p>\n<p>BONNIE<br \/>TYLER<br \/>16.08.25<\/p>\n<p>[\/et_pb_fullwidth_header][\/et_pb_section][et_pb_section fb_built=&#8220;1&#8243; _builder_version=&#8220;4.27.4&#8243; _module_preset=&#8220;default&#8220; background_color=&#8220;#EF7A31&#8243; background_image=&#8220;https:\/\/portadrianomusic.es\/wp-content\/uploads\/2025\/04\/PAM_Letras.svg&#8220; background_position=&#8220;center_left&#8220; background_horizontal_offset=&#8220;58%&#8220; height_tablet=&#8220;auto&#8220; height_phone=&#8220;auto&#8220; height_last_edited=&#8220;on|phone&#8220; custom_padding=&#8220;||||false|false&#8220; da_disable_devices=&#8220;off|off|off&#8220; global_colors_info=&#8220;{}&#8220; da_is_popup=&#8220;off&#8220; da_exit_intent=&#8220;off&#8220; da_has_close=&#8220;on&#8220; da_alt_close=&#8220;off&#8220; da_dark_close=&#8220;off&#8220; da_not_modal=&#8220;on&#8220; da_is_singular=&#8220;off&#8220; da_with_loader=&#8220;off&#8220; da_has_shadow=&#8220;on&#8220;][et_pb_row column_structure=&#8220;2_3,1_3&#8243; use_custom_gutter=&#8220;on&#8220; gutter_width=&#8220;2&#8243; make_equal=&#8220;on&#8220; _builder_version=&#8220;4.27.4&#8243; _module_preset=&#8220;default&#8220; positioning=&#8220;none&#8220; position_origin_a=&#8220;center_center&#8220; position_origin_a_tablet=&#8220;center_center&#8220; position_origin_a_phone=&#8220;center_center&#8220; position_origin_a_last_edited=&#8220;on|phone&#8220; position_origin_f_tablet=&#8220;&#8220; position_origin_f_phone=&#8220;&#8220; position_origin_f_last_edited=&#8220;on|phone&#8220; position_origin_r_tablet=&#8220;&#8220; position_origin_r_phone=&#8220;&#8220; position_origin_r_last_edited=&#8220;on|phone&#8220; positioning_tablet=&#8220;none&#8220; positioning_phone=&#8220;none&#8220; positioning_last_edited=&#8220;on|phone&#8220; global_colors_info=&#8220;{}&#8220;][et_pb_column type=&#8220;2_3&#8243; _builder_version=&#8220;4.27.4&#8243; _module_preset=&#8220;default&#8220; global_colors_info=&#8220;{}&#8220;][et_pb_text _builder_version=&#8220;4.27.4&#8243; _module_preset=&#8220;default&#8220; header_2_font=&#8220;FolioStdBook||||||||&#8220; header_2_font_size=&#8220;60px&#8220; custom_margin=&#8220;||30px|||&#8220; header_2_font_size_tablet=&#8220;40px&#8220; header_2_font_size_phone=&#8220;30px&#8220; header_2_font_size_last_edited=&#8220;on|phone&#8220; locked=&#8220;off&#8220; global_colors_info=&#8220;{}&#8220;]<\/p>\n<h2>Erlebe das unvergessliche Live-Konzert von Bonnie Tyler!<\/h2>\n<p>[\/et_pb_text][et_pb_text admin_label=&#8220;Text&#8220; _builder_version=&#8220;4.27.4&#8243; text_font=&#8220;FolioStdBook||||||||&#8220; text_font_size=&#8220;30px&#8220; text_line_height=&#8220;1.1em&#8220; link_text_color=&#8220;#FFD11B&#8220; link_font_size=&#8220;30px&#8220; link_line_height=&#8220;1.3em&#8220; background_size=&#8220;initial&#8220; background_position=&#8220;top_left&#8220; background_repeat=&#8220;repeat&#8220; text_font_size_tablet=&#8220;25px&#8220; text_font_size_phone=&#8220;20px&#8220; text_font_size_last_edited=&#8220;on|desktop&#8220; text_line_height_phone=&#8220;1.2em&#8220; text_line_height_last_edited=&#8220;off|tablet&#8220; locked=&#8220;off&#8220; global_colors_info=&#8220;{}&#8220; link_text_color__hover_enabled=&#8220;on|hover&#8220; link_text_color__hover=&#8220;#005593&#8243;]<\/p>\n<p>Bonnie Tyler feiert beim Port Adriano Music Festival ihre f\u00fcnfzigj\u00e4hrige Musikkarriere. Die ikonischste S\u00e4ngerin aus Wales wird auf der PAM-B\u00fchne ihre gr\u00f6\u00dften Hits performen und eine Atmosph\u00e4re schaffen, die das Publikum in die Kl\u00e4nge und Stile des 80er Pop-Rocks eintauchen l\u00e4sst.<\/p>\n<p>[\/et_pb_text][et_pb_text admin_label=&#8220;Text&#8220; _builder_version=&#8220;4.27.4&#8243; text_font=&#8220;FolioStdBook||||||||&#8220; text_font_size=&#8220;20px&#8220; text_line_height=&#8220;1.1em&#8220; link_text_color=&#8220;#FFD11B&#8220; link_font_size=&#8220;30px&#8220; link_line_height=&#8220;1.3em&#8220; background_size=&#8220;initial&#8220; background_position=&#8220;top_left&#8220; background_repeat=&#8220;repeat&#8220; text_font_size_tablet=&#8220;18px&#8220; text_font_size_phone=&#8220;16px&#8220; text_font_size_last_edited=&#8220;on|phone&#8220; text_line_height_phone=&#8220;1.2em&#8220; text_line_height_last_edited=&#8220;off|tablet&#8220; locked=&#8220;off&#8220; global_colors_info=&#8220;{}&#8220; link_text_color__hover_enabled=&#8220;on|hover&#8220; link_text_color__hover=&#8220;#005593&#8243;]<\/p>\n<p>Tyler hat weltweiten Erfolg erzielt und ist bekannt f\u00fcr ihre Stimme und eine lange Liste erfolgreicher Singles, darunter <strong><em>Total Eclipse of the Heart, It&#8217;s a Heartache, Holding Out for a Hero, Lost in France, More Than a Lover, Bitterblue <\/em><\/strong><em>und<strong> If I Sing You a Love Song.<\/strong> <\/em><\/p>\n<p>PAM bietet dir die M\u00f6glichkeit, ein einzigartiges Musikerlebnis zu erleben, bei dem du die beste Musik genie\u00dfen, die gr\u00f6\u00dften Hits mitsingen und live eine der besten internationalen Stimmen auf der spektakul\u00e4ren B\u00fchne von Port Adriano, Mallorca, erleben kannst.<\/p>\n<p>[\/et_pb_text][et_pb_button button_url=&#8220;https:\/\/www.enterticket.es\/eventos\/bonnie-tyler-pam-2025-793556&#8243; url_new_window=&#8220;on&#8220; button_text=&#8220;SOLD OUT&#8220; _builder_version=&#8220;4.27.4&#8243; _module_preset=&#8220;default&#8220; custom_button=&#8220;on&#8220; button_text_color=&#8220;#FFD11B&#8220; button_border_radius=&#8220;0px&#8220; button_use_icon=&#8220;off&#8220; custom_padding=&#8220;20px|45px|20px|45px|true|true&#8220; custom_padding_tablet=&#8220;20px|45px|20px|45px|true|true&#8220; custom_padding_phone=&#8220;15px|40px|15px|40px|true|true&#8220; custom_padding_last_edited=&#8220;on|phone&#8220; hover_enabled=&#8220;0&#8243; locked=&#8220;off&#8220; global_colors_info=&#8220;{}&#8220; button_text_color__hover_enabled=&#8220;on|hover&#8220; button_text_color__hover=&#8220;#EF7A31&#8243; button_bg_color__hover_enabled=&#8220;on|hover&#8220; button_bg_color__hover=&#8220;#FFD11B&#8220; button_bg_enable_color__hover=&#8220;on&#8220; button_border_color__hover_enabled=&#8220;on|hover&#8220; button_border_color__hover=&#8220;#FFD11B&#8220; sticky_enabled=&#8220;0&#8243;][\/et_pb_button][\/et_pb_column][et_pb_column type=&#8220;1_3&#8243; _builder_version=&#8220;4.27.4&#8243; _module_preset=&#8220;default&#8220; background_video_mp4=&#8220;https:\/\/portadrianomusic.es\/wp-content\/uploads\/2025\/05\/BONNIE-story.mp4&#8243; global_colors_info=&#8220;{}&#8220;][et_pb_divider show_divider=&#8220;off&#8220; _builder_version=&#8220;4.27.4&#8243; _module_preset=&#8220;default&#8220; height=&#8220;90vh&#8220; height_tablet=&#8220;100vh&#8220; height_phone=&#8220;60vh&#8220; height_last_edited=&#8220;on|desktop&#8220; locked=&#8220;off&#8220; global_colors_info=&#8220;{}&#8220;][\/et_pb_divider][\/et_pb_column][\/et_pb_row][\/et_pb_section]<\/p>\n","protected":false},"excerpt":{"rendered":"<p>BONNIETYLER16.08.25Erlebe das unvergessliche Live-Konzert von Bonnie Tyler!Bonnie Tyler feiert beim Port Adriano Music Festival ihre f\u00fcnfzigj\u00e4hrige Musikkarriere. Die ikonischste S\u00e4ngerin aus Wales wird auf der PAM-B\u00fchne ihre gr\u00f6\u00dften Hits performen und eine Atmosph\u00e4re schaffen, die das Publikum in die Kl\u00e4nge und Stile des 80er Pop-Rocks eintauchen l\u00e4sst.Tyler hat weltweiten Erfolg erzielt und ist bekannt f\u00fcr [&hellip;]<\/p>\n","protected":false},"author":1,"featured_media":0,"parent":0,"menu_order":0,"comment_status":"closed","ping_status":"closed","template":"","meta":{"_et_pb_use_builder":"on","_et_pb_old_content":"","_et_gb_content_width":"","inline_featured_image":false,"footnotes":""},"difl_page_category":[],"class_list":["post-2373","page","type-page","status-publish","hentry"],"_links":{"self":[{"href":"https:\/\/portadrianomusic.es\/de\/wp-json\/wp\/v2\/pages\/2373","targetHints":{"allow":["GET"]}}],"collection":[{"href":"https:\/\/portadrianomusic.es\/de\/wp-json\/wp\/v2\/pages"}],"about":[{"href":"https:\/\/portadrianomusic.es\/de\/wp-json\/wp\/v2\/types\/page"}],"author":[{"embeddable":true,"href":"https:\/\/portadrianomusic.es\/de\/wp-json\/wp\/v2\/users\/1"}],"replies":[{"embeddable":true,"href":"https:\/\/portadrianomusic.es\/de\/wp-json\/wp\/v2\/comments?post=2373"}],"version-history":[{"count":4,"href":"https:\/\/portadrianomusic.es\/de\/wp-json\/wp\/v2\/pages\/2373\/revisions"}],"predecessor-version":[{"id":3284,"href":"https:\/\/portadrianomusic.es\/de\/wp-json\/wp\/v2\/pages\/2373\/revisions\/3284"}],"wp:attachment":[{"href":"https:\/\/portadrianomusic.es\/de\/wp-json\/wp\/v2\/media?parent=2373"}],"wp:term":[{"taxonomy":"difl_page_category","embeddable":true,"href":"https:\/\/portadrianomusic.es\/de\/wp-json\/wp\/v2\/difl_page_category?post=2373"}],"curies":[{"name":"wp","href":"https:\/\/api.w.org\/{rel}","templated":true}]}}