{"id":2379,"date":"2025-03-21T12:11:56","date_gmt":"2025-03-21T12:11:56","guid":{"rendered":"https:\/\/portadrianomusic.es\/condiciones-de-compra\/"},"modified":"2025-05-30T09:22:41","modified_gmt":"2025-05-30T09:22:41","slug":"kaufbedingungen","status":"publish","type":"page","link":"https:\/\/portadrianomusic.es\/de\/kaufbedingungen\/","title":{"rendered":"Kaufbedingungen"},"content":{"rendered":"<p>[et_pb_section fb_built=&#8220;1&#8243; _builder_version=&#8220;4.27.4&#8243; background_color=&#8220;#EF7A31&#8243; global_colors_info=&#8220;{}&#8220; da_is_popup=&#8220;off&#8220; da_exit_intent=&#8220;off&#8220; da_has_close=&#8220;on&#8220; da_alt_close=&#8220;off&#8220; da_dark_close=&#8220;off&#8220; da_not_modal=&#8220;on&#8220; da_is_singular=&#8220;off&#8220; da_with_loader=&#8220;off&#8220; da_has_shadow=&#8220;on&#8220; da_disable_devices=&#8220;off|off|off&#8220;][et_pb_row _builder_version=&#8220;4.27.4&#8243; _module_preset=&#8220;default&#8220; global_colors_info=&#8220;{}&#8220;][et_pb_column type=&#8220;4_4&#8243; _builder_version=&#8220;4.27.4&#8243; _module_preset=&#8220;default&#8220; global_colors_info=&#8220;{}&#8220;][et_pb_divider show_divider=&#8220;off&#8220; _builder_version=&#8220;4.27.4&#8243; _module_preset=&#8220;default&#8220; global_colors_info=&#8220;{}&#8220;][\/et_pb_divider][\/et_pb_column][\/et_pb_row][et_pb_row _builder_version=&#8220;4.16&#8243; background_size=&#8220;initial&#8220; background_position=&#8220;top_left&#8220; background_repeat=&#8220;repeat&#8220; global_colors_info=&#8220;{}&#8220;][et_pb_column type=&#8220;4_4&#8243; _builder_version=&#8220;4.16&#8243; custom_padding=&#8220;|||&#8220; global_colors_info=&#8220;{}&#8220; custom_padding__hover=&#8220;|||&#8220;][et_pb_text _builder_version=&#8220;4.27.4&#8243; _module_preset=&#8220;default&#8220; header_2_font=&#8220;FolioStdBook||||||||&#8220; header_2_font_size=&#8220;70px&#8220; custom_margin=&#8220;||30px|||&#8220; hover_enabled=&#8220;0&#8243; header_2_font_size_tablet=&#8220;50px&#8220; header_2_font_size_phone=&#8220;30px&#8220; header_2_font_size_last_edited=&#8220;on|tablet&#8220; locked=&#8220;off&#8220; global_colors_info=&#8220;{}&#8220; sticky_enabled=&#8220;0&#8243;]<\/p>\n<h2>Allgemeine Kaufbedingungen<\/h2>\n<p>[\/et_pb_text][et_pb_text admin_label=&#8220;Text&#8220; _builder_version=&#8220;4.27.4&#8243; text_font=&#8220;FolioStdBook||||||||&#8220; text_font_size=&#8220;20px&#8220; text_line_height=&#8220;1.2em&#8220; link_font=&#8220;||||on||||&#8220; link_text_color=&#8220;#FFD11B&#8220; background_size=&#8220;initial&#8220; background_position=&#8220;top_left&#8220; background_repeat=&#8220;repeat&#8220; hover_enabled=&#8220;0&#8243; text_font_size_tablet=&#8220;18px&#8220; text_font_size_phone=&#8220;16px&#8220; text_font_size_last_edited=&#8220;on|phone&#8220; text_line_height_phone=&#8220;1.2em&#8220; text_line_height_last_edited=&#8220;off|tablet&#8220; locked=&#8220;off&#8220; global_colors_info=&#8220;{}&#8220; link_text_color__hover_enabled=&#8220;on|hover&#8220; link_text_color__hover=&#8220;#005593&#8243; sticky_enabled=&#8220;0&#8243;]<\/p>\n<ul>\n<li style=\"font-weight: 400;\" aria-level=\"1\">Die Veranstalter garantieren nicht die Echtheit der Eintrittskarte, wenn sie nicht an offiziellen Verkaufsstellen erworben wurde.<\/li>\n<li style=\"font-weight: 400;\" aria-level=\"1\">Nach dem Kauf der Eintrittskarte sind weder \u00c4nderungen noch R\u00fcckerstattungen m\u00f6glich.<\/li>\n<li style=\"font-weight: 400;\" aria-level=\"1\">Bei Verlust, Besch\u00e4digung, Diebstahl oder Zerst\u00f6rung wird kein Ersatz geleistet.<\/li>\n<li style=\"font-weight: 400;\" aria-level=\"1\">Erm\u00e4\u00dfigte oder spezielle Eintrittskarten m\u00fcssen beim Einlass mit einem entsprechenden Nachweis belegt werden. Ohne diesen Nachweis ist die Eintrittskarte ung\u00fcltig.<\/li>\n<li style=\"font-weight: 400;\" aria-level=\"1\">Beim Betreten des Veranstaltungsortes kann das Publikum gesetzlich kontrolliert werden. Gegenst\u00e4nde, die von der Organisation als gef\u00e4hrlich eingestuft werden, sind nicht erlaubt. Einlassvorbehalt bleibt bestehen.<\/li>\n<li style=\"font-weight: 400;\" aria-level=\"1\">Der Zutritt ist nur mit einer vollst\u00e4ndigen und unbesch\u00e4digten Eintrittskarte m\u00f6glich. Der Inhaber verliert beim Verlassen des Gel\u00e4ndes seine Rechte. Die Organisation entscheidet \u00fcber den Einlass nach Beginn der Veranstaltung.<\/li>\n<li style=\"font-weight: 400;\" aria-level=\"1\">Die Organisation beh\u00e4lt sich das Recht vor, das Programm zu \u00e4ndern oder zu modifizieren. Im Falle einer Absage wird der Ticketpreis erstattet.<\/li>\n<li style=\"font-weight: 400;\" aria-level=\"1\">Beschwerden \u00fcber die Durchf\u00fchrung, \u00c4nderung oder Absage der Veranstaltung m\u00fcssen unter Vorlage des Tickets an die Organisation gerichtet werden.<\/li>\n<li style=\"font-weight: 400;\" aria-level=\"1\">Es liegt in der Verantwortung des Kunden, die Eigenschaften und Besonderheiten jeder Veranstaltung zu lesen.<\/li>\n<\/ul>\n<p>Contemporanea Music Conciertos &amp; Festivales A.I.E CIF. V16660037.<br \/>C\/ Ram\u00f3n y Cajal, 20A, 1\u00baB 07011 Palma \u2013 Balearen (Spanien)<br \/>Kontakt: Tickets@contemporaneamusic.com<\/p>\n<p>[\/et_pb_text][\/et_pb_column][\/et_pb_row][\/et_pb_section]<\/p>\n","protected":false},"excerpt":{"rendered":"<p>Allgemeine Kaufbedingungen Die Veranstalter garantieren nicht die Echtheit der Eintrittskarte, wenn sie nicht an offiziellen Verkaufsstellen erworben wurde. Nach dem Kauf der Eintrittskarte sind weder \u00c4nderungen noch R\u00fcckerstattungen m\u00f6glich. Bei Verlust, Besch\u00e4digung, Diebstahl oder Zerst\u00f6rung wird kein Ersatz geleistet. Erm\u00e4\u00dfigte oder spezielle Eintrittskarten m\u00fcssen beim Einlass mit einem entsprechenden Nachweis belegt werden. Ohne diesen Nachweis [&hellip;]<\/p>\n","protected":false},"author":1,"featured_media":0,"parent":0,"menu_order":0,"comment_status":"closed","ping_status":"closed","template":"","meta":{"_et_pb_use_builder":"on","_et_pb_old_content":"","_et_gb_content_width":"","inline_featured_image":false,"footnotes":""},"difl_page_category":[],"class_list":["post-2379","page","type-page","status-publish","hentry"],"_links":{"self":[{"href":"https:\/\/portadrianomusic.es\/de\/wp-json\/wp\/v2\/pages\/2379","targetHints":{"allow":["GET"]}}],"collection":[{"href":"https:\/\/portadrianomusic.es\/de\/wp-json\/wp\/v2\/pages"}],"about":[{"href":"https:\/\/portadrianomusic.es\/de\/wp-json\/wp\/v2\/types\/page"}],"author":[{"embeddable":true,"href":"https:\/\/portadrianomusic.es\/de\/wp-json\/wp\/v2\/users\/1"}],"replies":[{"embeddable":true,"href":"https:\/\/portadrianomusic.es\/de\/wp-json\/wp\/v2\/comments?post=2379"}],"version-history":[{"count":2,"href":"https:\/\/portadrianomusic.es\/de\/wp-json\/wp\/v2\/pages\/2379\/revisions"}],"predecessor-version":[{"id":2460,"href":"https:\/\/portadrianomusic.es\/de\/wp-json\/wp\/v2\/pages\/2379\/revisions\/2460"}],"wp:attachment":[{"href":"https:\/\/portadrianomusic.es\/de\/wp-json\/wp\/v2\/media?parent=2379"}],"wp:term":[{"taxonomy":"difl_page_category","embeddable":true,"href":"https:\/\/portadrianomusic.es\/de\/wp-json\/wp\/v2\/difl_page_category?post=2379"}],"curies":[{"name":"wp","href":"https:\/\/api.w.org\/{rel}","templated":true}]}}