{"id":2388,"date":"2025-05-05T11:03:03","date_gmt":"2025-05-05T11:03:03","guid":{"rendered":"https:\/\/portadrianomusic.es\/festival-seguro\/"},"modified":"2025-05-30T10:39:14","modified_gmt":"2025-05-30T10:39:14","slug":"sicheres-festival","status":"publish","type":"page","link":"https:\/\/portadrianomusic.es\/de\/sicheres-festival\/","title":{"rendered":"Sicheres Festival"},"content":{"rendered":"<p>[et_pb_section fb_built=&#8220;1&#8243; fullwidth=&#8220;on&#8220; _builder_version=&#8220;4.27.4&#8243; _module_preset=&#8220;default&#8220; background_color=&#8220;#005593&#8243; background_image=&#8220;https:\/\/portadrianomusic.es\/wp-content\/uploads\/2025\/05\/PAM-6.jpeg&#8220; custom_padding=&#8220;||||false|false&#8220; da_disable_devices=&#8220;off|off|off&#8220; global_colors_info=&#8220;{}&#8220; da_is_popup=&#8220;off&#8220; da_exit_intent=&#8220;off&#8220; da_has_close=&#8220;on&#8220; da_alt_close=&#8220;off&#8220; da_dark_close=&#8220;off&#8220; da_not_modal=&#8220;on&#8220; da_is_singular=&#8220;off&#8220; da_with_loader=&#8220;off&#8220; da_has_shadow=&#8220;on&#8220;][et_pb_fullwidth_header title=&#8220;Port Adriano, der erste Hafen auf Mallorca, der das \u201cSAFE TOURISM\u201d-Zertifikat erhalten hat&#8220; _builder_version=&#8220;4.27.4&#8243; _module_preset=&#8220;default&#8220; title_text_align=&#8220;left&#8220; title_text_color=&#8220;#FFD11B&#8220; title_font_size=&#8220;70px&#8220; title_line_height=&#8220;1.1em&#8220; background_color=&#8220;RGBA(255,255,255,0)&#8220; background_image=&#8220;https:\/\/portadrianomusic.es\/wp-content\/uploads\/2025\/05\/Top_Img_2.svg&#8220; height=&#8220;100vh&#8220; height_tablet=&#8220;auto&#8220; height_phone=&#8220;auto&#8220; height_last_edited=&#8220;on|phone&#8220; custom_padding=&#8220;40vh||||false|false&#8220; custom_padding_tablet=&#8220;30vh||||false|false&#8220; custom_padding_phone=&#8220;20vh||||false|false&#8220; custom_padding_last_edited=&#8220;on|phone&#8220; hover_enabled=&#8220;0&#8243; title_font_size_tablet=&#8220;50px&#8220; title_font_size_phone=&#8220;30px&#8220; title_font_size_last_edited=&#8220;on|phone&#8220; global_colors_info=&#8220;{}&#8220; sticky_enabled=&#8220;0&#8243;][\/et_pb_fullwidth_header][\/et_pb_section][et_pb_section fb_built=&#8220;1&#8243; _builder_version=&#8220;4.27.4&#8243; _module_preset=&#8220;default&#8220; background_color=&#8220;#EF7A31&#8243; background_image=&#8220;https:\/\/portadrianomusic.es\/wp-content\/uploads\/2025\/04\/PAM_Letras.svg&#8220; background_position=&#8220;center_left&#8220; background_horizontal_offset=&#8220;58%&#8220; height=&#8220;100vh&#8220; height_tablet=&#8220;auto&#8220; height_phone=&#8220;auto&#8220; height_last_edited=&#8220;on|phone&#8220; custom_padding=&#8220;||||false|false&#8220; da_disable_devices=&#8220;off|off|off&#8220; global_colors_info=&#8220;{}&#8220; da_is_popup=&#8220;off&#8220; da_exit_intent=&#8220;off&#8220; da_has_close=&#8220;on&#8220; da_alt_close=&#8220;off&#8220; da_dark_close=&#8220;off&#8220; da_not_modal=&#8220;on&#8220; da_is_singular=&#8220;off&#8220; da_with_loader=&#8220;off&#8220; da_has_shadow=&#8220;on&#8220;][et_pb_row use_custom_gutter=&#8220;on&#8220; gutter_width=&#8220;2&#8243; make_equal=&#8220;on&#8220; _builder_version=&#8220;4.27.4&#8243; _module_preset=&#8220;default&#8220; positioning=&#8220;none&#8220; position_origin_a=&#8220;center_center&#8220; position_origin_a_tablet=&#8220;center_center&#8220; position_origin_a_phone=&#8220;center_center&#8220; position_origin_a_last_edited=&#8220;on|phone&#8220; position_origin_f_tablet=&#8220;&#8220; position_origin_f_phone=&#8220;&#8220; position_origin_f_last_edited=&#8220;on|phone&#8220; position_origin_r_tablet=&#8220;&#8220; position_origin_r_phone=&#8220;&#8220; position_origin_r_last_edited=&#8220;on|phone&#8220; positioning_tablet=&#8220;none&#8220; positioning_phone=&#8220;none&#8220; positioning_last_edited=&#8220;on|phone&#8220; global_colors_info=&#8220;{}&#8220;][et_pb_column type=&#8220;4_4&#8243; _builder_version=&#8220;4.27.4&#8243; _module_preset=&#8220;default&#8220; global_colors_info=&#8220;{}&#8220;][et_pb_text admin_label=&#8220;Text&#8220; _builder_version=&#8220;4.27.4&#8243; text_font=&#8220;FolioStdBook||||||||&#8220; text_font_size=&#8220;30px&#8220; text_line_height=&#8220;1.1em&#8220; link_text_color=&#8220;#FFD11B&#8220; link_font_size=&#8220;30px&#8220; link_line_height=&#8220;1.3em&#8220; background_size=&#8220;initial&#8220; background_position=&#8220;top_left&#8220; background_repeat=&#8220;repeat&#8220; hover_enabled=&#8220;0&#8243; text_font_size_tablet=&#8220;25px&#8220; text_font_size_phone=&#8220;20px&#8220; text_font_size_last_edited=&#8220;on|desktop&#8220; text_line_height_phone=&#8220;1.2em&#8220; text_line_height_last_edited=&#8220;off|tablet&#8220; locked=&#8220;off&#8220; global_colors_info=&#8220;{}&#8220; link_text_color__hover_enabled=&#8220;on|hover&#8220; link_text_color__hover=&#8220;#005593&#8243; sticky_enabled=&#8220;0&#8243;]<\/p>\n<p>Port Adriano hat das \u201cSAFE TOURISM\u201d-Zertifikat erhalten, ein Siegel, das vom Spanischen Institut f\u00fcr Tourismusqualit\u00e4t (ICTE) gef\u00f6rdert wird und eine Garantie- und Zertifizierungsmarke f\u00fcr die korrekte Umsetzung von Gesundheits-Sicherheitsma\u00dfnahmen gegen COVID-19 darstellt.<\/p>\n<p>Um dieses Zertifikat zu erhalten, musste Port Adriano seine Protokolle an die Richtlinien der spanischen Norm \u201cUNE 0066-15 Ma\u00dfnahmen zur Reduzierung der Ansteckung mit dem Coronavirus SARS-CoV-2\u201d anpassen, die speziell f\u00fcr \u201cNautische Sportanlagen und nautische Aktivit\u00e4ten\u201d gilt.<\/p>\n<p>Das unabh\u00e4ngige Unternehmen SGS, weltweit f\u00fchrend in Inspektion, Verifikation, Analyse und Zertifizierung, war f\u00fcr die Durchf\u00fchrung des Audits verantwortlich, das die Einhaltung der in der Norm festgelegten Spezifikationen \u00fcberpr\u00fcft.<br \/>\u201cSafe Tourism\u201d vermittelt das Konzept des zertifizierten sicheren Tourismus und zeigt, dass Port Adriano eine engagierte Einrichtung ist, die dazu beitr\u00e4gt, eine sichere Umgebung zu schaffen, die an die neue gesellschaftliche Realit\u00e4t angepasst ist. Es wurden viele Ma\u00dfnahmen ergriffen, um die Vorschriften einzuhalten, wie die \u00c4nderung oder Erstellung von Sicherheits- und Hygieneprotokollen in den verschiedenen Abteilungen, Zugangskontrollen und Begrenzung der Kapazit\u00e4t in kritischen Bereichen, spezifische interne Schulungen zu COVID-19 und der Verwendung von PSA, erh\u00f6hte Reinigungsfrequenz der Gemeinschaftsbereiche, Implementierung von Beschilderungen, Kapazit\u00e4tskontrollen usw.<\/p>\n<p><a href=\"https:\/\/www.calidadturistica.es\/\" target=\"_blank\" rel=\"noopener\"><strong>ICTE: Spanisches Institut f\u00fcr Tourismusqualit\u00e4t (ICTE).<\/strong><\/a> Es ist eine Zertifizierungsstelle f\u00fcr Qualit\u00e4tssysteme, die speziell f\u00fcr Tourismusunternehmen geschaffen wurde. Es handelt sich um eine spanische private, unabh\u00e4ngige, gemeinn\u00fctzige Organisation, die landesweit anerkannt ist.<\/p>\n<p>[\/et_pb_text][\/et_pb_column][\/et_pb_row][\/et_pb_section]<\/p>\n","protected":false},"excerpt":{"rendered":"<p>Port Adriano hat das \u201cSAFE TOURISM\u201d-Zertifikat erhalten, ein Siegel, das vom Spanischen Institut f\u00fcr Tourismusqualit\u00e4t (ICTE) gef\u00f6rdert wird und eine Garantie- und Zertifizierungsmarke f\u00fcr die korrekte Umsetzung von Gesundheits-Sicherheitsma\u00dfnahmen gegen COVID-19 darstellt. Um dieses Zertifikat zu erhalten, musste Port Adriano seine Protokolle an die Richtlinien der spanischen Norm \u201cUNE 0066-15 Ma\u00dfnahmen zur Reduzierung der Ansteckung [&hellip;]<\/p>\n","protected":false},"author":1,"featured_media":0,"parent":0,"menu_order":0,"comment_status":"closed","ping_status":"closed","template":"","meta":{"_et_pb_use_builder":"on","_et_pb_old_content":"","_et_gb_content_width":"","inline_featured_image":false,"footnotes":""},"difl_page_category":[],"class_list":["post-2388","page","type-page","status-publish","hentry"],"_links":{"self":[{"href":"https:\/\/portadrianomusic.es\/de\/wp-json\/wp\/v2\/pages\/2388","targetHints":{"allow":["GET"]}}],"collection":[{"href":"https:\/\/portadrianomusic.es\/de\/wp-json\/wp\/v2\/pages"}],"about":[{"href":"https:\/\/portadrianomusic.es\/de\/wp-json\/wp\/v2\/types\/page"}],"author":[{"embeddable":true,"href":"https:\/\/portadrianomusic.es\/de\/wp-json\/wp\/v2\/users\/1"}],"replies":[{"embeddable":true,"href":"https:\/\/portadrianomusic.es\/de\/wp-json\/wp\/v2\/comments?post=2388"}],"version-history":[{"count":2,"href":"https:\/\/portadrianomusic.es\/de\/wp-json\/wp\/v2\/pages\/2388\/revisions"}],"predecessor-version":[{"id":2508,"href":"https:\/\/portadrianomusic.es\/de\/wp-json\/wp\/v2\/pages\/2388\/revisions\/2508"}],"wp:attachment":[{"href":"https:\/\/portadrianomusic.es\/de\/wp-json\/wp\/v2\/media?parent=2388"}],"wp:term":[{"taxonomy":"difl_page_category","embeddable":true,"href":"https:\/\/portadrianomusic.es\/de\/wp-json\/wp\/v2\/difl_page_category?post=2388"}],"curies":[{"name":"wp","href":"https:\/\/api.w.org\/{rel}","templated":true}]}}