{"id":2403,"date":"2025-04-30T07:43:43","date_gmt":"2025-04-30T07:43:43","guid":{"rendered":"https:\/\/portadrianomusic.es\/politica-de-cookies\/"},"modified":"2025-05-30T11:53:13","modified_gmt":"2025-05-30T11:53:13","slug":"cookie-richtlinie","status":"publish","type":"page","link":"https:\/\/portadrianomusic.es\/de\/cookie-richtlinie\/","title":{"rendered":"Cookie-Richtlinie"},"content":{"rendered":"<p>[et_pb_section fb_built=&#8220;1&#8243; _builder_version=&#8220;4.27.4&#8243; background_color=&#8220;#EF7A31&#8243; da_disable_devices=&#8220;off|off|off&#8220; global_colors_info=&#8220;{}&#8220; da_is_popup=&#8220;off&#8220; da_exit_intent=&#8220;off&#8220; da_has_close=&#8220;on&#8220; da_alt_close=&#8220;off&#8220; da_dark_close=&#8220;off&#8220; da_not_modal=&#8220;on&#8220; da_is_singular=&#8220;off&#8220; da_with_loader=&#8220;off&#8220; da_has_shadow=&#8220;on&#8220;][et_pb_row _builder_version=&#8220;4.27.4&#8243; _module_preset=&#8220;default&#8220; global_colors_info=&#8220;{}&#8220;][et_pb_column type=&#8220;4_4&#8243; _builder_version=&#8220;4.27.4&#8243; _module_preset=&#8220;default&#8220; global_colors_info=&#8220;{}&#8220;][et_pb_divider show_divider=&#8220;off&#8220; _builder_version=&#8220;4.27.4&#8243; _module_preset=&#8220;default&#8220; global_colors_info=&#8220;{}&#8220;][\/et_pb_divider][\/et_pb_column][\/et_pb_row][et_pb_row _builder_version=&#8220;4.16&#8243; background_size=&#8220;initial&#8220; background_position=&#8220;top_left&#8220; background_repeat=&#8220;repeat&#8220; global_colors_info=&#8220;{}&#8220;][et_pb_column type=&#8220;4_4&#8243; _builder_version=&#8220;4.16&#8243; custom_padding=&#8220;|||&#8220; global_colors_info=&#8220;{}&#8220; custom_padding__hover=&#8220;|||&#8220;][et_pb_text _builder_version=&#8220;4.27.4&#8243; _module_preset=&#8220;default&#8220; header_2_font=&#8220;FolioStdBook||||||||&#8220; header_2_font_size=&#8220;70px&#8220; custom_margin=&#8220;||30px|||&#8220; header_2_font_size_tablet=&#8220;50px&#8220; header_2_font_size_phone=&#8220;30px&#8220; header_2_font_size_last_edited=&#8220;on|tablet&#8220; locked=&#8220;off&#8220; global_colors_info=&#8220;{}&#8220;]<\/p>\n<h2>Cookie-Richtlinie<\/h2>\n<p>[\/et_pb_text][et_pb_text admin_label=&#8220;Text&#8220; _builder_version=&#8220;4.27.4&#8243; text_font=&#8220;FolioStdBook||||||||&#8220; text_font_size=&#8220;20px&#8220; text_line_height=&#8220;1.2em&#8220; link_font=&#8220;||||on||||&#8220; link_text_color=&#8220;#FFD11B&#8220; background_size=&#8220;initial&#8220; background_position=&#8220;top_left&#8220; background_repeat=&#8220;repeat&#8220; text_font_size_tablet=&#8220;18px&#8220; text_font_size_phone=&#8220;16px&#8220; text_font_size_last_edited=&#8220;on|phone&#8220; text_line_height_phone=&#8220;1.2em&#8220; text_line_height_last_edited=&#8220;off|tablet&#8220; locked=&#8220;off&#8220; global_colors_info=&#8220;{}&#8220; link_text_color__hover_enabled=&#8220;on|hover&#8220; link_text_color__hover=&#8220;#005593&#8243;]<\/p>\n<p>Die Website portadrianomusic.es verwendet Cookies.<br \/>Gem\u00e4\u00df Artikel 22.2 des Gesetzes 34\/2002 vom 11. Juli \u00fcber Dienste der Informationsgesellschaft und elektronischen Gesch\u00e4ftsverkehr informiert Sie diese Website in diesem Abschnitt \u00fcber die Richtlinie zur Erhebung und Verarbeitung von Cookies.<\/p>\n<p><strong>Was sind Cookies?<\/strong><br \/>Ein Cookie ist eine Datei, die auf Ihren Computer heruntergeladen wird, wenn Sie bestimmte Webseiten aufrufen. Cookies erm\u00f6glichen es einer Webseite unter anderem, Informationen \u00fcber das Surfverhalten eines Benutzers oder seines Ger\u00e4ts zu speichern und abzurufen. Je nach den enthaltenen Informationen und der Art und Weise, wie das Ger\u00e4t verwendet wird, k\u00f6nnen sie zur Wiedererkennung des Benutzers genutzt werden.<\/p>\n<p><strong>Welche Arten von Cookies verwendet diese Website?<\/strong><br \/>Die Website portadrianomusic.es verwendet die folgenden Arten von Cookies:<\/p>\n<p><strong>Analyse-Cookies:<\/strong> Diese Cookies erm\u00f6glichen es uns oder Dritten, die Anzahl der Nutzer zu erfassen und so eine statistische Auswertung der Nutzung des angebotenen Dienstes durchzuf\u00fchren. Dabei wird Ihr Surfverhalten auf unserer Website analysiert, um unser Angebot an Produkten oder Dienstleistungen zu verbessern.<\/p>\n<p><strong>Technische Cookies:<\/strong> Diese erm\u00f6glichen dem Nutzer die Navigation im gesch\u00fctzten Bereich sowie die Nutzung verschiedener Funktionen, wie z.\u202fB. den Kaufprozess eines Artikels abzuschlie\u00dfen.<\/p>\n<p><strong>Personalisierungs-Cookies:<\/strong> Diese erm\u00f6glichen es dem Nutzer, auf den Dienst mit vordefinierten allgemeinen Merkmalen zuzugreifen, wie z.\u202fB. die Sprache oder der Browsertyp, \u00fcber den auf den Dienst zugegriffen wird.<\/p>\n<p><strong>Werbe-Cookies:<\/strong> Diese werden entweder von dieser Website oder von Dritten verwendet und dienen dazu, die Werbefl\u00e4chen auf der Website m\u00f6glichst effizient zu verwalten, indem der Inhalt der Werbung an den angeforderten Dienst oder an das Nutzungsverhalten unserer Website angepasst wird. Dazu k\u00f6nnen wir Ihr Surfverhalten im Internet analysieren und Ihnen Werbung zeigen, die Ihrem Profil entspricht.<\/p>\n<p><strong>Verhaltensbasierte Werbe-Cookies:<\/strong> Diese erm\u00f6glichen die effizienteste Verwaltung der Werbefl\u00e4chen, die gegebenenfalls vom Herausgeber in eine Webseite, Anwendung oder Plattform eingebunden wurden, \u00fcber die der angeforderte Dienst bereitgestellt wird. Diese Cookies speichern Informationen \u00fcber das Verhalten der Nutzer, das durch die kontinuierliche Beobachtung ihres Surfverhaltens gewonnen wird, was die Erstellung eines spezifischen Profils zur Anzeige von Werbung erm\u00f6glicht.<\/p>\n<p><strong>Cookies deaktivieren<\/strong><br \/>Sie k\u00f6nnen Cookies auf Ihrem Ger\u00e4t \u00fcber die Einstellungen Ihres Internetbrowsers erlauben, blockieren oder l\u00f6schen. In den meisten Webbrowsern k\u00f6nnen Sie Cookies zulassen, blockieren oder l\u00f6schen.<br \/>Nachfolgend finden Sie die Links zu den Cookie-Einstellungen der g\u00e4ngigsten Browser:<\/p>\n<p><strong>Firefox:<\/strong> <a href=\"https:\/\/support.mozilla.org\/de\/kb\/cookies-erlauben-und-ablehnen\" target=\"_blank\" rel=\"noopener\">Hier ansehen<\/a>.<\/p>\n<p><strong>Safari:<\/strong> <a href=\"https:\/\/support.apple.com\/de-de\/105082\" target=\"_blank\" rel=\"noopener\">Hier ansehen<\/a>.<\/p>\n<p><strong>Google Chrome:<\/strong> <a href=\"https:\/\/support.google.com\/chrome\/answer\/95647?hl=de\" target=\"_blank\" rel=\"noopener\">Hier ansehen<\/a>.<\/p>\n<p><strong>Drittanbieter-Cookies<\/strong><br \/>Konkret nutzen wir die Dienste von Google Adsense und Google Analytics f\u00fcr unsere Statistiken und Werbung. Einige Cookies sind f\u00fcr das Funktionieren der Website unerl\u00e4sslich, z.\u202fB. die integrierte Suchfunktion.<\/p>\n<p><strong>Hinweis zum L\u00f6schen von Cookies<\/strong><br \/>Sie k\u00f6nnen alle Cookies dieser Website l\u00f6schen oder blockieren, aber Teile der Website werden m\u00f6glicherweise nicht funktionieren oder die Qualit\u00e4t der Website k\u00f6nnte beeintr\u00e4chtigt werden.<\/p>\n<p>[\/et_pb_text][\/et_pb_column][\/et_pb_row][\/et_pb_section]<\/p>\n","protected":false},"excerpt":{"rendered":"<p>Cookie-RichtlinieDie Website portadrianomusic.es verwendet Cookies.Gem\u00e4\u00df Artikel 22.2 des Gesetzes 34\/2002 vom 11. Juli \u00fcber Dienste der Informationsgesellschaft und elektronischen Gesch\u00e4ftsverkehr informiert Sie diese Website in diesem Abschnitt \u00fcber die Richtlinie zur Erhebung und Verarbeitung von Cookies. Was sind Cookies?Ein Cookie ist eine Datei, die auf Ihren Computer heruntergeladen wird, wenn Sie bestimmte Webseiten aufrufen. Cookies [&hellip;]<\/p>\n","protected":false},"author":1,"featured_media":0,"parent":0,"menu_order":0,"comment_status":"closed","ping_status":"closed","template":"","meta":{"_et_pb_use_builder":"on","_et_pb_old_content":"","_et_gb_content_width":"","inline_featured_image":false,"footnotes":""},"difl_page_category":[],"class_list":["post-2403","page","type-page","status-publish","hentry"],"_links":{"self":[{"href":"https:\/\/portadrianomusic.es\/de\/wp-json\/wp\/v2\/pages\/2403","targetHints":{"allow":["GET"]}}],"collection":[{"href":"https:\/\/portadrianomusic.es\/de\/wp-json\/wp\/v2\/pages"}],"about":[{"href":"https:\/\/portadrianomusic.es\/de\/wp-json\/wp\/v2\/types\/page"}],"author":[{"embeddable":true,"href":"https:\/\/portadrianomusic.es\/de\/wp-json\/wp\/v2\/users\/1"}],"replies":[{"embeddable":true,"href":"https:\/\/portadrianomusic.es\/de\/wp-json\/wp\/v2\/comments?post=2403"}],"version-history":[{"count":3,"href":"https:\/\/portadrianomusic.es\/de\/wp-json\/wp\/v2\/pages\/2403\/revisions"}],"predecessor-version":[{"id":2538,"href":"https:\/\/portadrianomusic.es\/de\/wp-json\/wp\/v2\/pages\/2403\/revisions\/2538"}],"wp:attachment":[{"href":"https:\/\/portadrianomusic.es\/de\/wp-json\/wp\/v2\/media?parent=2403"}],"wp:term":[{"taxonomy":"difl_page_category","embeddable":true,"href":"https:\/\/portadrianomusic.es\/de\/wp-json\/wp\/v2\/difl_page_category?post=2403"}],"curies":[{"name":"wp","href":"https:\/\/api.w.org\/{rel}","templated":true}]}}