{"id":2406,"date":"2025-03-21T09:07:43","date_gmt":"2025-03-21T09:07:43","guid":{"rendered":"https:\/\/portadrianomusic.es\/politica-de-privacidad\/"},"modified":"2025-06-02T07:59:03","modified_gmt":"2025-06-02T07:59:03","slug":"datenschutzbestimmungen","status":"publish","type":"page","link":"https:\/\/portadrianomusic.es\/de\/datenschutzbestimmungen\/","title":{"rendered":"Datenschutzbestimmungen"},"content":{"rendered":"<p>[et_pb_section fb_built=&#8220;1&#8243; _builder_version=&#8220;4.27.4&#8243; background_color=&#8220;#EF7A31&#8243; global_colors_info=&#8220;{}&#8220; da_is_popup=&#8220;off&#8220; da_exit_intent=&#8220;off&#8220; da_has_close=&#8220;on&#8220; da_alt_close=&#8220;off&#8220; da_dark_close=&#8220;off&#8220; da_not_modal=&#8220;on&#8220; da_is_singular=&#8220;off&#8220; da_with_loader=&#8220;off&#8220; da_has_shadow=&#8220;on&#8220; da_disable_devices=&#8220;off|off|off&#8220;][et_pb_row _builder_version=&#8220;4.27.4&#8243; _module_preset=&#8220;default&#8220; global_colors_info=&#8220;{}&#8220;][et_pb_column type=&#8220;4_4&#8243; _builder_version=&#8220;4.27.4&#8243; _module_preset=&#8220;default&#8220; global_colors_info=&#8220;{}&#8220;][et_pb_divider show_divider=&#8220;off&#8220; _builder_version=&#8220;4.27.4&#8243; _module_preset=&#8220;default&#8220; global_colors_info=&#8220;{}&#8220;][\/et_pb_divider][\/et_pb_column][\/et_pb_row][et_pb_row _builder_version=&#8220;4.16&#8243; background_size=&#8220;initial&#8220; background_position=&#8220;top_left&#8220; background_repeat=&#8220;repeat&#8220; global_colors_info=&#8220;{}&#8220;][et_pb_column type=&#8220;4_4&#8243; _builder_version=&#8220;4.16&#8243; custom_padding=&#8220;|||&#8220; global_colors_info=&#8220;{}&#8220; custom_padding__hover=&#8220;|||&#8220;][et_pb_text _builder_version=&#8220;4.27.4&#8243; _module_preset=&#8220;default&#8220; header_2_font=&#8220;FolioStdBook||||||||&#8220; header_2_font_size=&#8220;70px&#8220; custom_margin=&#8220;||30px|||&#8220; hover_enabled=&#8220;0&#8243; header_2_font_size_tablet=&#8220;50px&#8220; header_2_font_size_phone=&#8220;30px&#8220; header_2_font_size_last_edited=&#8220;on|tablet&#8220; locked=&#8220;off&#8220; global_colors_info=&#8220;{}&#8220; sticky_enabled=&#8220;0&#8243;]<\/p>\n<h2>Datenschutzbestimmungen<\/h2>\n<p>[\/et_pb_text][et_pb_text admin_label=&#8220;Text&#8220; _builder_version=&#8220;4.27.4&#8243; text_font=&#8220;FolioStdBook||||||||&#8220; text_font_size=&#8220;20px&#8220; text_line_height=&#8220;1.2em&#8220; link_font=&#8220;||||on||||&#8220; link_text_color=&#8220;#FFD11B&#8220; background_size=&#8220;initial&#8220; background_position=&#8220;top_left&#8220; background_repeat=&#8220;repeat&#8220; hover_enabled=&#8220;0&#8243; text_font_size_tablet=&#8220;18px&#8220; text_font_size_phone=&#8220;16px&#8220; text_font_size_last_edited=&#8220;on|phone&#8220; text_line_height_phone=&#8220;1.2em&#8220; text_line_height_last_edited=&#8220;off|tablet&#8220; locked=&#8220;off&#8220; global_colors_info=&#8220;{}&#8220; link_text_color__hover_enabled=&#8220;on|hover&#8220; link_text_color__hover=&#8220;#005593&#8243; sticky_enabled=&#8220;0&#8243;]<\/p>\n<p>Diese Datenschutzbestimmungen legen fest, unter welchen Bedingungen Contemporanea Music Conciertos &amp; Festivales A.I.E., mit Sitz in C\/ Ram\u00f3n y Cajal, 20A, 1\u00baB 07011 Palma \u2013 Balearische Inseln (Spanien), die Informationen seiner Nutzer bei der Nutzung seiner Website verwendet und sch\u00fctzt.<\/p>\n<p>Dieses Unternehmen verpflichtet sich zum Schutz der Daten seiner Nutzer. Wenn wir Sie bitten, pers\u00f6nliche Daten auszuf\u00fcllen, mit denen Sie identifiziert werden k\u00f6nnen, tun wir dies unter der Garantie, dass diese nur gem\u00e4\u00df den Bedingungen dieses Dokuments verwendet werden. Diese Datenschutzbestimmungen k\u00f6nnen sich jedoch im Laufe der Zeit \u00e4ndern oder aktualisiert werden. Daher empfehlen wir Ihnen, sie regelm\u00e4\u00dfig zu konsultieren.<\/p>\n<h2>Gesammelte Daten:<\/h2>\n<ul>\n<li>Pers\u00f6nliche Identifizierungsdaten wie Name, Adresse, Telefonnummer und E-Mail-Adresse.<\/li>\n<li>Daten, die automatisch bei der Navigation auf der Website gesammelt werden, wie IP-Adresse, Browsertyp und Zugriffszeiten.<\/li>\n<li>Informationen, die von Dritten bereitgestellt werden, wenn diese Dienste \u00fcber unsere Website nutzen.<\/li>\n<\/ul>\n<h2>Verwendung der Daten:<\/h2>\n<p>Die gesammelten Daten werden genutzt, um:<\/p>\n<ul>\n<li>Informationen \u00fcber unseren Service bereitzustellen.<\/li>\n<li>Anfragen und Bestellungen zu verwalten.<\/li>\n<li>Unsere Website zu verbessern und zu personalisieren.<\/li>\n<li>Werbung zu senden und andere relevante Informationen, die f\u00fcr Sie von Nutzen sein k\u00f6nnten. Diese Mails werden an die von Ihnen angegebene Adresse gesendet und Sie k\u00f6nnen sich jederzeit abmelden.<\/li>\n<\/ul>\n<p>Contemporanea Music Conciertos &amp; Festivales A.I.E., mit Sitz in C\/ Ram\u00f3n y Cajal, 20A, 1\u00baB 07011 Palma \u2013 Balearische Inseln (Spanien), verpflichtet sich, Ihre Informationen sicher zu halten. Wir verwenden die fortschrittlichsten Systeme und aktualisieren diese regelm\u00e4\u00dfig, um unbefugten Zugriff zu verhindern.<\/p>\n<h2>Cookies:<\/h2>\n<p>Ein Cookie ist eine Datei, die heruntergeladen wird, um die Erlaubnis zu bitten, auf Ihrem Computer gespeichert zu werden. Durch die Annahme wird das Cookie erstellt und dient dazu, Informationen \u00fcber den Webverkehr zu sammeln und zuk\u00fcnftige Besuche einer Website zu erleichtern. Cookies helfen Websites auch dabei, Sie individuell zu erkennen und Ihnen den besten personalisierten Service zu bieten.<\/p>\n<p>Unsere Website verwendet Cookies, um die besuchten Seiten und die H\u00e4ufigkeit zu identifizieren. Diese Informationen werden ausschlie\u00dflich f\u00fcr statistische Analysen verwendet und anschlie\u00dfend dauerhaft gel\u00f6scht. Sie k\u00f6nnen Cookies jederzeit auf Ihrem Computer l\u00f6schen. Cookies helfen jedoch, einen besseren Service auf Websites bereitzustellen; sie geben keinen Zugriff auf Ihre Computerdaten oder Informationen \u00fcber Sie, es sei denn, Sie geben diese freiwillig durch Ihren Besuch auf einer Website an. Sie k\u00f6nnen die Verwendung von Cookies akzeptieren oder ablehnen; jedoch akzeptieren die meisten Browser Cookies automatisch, da dies zur Bereitstellung eines besseren Webdienstes beitr\u00e4gt. Sie k\u00f6nnen auch die Einstellungen Ihres Computers \u00e4ndern, um Cookies abzulehnen. Wenn Sie Cookies ablehnen, k\u00f6nnen Sie m\u00f6glicherweise einige unserer Dienste nicht nutzen.<\/p>\n<h2>Links zu Dritten:<\/h2>\n<p>Diese Website kann Links zu anderen Websites enthalten, die f\u00fcr Sie von Interesse sein k\u00f6nnten. Wenn Sie auf diese Links klicken und die Seite verlassen, haben wir keine Kontrolle mehr \u00fcber die Seite, zu der Sie weitergeleitet werden, und sind daher nicht verantwortlich f\u00fcr deren Bedingungen, Datenschutz oder den Schutz von Daten Dritter. Diese Seiten unterliegen ihren eigenen Datenschutzrichtlinien, weshalb empfohlen wird, diese zu \u00fcberpr\u00fcfen, um sicherzustellen, dass Sie damit einverstanden sind.<\/p>\n<h2>Kontrolle Ihrer pers\u00f6nlichen Daten:<\/h2>\n<p>Sie k\u00f6nnen die Erfassung oder Nutzung der pers\u00f6nlichen Daten, die Sie auf unserer Website angeben, jederzeit einschr\u00e4nken. Wenn Sie aufgefordert werden, ein Formular auszuf\u00fcllen, z. B. f\u00fcr die Benutzerregistrierung, k\u00f6nnen Sie die Option zum Erhalt von Informationen per E-Mail an- oder abw\u00e4hlen. Wenn Sie sich f\u00fcr unseren Newsletter oder Werbung angemeldet haben, k\u00f6nnen Sie sich jederzeit abmelden.<\/p>\n<p>Dieses Unternehmen verkauft, \u00fcbertr\u00e4gt oder verteilt die gesammelten pers\u00f6nlichen Daten ohne Ihre Zustimmung nicht, es sei denn, ein Richter verlangt dies mit einem Gerichtsbeschluss.<\/p>\n<p>Contemporanea Music Conciertos &amp; Festivales A.I.E., mit Sitz in C\/ Ram\u00f3n y Cajal, 20A, 1\u00baB 07011 Palma \u2013 Balearische Inseln (Spanien), mit NIF V16660037.<\/p>\n<p>Allgemeine E-Mail: <a href=\"mailto:Tickets@contemporaneamusic.com\">Tickets@contemporaneamusic.com<\/a><\/p>\n<h2>Zutritt zum Veranstaltungsort<\/h2>\n<p>F\u00fcr den Zutritt zum Veranstaltungsort ist das Vorzeigen des Tickets, das gescannt wird, zwingend erforderlich. Die Identifikation mittels Personalausweis ist bei Bedarf durch die Organisation vorzulegen.<\/p>\n<p>Die Organisation garantiert nicht die Echtheit des Tickets, wenn es nicht \u00fcber die offiziellen Verkaufstellen erworben wurde. Der Wiederverkauf von Tickets ist nicht gestattet. Die Veranstaltungsorganisation \u00fcbernimmt keine Verantwortung bei Verlust oder Diebstahl des Tickets.<\/p>\n<p>Der Ticketinhaber ist verantwortlich, wenn eine Kopie des Tickets angefertigt wird.<\/p>\n<p>Der Veranstalter verweigert den Zutritt zum Veranstaltungsort unter folgenden Umst\u00e4nden:<\/p>\n<p>a) Das Ticket ist unvollst\u00e4ndig, ver\u00e4ndert, besch\u00e4digt oder zeigt F\u00e4lschungsmerkmale.<br \/>b) Der Inhaber verh\u00e4lt sich gewaltt\u00e4tig oder ruft \u00f6ffentlich zu Hass, Gewalt oder Diskriminierung aufgrund von Herkunft, Rasse, Geschlecht, Religion, Meinung, Behinderung, sexueller Orientierung, Geschlechtsidentit\u00e4t oder einer anderen sozialen oder pers\u00f6nlichen Eigenschaft auf, besonders wenn der Inhaber aggressiv handelt oder Unruhen innerhalb oder am Eingang verursacht, Waffen oder Objekte bei sich tr\u00e4gt, die als solche verwendet werden k\u00f6nnten, oder Kleidung, Gegenst\u00e4nde oder Symbole tr\u00e4gt, die zu Gewalt aufrufen oder Aktivit\u00e4ten f\u00f6rdern, die gegen grundlegende Rechte, die gesetzlich und verfassungsrechtlich anerkannt sind, versto\u00dfen.<br \/>c) Der Inhaber zeigt Anzeichen einer Intoxikation oder des Konsums oder hat Drogen oder narkotische Substanzen konsumiert.<\/p>\n<p>Das Aus\u00fcben des Hausrechts f\u00fchrt keinesfalls zu einem Zutrittsverbot aufgrund von Herkunft, Rasse, Geschlecht, Religion, Meinung, Behinderung, sexueller Orientierung, Geschlechtsidentit\u00e4t oder einer anderen pers\u00f6nlichen oder sozialen Eigenschaft.<\/p>\n<p>Beim Betreten des Veranstaltungsortes kann das Publikum gem\u00e4\u00df der geltenden Vorschrift kontrolliert werden. Das Mitf\u00fchren von Gegenst\u00e4nden, die von der Organisation als gef\u00e4hrlich oder gesetzlich verboten eingestuft werden, ist nicht gestattet. Das Mitf\u00fchren jeglicher Art von Getr\u00e4nken ist ebenfalls untersagt.<\/p>\n<p>Der Veranstalter kann den Zutritt verweigern oder den Ticketinhaber vom Veranstaltungsort verweisen, wenn die Anweisungen des Organisationspersonals nicht befolgt werden oder wenn vern\u00fcnftigerweise angenommen werden kann, dass eine Gefahrensituation f\u00fcr die Person oder andere Besucher besteht oder wenn ein offensichtlicher oder potentieller Zustand der Intoxikation vorliegt. Der Inhaber ist in jedem Fall pers\u00f6nlich verantwortlich f\u00fcr seine Handlungen oder Unterlassungen, wenn er Sch\u00e4den an Dritten oder Eigentum verursacht.<br \/>Der Besitz des Tickets verleiht weder dem Inhaber noch Dritten das Recht, das Ticket oder dessen Inhalt f\u00fcr Werbe-, kommerzielle oder Promotionzwecke (einschlie\u00dflich Wettbewerbe, Geschenke und\/oder Verlosungen) im Zusammenhang mit dem Inhaber oder Dritten zu verwenden.<\/p>\n<p>Die Nichteinhaltung dieses Abschnitts verpflichtet den nicht autorisierten Werbetreibenden und\/oder Nutzer zur Schadensersatzleistung.<\/p>\n<p>Diese Aktivit\u00e4ten werden im Internet verfolgt, um die jeweilige Verantwortung festzustellen.<\/p>\n<h2>Minderj\u00e4hrige<\/h2>\n<p>Die Organisation weist darauf hin, dass das geltende Gesetz Minderj\u00e4hrigen ausdr\u00fccklich den Zutritt zur Veranstaltung verbietet.<\/p>\n<h2>Cookies<\/h2>\n<p>Beim Surfen auf dieser Website akzeptieren Sie die Installation von Cookies. Bitte lesen Sie unsere Cookie-Richtlinie.<\/p>\n<h2>Bildrechte und geistiges Eigentum<\/h2>\n<p>Der Ticketinhaber erkennt an, dass er auf Fotos erscheinen kann, die innerhalb der Veranstaltungsorte von verschiedenen Medien zu Informations- oder Promotionszwecken aufgenommen werden, und stimmt dieser Verwendung zu, die in Verantwortung der jeweiligen Medien liegt.<\/p>\n<p>Im Falle von Bildern, die von Contemporanea Music Conciertos &amp; Festivales aufgenommen wurden, werden diese Daten gem\u00e4\u00df der bereits definierten Datenschutzrichtlinie behandelt.<\/p>\n<p>Alle Bild- und Urheberrechte sind vorbehalten. Jegliches Filmen, Aufnehmen oder Vervielf\u00e4ltigen innerhalb der Veranstaltungsorte ohne ausdr\u00fcckliche Genehmigung der Organisation ist untersagt.<\/p>\n<p>Diese Handlungen k\u00f6nnen strafrechtliche oder zivilrechtliche Verantwortlichkeiten f\u00fcr Sch\u00e4den nach sich ziehen.<\/p>\n<h2>Video\u00fcberwachung<\/h2>\n<p>Der Veranstalter der Veranstaltung oder gegebenenfalls der Betreiber des \u00f6ffentlichen Raums wird den gesamten Veranstaltungsort per Video\u00fcberwachung kontrollieren.<\/p>\n<p>Es wird darauf hingewiesen, dass Videoaufzeichnungen als Beweismittel f\u00fcr eine rechtswidrige Handlung oder f\u00fcr Sch\u00e4den an Personen oder Eigentum verwendet werden k\u00f6nnen.<\/p>\n<p>Daten werden automatisch an Justiz- oder Polizeibeh\u00f6rden weitergeleitet.<\/p>\n<p>Die Bilder unterliegen der bereits definierten Datenschutzrichtlinie.<\/p>\n<h2>Datenschutz Dritter<\/h2>\n<p>Wenn Sie Daten einer Begleitperson bereitstellen, sind Sie verpflichtet, diese zu informieren und deren Einwilligung f\u00fcr die Datenverarbeitung gem\u00e4\u00df unserer Datenschutzrichtlinie einzuholen, die im Registrierungsformular erscheint.<\/p>\n<h2>Formulare f\u00fcr Anfragen und Beschwerden<\/h2>\n<p>Bei Zweifeln oder Fragen sind Informationen auf der Festival-Website verf\u00fcgbar. Interessierte Personen k\u00f6nnen Anfragen- und Beschwerdeformulare per E-Mail anfordern, die auch im Festivalbereich und in unserem Firmensitz verf\u00fcgbar sind.<\/p>\n<h2>Haftungsausschluss<\/h2>\n<p>Im Falle einer R\u00fcckerstattung von Tickets \u00fcbernehmen wir keine Verantwortung f\u00fcr Geb\u00fchren, die durch Online-Zahlungssysteme oder Banken entstehen.<\/p>\n<h2>Weitere Bedingungen<\/h2>\n<p>Der Nutzer akzeptiert, dass das anwendbare Recht spanisches Recht ist.<\/p>\n<p>Die Vertragssprache richtet sich nach der gew\u00e4hlten Sprache.<\/p>\n<p>Dieses Annahmedokument der Bedingungen wird in unserem IT-System gespeichert. Sie haben einen Monat lang Zugriff auf unsere Daten, um es auszudrucken und in Ihrem IT-System zu speichern.<\/p>\n<p>Contemporanea Music Conciertos &amp; Festivales kann die vorgenannten Bedingungen jederzeit \u00e4ndern oder stornieren und wird die Teilnehmer per E-Mail informieren, daher ist eine regelm\u00e4\u00dfige \u00dcberpr\u00fcfung ratsam. Au\u00dferdem wird \u00fcber die geeigneten Kan\u00e4le informiert.<\/p>\n<p>Contemporanea Music Conciertos &amp; Festivales A.I.E NIF V16660037.<br \/>C\/ Ram\u00f3n y Cajal, 20A, 1\u00baB 07011 Palma \u2013 Balearische Inseln (Spanien)<br \/>Kontakt: <a href=\"mailto:Tickets@contemporaneamusic.com\">Tickets@contemporaneamusic.com<\/a><\/p>\n<p>[\/et_pb_text][\/et_pb_column][\/et_pb_row][\/et_pb_section]<\/p>\n","protected":false},"excerpt":{"rendered":"<p>DatenschutzbestimmungenDiese Datenschutzbestimmungen legen fest, unter welchen Bedingungen Contemporanea Music Conciertos &amp; Festivales A.I.E., mit Sitz in C\/ Ram\u00f3n y Cajal, 20A, 1\u00baB 07011 Palma \u2013 Balearische Inseln (Spanien), die Informationen seiner Nutzer bei der Nutzung seiner Website verwendet und sch\u00fctzt. Dieses Unternehmen verpflichtet sich zum Schutz der Daten seiner Nutzer. Wenn wir Sie bitten, pers\u00f6nliche [&hellip;]<\/p>\n","protected":false},"author":1,"featured_media":0,"parent":0,"menu_order":0,"comment_status":"closed","ping_status":"open","template":"","meta":{"_et_pb_use_builder":"on","_et_pb_old_content":"<!-- wp:heading -->\r\n<h2 class=\"wp-block-heading\">Who we are<\/h2>\r\n<!-- \/wp:heading -->\r\n<!-- wp:paragraph -->\r\n<p><strong class=\"privacy-policy-tutorial\">Suggested text: <\/strong>Our website address is: https:\/\/portadrianomusic.es.<\/p>\r\n<!-- \/wp:paragraph -->\r\n<!-- wp:heading -->\r\n<h2 class=\"wp-block-heading\">Comments<\/h2>\r\n<!-- \/wp:heading -->\r\n<!-- wp:paragraph -->\r\n<p><strong class=\"privacy-policy-tutorial\">Suggested text: <\/strong>When visitors leave comments on the site we collect the data shown in the comments form, and also the visitor\u2019s IP address and browser user agent string to help spam detection.<\/p>\r\n<!-- \/wp:paragraph -->\r\n<!-- wp:paragraph -->\r\n<p>An anonymized string created from your email address (also called a hash) may be provided to the Gravatar service to see if you are using it. The Gravatar service privacy policy is available here: https:\/\/automattic.com\/privacy\/. After approval of your comment, your profile picture is visible to the public in the context of your comment.<\/p>\r\n<!-- \/wp:paragraph -->\r\n<!-- wp:heading -->\r\n<h2 class=\"wp-block-heading\">Media<\/h2>\r\n<!-- \/wp:heading -->\r\n<!-- wp:paragraph -->\r\n<p><strong class=\"privacy-policy-tutorial\">Suggested text: <\/strong>If you upload images to the website, you should avoid uploading images with embedded location data (EXIF GPS) included. Visitors to the website can download and extract any location data from images on the website.<\/p>\r\n<!-- \/wp:paragraph -->\r\n<!-- wp:heading -->\r\n<h2 class=\"wp-block-heading\">Cookies<\/h2>\r\n<!-- \/wp:heading -->\r\n<!-- wp:paragraph -->\r\n<p><strong class=\"privacy-policy-tutorial\">Suggested text: <\/strong>If you leave a comment on our site you may opt-in to saving your name, email address and website in cookies. These are for your convenience so that you do not have to fill in your details again when you leave another comment. These cookies will last for one year.<\/p>\r\n<!-- \/wp:paragraph -->\r\n<!-- wp:paragraph -->\r\n<p>If you visit our login page, we will set a temporary cookie to determine if your browser accepts cookies. This cookie contains no personal data and is discarded when you close your browser.<\/p>\r\n<!-- \/wp:paragraph -->\r\n<!-- wp:paragraph -->\r\n<p>When you log in, we will also set up several cookies to save your login information and your screen display choices. Login cookies last for two days, and screen options cookies last for a year. If you select \"Remember Me\", your login will persist for two weeks. If you log out of your account, the login cookies will be removed.<\/p>\r\n<!-- \/wp:paragraph -->\r\n<!-- wp:paragraph -->\r\n<p>If you edit or publish an article, an additional cookie will be saved in your browser. This cookie includes no personal data and simply indicates the post ID of the article you just edited. It expires after 1 day.<\/p>\r\n<!-- \/wp:paragraph -->\r\n<!-- wp:heading -->\r\n<h2 class=\"wp-block-heading\">Embedded content from other websites<\/h2>\r\n<!-- \/wp:heading -->\r\n<!-- wp:paragraph -->\r\n<p><strong class=\"privacy-policy-tutorial\">Suggested text: <\/strong>Articles on this site may include embedded content (e.g. videos, images, articles, etc.). Embedded content from other websites behaves in the exact same way as if the visitor has visited the other website.<\/p>\r\n<!-- \/wp:paragraph -->\r\n<!-- wp:paragraph -->\r\n<p>These websites may collect data about you, use cookies, embed additional third-party tracking, and monitor your interaction with that embedded content, including tracking your interaction with the embedded content if you have an account and are logged in to that website.<\/p>\r\n<!-- \/wp:paragraph -->\r\n<!-- wp:heading -->\r\n<h2 class=\"wp-block-heading\">Who we share your data with<\/h2>\r\n<!-- \/wp:heading -->\r\n<!-- wp:paragraph -->\r\n<p><strong class=\"privacy-policy-tutorial\">Suggested text: <\/strong>If you request a password reset, your IP address will be included in the reset email.<\/p>\r\n<!-- \/wp:paragraph -->\r\n<!-- wp:heading -->\r\n<h2 class=\"wp-block-heading\">How long we retain your data<\/h2>\r\n<!-- \/wp:heading -->\r\n<!-- wp:paragraph -->\r\n<p><strong class=\"privacy-policy-tutorial\">Suggested text: <\/strong>If you leave a comment, the comment and its metadata are retained indefinitely. This is so we can recognize and approve any follow-up comments automatically instead of holding them in a moderation queue.<\/p>\r\n<!-- \/wp:paragraph -->\r\n<!-- wp:paragraph -->\r\n<p>For users that register on our website (if any), we also store the personal information they provide in their user profile. All users can see, edit, or delete their personal information at any time (except they cannot change their username). Website administrators can also see and edit that information.<\/p>\r\n<!-- \/wp:paragraph -->\r\n<!-- wp:heading -->\r\n<h2 class=\"wp-block-heading\">What rights you have over your data<\/h2>\r\n<!-- \/wp:heading -->\r\n<!-- wp:paragraph -->\r\n<p><strong class=\"privacy-policy-tutorial\">Suggested text: <\/strong>If you have an account on this site, or have left comments, you can request to receive an exported file of the personal data we hold about you, including any data you have provided to us. You can also request that we erase any personal data we hold about you. This does not include any data we are obliged to keep for administrative, legal, or security purposes.<\/p>\r\n<!-- \/wp:paragraph -->\r\n<!-- wp:heading -->\r\n<h2 class=\"wp-block-heading\">Where your data is sent<\/h2>\r\n<!-- \/wp:heading -->\r\n<!-- wp:paragraph -->\r\n<p><strong class=\"privacy-policy-tutorial\">Suggested text: <\/strong>Visitor comments may be checked through an automated spam detection service.<\/p>\r\n<!-- \/wp:paragraph -->\r\n","_et_gb_content_width":"1920","inline_featured_image":false,"footnotes":""},"difl_page_category":[],"class_list":["post-2406","page","type-page","status-publish","hentry"],"_links":{"self":[{"href":"https:\/\/portadrianomusic.es\/de\/wp-json\/wp\/v2\/pages\/2406","targetHints":{"allow":["GET"]}}],"collection":[{"href":"https:\/\/portadrianomusic.es\/de\/wp-json\/wp\/v2\/pages"}],"about":[{"href":"https:\/\/portadrianomusic.es\/de\/wp-json\/wp\/v2\/types\/page"}],"author":[{"embeddable":true,"href":"https:\/\/portadrianomusic.es\/de\/wp-json\/wp\/v2\/users\/1"}],"replies":[{"embeddable":true,"href":"https:\/\/portadrianomusic.es\/de\/wp-json\/wp\/v2\/comments?post=2406"}],"version-history":[{"count":2,"href":"https:\/\/portadrianomusic.es\/de\/wp-json\/wp\/v2\/pages\/2406\/revisions"}],"predecessor-version":[{"id":2552,"href":"https:\/\/portadrianomusic.es\/de\/wp-json\/wp\/v2\/pages\/2406\/revisions\/2552"}],"wp:attachment":[{"href":"https:\/\/portadrianomusic.es\/de\/wp-json\/wp\/v2\/media?parent=2406"}],"wp:term":[{"taxonomy":"difl_page_category","embeddable":true,"href":"https:\/\/portadrianomusic.es\/de\/wp-json\/wp\/v2\/difl_page_category?post=2406"}],"curies":[{"name":"wp","href":"https:\/\/api.w.org\/{rel}","templated":true}]}}