{"id":2409,"date":"2025-03-21T10:17:58","date_gmt":"2025-03-21T10:17:58","guid":{"rendered":"https:\/\/portadrianomusic.es\/port-adriano\/"},"modified":"2025-06-23T15:02:25","modified_gmt":"2025-06-23T15:02:25","slug":"port-adriano","status":"publish","type":"page","link":"https:\/\/portadrianomusic.es\/de\/port-adriano\/","title":{"rendered":"Port Adriano"},"content":{"rendered":"<p>[et_pb_section fb_built=&#8220;1&#8243; _builder_version=&#8220;4.27.4&#8243; _module_preset=&#8220;default&#8220; background_image=&#8220;https:\/\/portadrianomusic.es\/wp-content\/uploads\/2025\/05\/ms-1.jpeg&#8220; da_disable_devices=&#8220;off|off|off&#8220; locked=&#8220;off&#8220; global_colors_info=&#8220;{}&#8220; da_is_popup=&#8220;off&#8220; da_exit_intent=&#8220;off&#8220; da_has_close=&#8220;on&#8220; da_alt_close=&#8220;off&#8220; da_dark_close=&#8220;off&#8220; da_not_modal=&#8220;on&#8220; da_is_singular=&#8220;off&#8220; da_with_loader=&#8220;off&#8220; da_has_shadow=&#8220;on&#8220;][et_pb_row _builder_version=&#8220;4.27.4&#8243; _module_preset=&#8220;default&#8220; global_colors_info=&#8220;{}&#8220;][et_pb_column type=&#8220;4_4&#8243; _builder_version=&#8220;4.27.4&#8243; _module_preset=&#8220;default&#8220; global_colors_info=&#8220;{}&#8220;][\/et_pb_column][\/et_pb_row][\/et_pb_section][et_pb_section fb_built=&#8220;1&#8243; _builder_version=&#8220;4.27.4&#8243; _module_preset=&#8220;default&#8220; background_color=&#8220;#EF7A31&#8243; background_enable_image=&#8220;off&#8220; background_position=&#8220;center_left&#8220; background_horizontal_offset=&#8220;58%&#8220; height_tablet=&#8220;auto&#8220; height_phone=&#8220;auto&#8220; height_last_edited=&#8220;on|desktop&#8220; custom_padding=&#8220;||0px||false|false&#8220; da_disable_devices=&#8220;off|off|off&#8220; global_colors_info=&#8220;{}&#8220; da_is_popup=&#8220;off&#8220; da_exit_intent=&#8220;off&#8220; da_has_close=&#8220;on&#8220; da_alt_close=&#8220;off&#8220; da_dark_close=&#8220;off&#8220; da_not_modal=&#8220;on&#8220; da_is_singular=&#8220;off&#8220; da_with_loader=&#8220;off&#8220; da_has_shadow=&#8220;on&#8220;][et_pb_row use_custom_gutter=&#8220;on&#8220; gutter_width=&#8220;2&#8243; make_equal=&#8220;on&#8220; admin_label=&#8220;row&#8220; _builder_version=&#8220;4.27.4&#8243; positioning=&#8220;none&#8220; position_origin_a=&#8220;center_center&#8220; position_origin_a_tablet=&#8220;center_center&#8220; position_origin_a_phone=&#8220;center_center&#8220; position_origin_a_last_edited=&#8220;on|phone&#8220; position_origin_f_tablet=&#8220;&#8220; position_origin_f_phone=&#8220;&#8220; position_origin_f_last_edited=&#8220;on|phone&#8220; position_origin_r_tablet=&#8220;&#8220; position_origin_r_phone=&#8220;&#8220; position_origin_r_last_edited=&#8220;on|phone&#8220; positioning_tablet=&#8220;none&#8220; positioning_phone=&#8220;none&#8220; positioning_last_edited=&#8220;on|phone&#8220; locked=&#8220;off&#8220; global_colors_info=&#8220;{}&#8220;][et_pb_column type=&#8220;4_4&#8243; _builder_version=&#8220;4.16&#8243; custom_padding=&#8220;|||&#8220; global_colors_info=&#8220;{}&#8220; custom_padding__hover=&#8220;|||&#8220;][et_pb_text _builder_version=&#8220;4.27.4&#8243; _module_preset=&#8220;default&#8220; header_2_font=&#8220;FolioStdBook||||||||&#8220; header_2_font_size=&#8220;70px&#8220; custom_margin=&#8220;||30px|||&#8220; header_2_font_size_tablet=&#8220;50px&#8220; header_2_font_size_phone=&#8220;30px&#8220; header_2_font_size_last_edited=&#8220;on|tablet&#8220; global_colors_info=&#8220;{}&#8220;]<\/p>\n<h2 class=\"elementor-heading-title elementor-size-default\">Lernen Sie unser PORT ADRIANO kennen<\/h2>\n<p>[\/et_pb_text][\/et_pb_column][\/et_pb_row][et_pb_row column_structure=&#8220;1_2,1_2&#8243; use_custom_gutter=&#8220;on&#8220; gutter_width=&#8220;2&#8243; make_equal=&#8220;on&#8220; admin_label=&#8220;row&#8220; _builder_version=&#8220;4.27.4&#8243; positioning=&#8220;none&#8220; position_origin_a=&#8220;center_center&#8220; position_origin_a_tablet=&#8220;center_center&#8220; position_origin_a_phone=&#8220;center_center&#8220; position_origin_a_last_edited=&#8220;on|phone&#8220; position_origin_f_tablet=&#8220;&#8220; position_origin_f_phone=&#8220;&#8220; position_origin_f_last_edited=&#8220;on|phone&#8220; position_origin_r_tablet=&#8220;&#8220; position_origin_r_phone=&#8220;&#8220; position_origin_r_last_edited=&#8220;on|phone&#8220; positioning_tablet=&#8220;none&#8220; positioning_phone=&#8220;none&#8220; positioning_last_edited=&#8220;on|phone&#8220; locked=&#8220;off&#8220; global_colors_info=&#8220;{}&#8220;][et_pb_column type=&#8220;1_2&#8243; _builder_version=&#8220;4.16&#8243; custom_padding=&#8220;|||&#8220; global_colors_info=&#8220;{}&#8220; custom_padding__hover=&#8220;|||&#8220;][et_pb_text _builder_version=&#8220;4.27.4&#8243; _module_preset=&#8220;default&#8220; header_2_font=&#8220;FolioStdBook||||||||&#8220; header_2_font_size=&#8220;60px&#8220; custom_margin=&#8220;||30px|||&#8220; header_2_font_size_tablet=&#8220;50px&#8220; header_2_font_size_phone=&#8220;30px&#8220; header_2_font_size_last_edited=&#8220;on|tablet&#8220; global_colors_info=&#8220;{}&#8220;]<\/p>\n<h2 class=\"elementor-heading-title elementor-size-default\">Starcks Marina<\/h2>\n<p>[\/et_pb_text][et_pb_text admin_label=&#8220;Text&#8220; _builder_version=&#8220;4.27.4&#8243; text_font=&#8220;FolioStdBook||||||||&#8220; text_font_size=&#8220;30px&#8220; text_line_height=&#8220;1.2em&#8220; background_size=&#8220;initial&#8220; background_position=&#8220;top_left&#8220; background_repeat=&#8220;repeat&#8220; text_font_size_tablet=&#8220;25px&#8220; text_font_size_phone=&#8220;20px&#8220; text_font_size_last_edited=&#8220;on|desktop&#8220; text_line_height_phone=&#8220;1.2em&#8220; text_line_height_last_edited=&#8220;off|tablet&#8220; global_colors_info=&#8220;{}&#8220;]<\/p>\n<p>Entdecken Sie den exklusivsten Yachthafen, entworfen von Philippe Starck. Einer der modernsten H\u00e4fen im Mittelmeer und eine herausragende Basis f\u00fcr kleine, mittlere und gro\u00dfe Yachten. Design, nautische Dienstleistungen, ein umfangreiches gastronomisches Angebot und Modegesch\u00e4fte. Ein <em>Must visit<\/em> des mallorquinischen Sommers.<\/p>\n<\/p>\n<p>[\/et_pb_text][et_pb_button button_url=&#8220;@ET-DC@eyJkeW5hbWljIjp0cnVlLCJjb250ZW50IjoicG9zdF9saW5rX3VybF9wYWdlIiwic2V0dGluZ3MiOnsicG9zdF9pZCI6IjU0MSJ9fQ==@&#8220; url_new_window=&#8220;on&#8220; button_text=&#8220;MEHR LESEN&#8220; _builder_version=&#8220;4.27.4&#8243; _dynamic_attributes=&#8220;button_url&#8220; _module_preset=&#8220;default&#8220; custom_button=&#8220;on&#8220; button_text_color=&#8220;#FFD11B&#8220; button_border_radius=&#8220;0px&#8220; button_use_icon=&#8220;off&#8220; custom_padding=&#8220;20px|45px|20px|45px|true|true&#8220; custom_padding_tablet=&#8220;20px|45px|20px|45px|true|true&#8220; custom_padding_phone=&#8220;15px|40px|15px|40px|true|true&#8220; custom_padding_last_edited=&#8220;on|phone&#8220; global_colors_info=&#8220;{}&#8220; button_text_color__hover_enabled=&#8220;on|hover&#8220; button_text_color__hover=&#8220;#EF7A31&#8243; button_bg_color__hover_enabled=&#8220;on|hover&#8220; button_bg_color__hover=&#8220;#FFD11B&#8220; button_bg_enable_color__hover=&#8220;on&#8220; button_border_color__hover_enabled=&#8220;on|hover&#8220; button_border_color__hover=&#8220;#FFD11B&#8220;][\/et_pb_button][\/et_pb_column][et_pb_column type=&#8220;1_2&#8243; _builder_version=&#8220;4.16&#8243; custom_padding=&#8220;|||&#8220; global_colors_info=&#8220;{}&#8220; custom_padding__hover=&#8220;|||&#8220;][et_pb_image src=&#8220;https:\/\/portadrianomusic.es\/wp-content\/uploads\/2025\/05\/cm-1.jpeg&#8220; title_text=&#8220;cm-1&#8243; _builder_version=&#8220;4.27.4&#8243; _module_preset=&#8220;default&#8220; global_colors_info=&#8220;{}&#8220;][\/et_pb_image][\/et_pb_column][\/et_pb_row][\/et_pb_section][et_pb_section fb_built=&#8220;1&#8243; _builder_version=&#8220;4.27.4&#8243; _module_preset=&#8220;default&#8220; background_color=&#8220;#EF7A31&#8243; background_enable_image=&#8220;off&#8220; background_position=&#8220;center_left&#8220; background_horizontal_offset=&#8220;58%&#8220; height_tablet=&#8220;auto&#8220; height_phone=&#8220;auto&#8220; height_last_edited=&#8220;on|desktop&#8220; custom_padding=&#8220;||0px||false|false&#8220; da_disable_devices=&#8220;off|off|off&#8220; global_colors_info=&#8220;{}&#8220; da_is_popup=&#8220;off&#8220; da_exit_intent=&#8220;off&#8220; da_has_close=&#8220;on&#8220; da_alt_close=&#8220;off&#8220; da_dark_close=&#8220;off&#8220; da_not_modal=&#8220;on&#8220; da_is_singular=&#8220;off&#8220; da_with_loader=&#8220;off&#8220; da_has_shadow=&#8220;on&#8220;][et_pb_row column_structure=&#8220;1_2,1_2&#8243; use_custom_gutter=&#8220;on&#8220; gutter_width=&#8220;2&#8243; make_equal=&#8220;on&#8220; admin_label=&#8220;row&#8220; _builder_version=&#8220;4.27.4&#8243; positioning=&#8220;none&#8220; position_origin_a=&#8220;center_center&#8220; position_origin_a_tablet=&#8220;center_center&#8220; position_origin_a_phone=&#8220;center_center&#8220; position_origin_a_last_edited=&#8220;on|phone&#8220; position_origin_f_tablet=&#8220;&#8220; position_origin_f_phone=&#8220;&#8220; position_origin_f_last_edited=&#8220;on|phone&#8220; position_origin_r_tablet=&#8220;&#8220; position_origin_r_phone=&#8220;&#8220; position_origin_r_last_edited=&#8220;on|phone&#8220; positioning_tablet=&#8220;none&#8220; positioning_phone=&#8220;none&#8220; positioning_last_edited=&#8220;on|phone&#8220; locked=&#8220;off&#8220; global_colors_info=&#8220;{}&#8220;][et_pb_column type=&#8220;1_2&#8243; _builder_version=&#8220;4.16&#8243; custom_padding=&#8220;|||&#8220; global_colors_info=&#8220;{}&#8220; custom_padding__hover=&#8220;|||&#8220;][et_pb_text _builder_version=&#8220;4.27.4&#8243; _module_preset=&#8220;default&#8220; header_2_font=&#8220;FolioStdBook||||||||&#8220; header_2_font_size=&#8220;60px&#8220; custom_margin=&#8220;||30px|||&#8220; header_2_font_size_tablet=&#8220;50px&#8220; header_2_font_size_phone=&#8220;30px&#8220; header_2_font_size_last_edited=&#8220;on|tablet&#8220; global_colors_info=&#8220;{}&#8220;]<\/p>\n<h2 class=\"elementor-heading-title elementor-size-default\">Nachhaltigkeit<\/h2>\n<p>[\/et_pb_text][et_pb_text admin_label=&#8220;Text&#8220; _builder_version=&#8220;4.27.4&#8243; text_font=&#8220;FolioStdBook||||||||&#8220; text_font_size=&#8220;30px&#8220; text_line_height=&#8220;1.2em&#8220; background_size=&#8220;initial&#8220; background_position=&#8220;top_left&#8220; background_repeat=&#8220;repeat&#8220; text_font_size_tablet=&#8220;25px&#8220; text_font_size_phone=&#8220;20px&#8220; text_font_size_last_edited=&#8220;on|desktop&#8220; text_line_height_phone=&#8220;1.2em&#8220; text_line_height_last_edited=&#8220;off|tablet&#8220; global_colors_info=&#8220;{}&#8220;]<\/p>\n<p>Unser Ziel ist es, nachhaltige Konsum- und Produktionsweisen zu gew\u00e4hrleisten, indem wir Prozesse einf\u00fchren, um Lebensmittelverluste zu vermeiden, Wiederverwendung und Recycling zu f\u00f6rdern, eine umweltfreundliche Verwendung von Chemikalien zu gew\u00e4hrleisten, die Abfallentstehung zu reduzieren und die Meeresverschmutzung zu verringern.<\/p>\n<\/p>\n<p> [\/et_pb_text][et_pb_button button_url=&#8220;@ET-DC@eyJkeW5hbWljIjp0cnVlLCJjb250ZW50IjoicG9zdF9saW5rX3VybF9wYWdlIiwic2V0dGluZ3MiOnsicG9zdF9pZCI6IjUxNiJ9fQ==@&#8220; button_text=&#8220;MEHR LESEN&#8220; _builder_version=&#8220;4.27.4&#8243; _dynamic_attributes=&#8220;button_url&#8220; _module_preset=&#8220;default&#8220; custom_button=&#8220;on&#8220; button_text_color=&#8220;#FFD11B&#8220; button_border_radius=&#8220;0px&#8220; button_use_icon=&#8220;off&#8220; custom_padding=&#8220;20px|45px|20px|45px|true|true&#8220; custom_padding_tablet=&#8220;20px|45px|20px|45px|true|true&#8220; custom_padding_phone=&#8220;15px|40px|15px|40px|true|true&#8220; custom_padding_last_edited=&#8220;on|phone&#8220; global_colors_info=&#8220;{}&#8220; button_text_color__hover_enabled=&#8220;on|hover&#8220; button_text_color__hover=&#8220;#EF7A31&#8243; button_bg_color__hover_enabled=&#8220;on|hover&#8220; button_bg_color__hover=&#8220;#FFD11B&#8220; button_bg_enable_color__hover=&#8220;on&#8220; button_border_color__hover_enabled=&#8220;on|hover&#8220; button_border_color__hover=&#8220;#FFD11B&#8220;][\/et_pb_button][\/et_pb_column][et_pb_column type=&#8220;1_2&#8243; _builder_version=&#8220;4.16&#8243; custom_padding=&#8220;|||&#8220; global_colors_info=&#8220;{}&#8220; custom_padding__hover=&#8220;|||&#8220;][et_pb_image src=&#8220;https:\/\/portadrianomusic.es\/wp-content\/uploads\/2025\/05\/cm-2.jpeg&#8220; title_text=&#8220;cm-2&#8243; _builder_version=&#8220;4.27.4&#8243; _module_preset=&#8220;default&#8220; global_colors_info=&#8220;{}&#8220;][\/et_pb_image][\/et_pb_column][\/et_pb_row][\/et_pb_section][et_pb_section fb_built=&#8220;1&#8243; _builder_version=&#8220;4.27.4&#8243; _module_preset=&#8220;default&#8220; background_color=&#8220;#EF7A31&#8243; background_enable_image=&#8220;off&#8220; background_position=&#8220;center_left&#8220; background_horizontal_offset=&#8220;58%&#8220; height_tablet=&#8220;auto&#8220; height_phone=&#8220;auto&#8220; height_last_edited=&#8220;on|desktop&#8220; custom_padding=&#8220;||0px||false|false&#8220; da_disable_devices=&#8220;off|off|off&#8220; global_colors_info=&#8220;{}&#8220; da_is_popup=&#8220;off&#8220; da_exit_intent=&#8220;off&#8220; da_has_close=&#8220;on&#8220; da_alt_close=&#8220;off&#8220; da_dark_close=&#8220;off&#8220; da_not_modal=&#8220;on&#8220; da_is_singular=&#8220;off&#8220; da_with_loader=&#8220;off&#8220; da_has_shadow=&#8220;on&#8220;][et_pb_row column_structure=&#8220;1_2,1_2&#8243; use_custom_gutter=&#8220;on&#8220; gutter_width=&#8220;2&#8243; make_equal=&#8220;on&#8220; admin_label=&#8220;row&#8220; _builder_version=&#8220;4.27.4&#8243; positioning=&#8220;none&#8220; position_origin_a=&#8220;center_center&#8220; position_origin_a_tablet=&#8220;center_center&#8220; position_origin_a_phone=&#8220;center_center&#8220; position_origin_a_last_edited=&#8220;on|phone&#8220; position_origin_f_tablet=&#8220;&#8220; position_origin_f_phone=&#8220;&#8220; position_origin_f_last_edited=&#8220;on|phone&#8220; position_origin_r_tablet=&#8220;&#8220; position_origin_r_phone=&#8220;&#8220; position_origin_r_last_edited=&#8220;on|phone&#8220; positioning_tablet=&#8220;none&#8220; positioning_phone=&#8220;none&#8220; positioning_last_edited=&#8220;on|phone&#8220; locked=&#8220;off&#8220; global_colors_info=&#8220;{}&#8220;][et_pb_column type=&#8220;1_2&#8243; _builder_version=&#8220;4.16&#8243; custom_padding=&#8220;|||&#8220; global_colors_info=&#8220;{}&#8220; custom_padding__hover=&#8220;|||&#8220;][et_pb_text _builder_version=&#8220;4.27.4&#8243; _module_preset=&#8220;default&#8220; header_2_font=&#8220;FolioStdBook||||||||&#8220; header_2_font_size=&#8220;60px&#8220; custom_margin=&#8220;||30px|||&#8220; header_2_font_size_tablet=&#8220;50px&#8220; header_2_font_size_phone=&#8220;30px&#8220; header_2_font_size_last_edited=&#8220;on|tablet&#8220; global_colors_info=&#8220;{}&#8220;]<\/p>\n<h2 class=\"elementor-heading-title elementor-size-default\">AROMEN aus aller<br \/>Welt<\/h2>\n<p>[\/et_pb_text][et_pb_text admin_label=&#8220;Text&#8220; _builder_version=&#8220;4.27.4&#8243; text_font=&#8220;FolioStdBook||||||||&#8220; text_font_size=&#8220;30px&#8220; text_line_height=&#8220;1.2em&#8220; background_size=&#8220;initial&#8220; background_position=&#8220;top_left&#8220; background_repeat=&#8220;repeat&#8220; text_font_size_tablet=&#8220;25px&#8220; text_font_size_phone=&#8220;20px&#8220; text_font_size_last_edited=&#8220;on|desktop&#8220; text_line_height_phone=&#8220;1.2em&#8220; text_line_height_last_edited=&#8220;off|tablet&#8220; global_colors_info=&#8220;{}&#8220;]<\/p>\n<p>Ein kulinarisches Erlebnis f\u00fcr jeden Gaumen, 11 Restaurants, die von mediterraner K\u00fcche bis hin zu gehobener Autorenk\u00fcche reichen, darunter&#8230;<\/p>\n<p>&nbsp;<\/p>\n<p>[\/et_pb_text][et_pb_button button_url=&#8220;https:\/\/www.portadriano.com\/de\/business\/&#8220; url_new_window=&#8220;on&#8220; button_text=&#8220;MEHR LESEN&#8220; _builder_version=&#8220;4.27.4&#8243; _module_preset=&#8220;default&#8220; custom_button=&#8220;on&#8220; button_text_color=&#8220;#FFD11B&#8220; button_border_radius=&#8220;0px&#8220; button_use_icon=&#8220;off&#8220; custom_padding=&#8220;20px|45px|20px|45px|true|true&#8220; custom_padding_tablet=&#8220;20px|45px|20px|45px|true|true&#8220; custom_padding_phone=&#8220;15px|40px|15px|40px|true|true&#8220; custom_padding_last_edited=&#8220;on|phone&#8220; global_colors_info=&#8220;{}&#8220; button_text_color__hover_enabled=&#8220;on|hover&#8220; button_text_color__hover=&#8220;#EF7A31&#8243; button_bg_color__hover_enabled=&#8220;on|hover&#8220; button_bg_color__hover=&#8220;#FFD11B&#8220; button_bg_enable_color__hover=&#8220;on&#8220; button_border_color__hover_enabled=&#8220;on|hover&#8220; button_border_color__hover=&#8220;#FFD11B&#8220;][\/et_pb_button][\/et_pb_column][et_pb_column type=&#8220;1_2&#8243; _builder_version=&#8220;4.16&#8243; custom_padding=&#8220;|||&#8220; global_colors_info=&#8220;{}&#8220; custom_padding__hover=&#8220;|||&#8220;][et_pb_image src=&#8220;https:\/\/portadrianomusic.es\/wp-content\/uploads\/2025\/05\/cm-3.jpeg&#8220; title_text=&#8220;cm-3&#8243; _builder_version=&#8220;4.27.4&#8243; _module_preset=&#8220;default&#8220; global_colors_info=&#8220;{}&#8220;][\/et_pb_image][\/et_pb_column][\/et_pb_row][\/et_pb_section][et_pb_section fb_built=&#8220;1&#8243; _builder_version=&#8220;4.27.4&#8243; _module_preset=&#8220;default&#8220; background_color=&#8220;#EF7A31&#8243; background_enable_image=&#8220;off&#8220; background_position=&#8220;center_left&#8220; background_horizontal_offset=&#8220;58%&#8220; height_tablet=&#8220;auto&#8220; height_phone=&#8220;auto&#8220; height_last_edited=&#8220;on|phone&#8220; custom_padding=&#8220;||80px||false|false&#8220; da_disable_devices=&#8220;off|off|off&#8220; global_colors_info=&#8220;{}&#8220; da_is_popup=&#8220;off&#8220; da_exit_intent=&#8220;off&#8220; da_has_close=&#8220;on&#8220; da_alt_close=&#8220;off&#8220; da_dark_close=&#8220;off&#8220; da_not_modal=&#8220;on&#8220; da_is_singular=&#8220;off&#8220; da_with_loader=&#8220;off&#8220; da_has_shadow=&#8220;on&#8220;][et_pb_row column_structure=&#8220;1_2,1_2&#8243; use_custom_gutter=&#8220;on&#8220; gutter_width=&#8220;2&#8243; make_equal=&#8220;on&#8220; admin_label=&#8220;row&#8220; _builder_version=&#8220;4.27.4&#8243; positioning=&#8220;none&#8220; position_origin_a=&#8220;center_center&#8220; position_origin_a_tablet=&#8220;center_center&#8220; position_origin_a_phone=&#8220;center_center&#8220; position_origin_a_last_edited=&#8220;on|phone&#8220; position_origin_f_tablet=&#8220;&#8220; position_origin_f_phone=&#8220;&#8220; position_origin_f_last_edited=&#8220;on|phone&#8220; position_origin_r_tablet=&#8220;&#8220; position_origin_r_phone=&#8220;&#8220; position_origin_r_last_edited=&#8220;on|phone&#8220; positioning_tablet=&#8220;none&#8220; positioning_phone=&#8220;none&#8220; positioning_last_edited=&#8220;on|phone&#8220; locked=&#8220;off&#8220; global_colors_info=&#8220;{}&#8220;][et_pb_column type=&#8220;1_2&#8243; _builder_version=&#8220;4.16&#8243; custom_padding=&#8220;|||&#8220; global_colors_info=&#8220;{}&#8220; custom_padding__hover=&#8220;|||&#8220;][et_pb_text _builder_version=&#8220;4.27.4&#8243; _module_preset=&#8220;default&#8220; header_2_font=&#8220;FolioStdBook||||||||&#8220; header_2_font_size=&#8220;60px&#8220; custom_margin=&#8220;||30px|||&#8220; header_2_font_size_tablet=&#8220;50px&#8220; header_2_font_size_phone=&#8220;30px&#8220; header_2_font_size_last_edited=&#8220;on|tablet&#8220; global_colors_info=&#8220;{}&#8220;]<\/p>\n<h2 class=\"elementor-heading-title elementor-size-default\">Gro\u00dfe Auswahl an Gesch\u00e4ften<\/h2>\n<p>[\/et_pb_text][et_pb_text admin_label=&#8220;Text&#8220; _builder_version=&#8220;4.27.4&#8243; text_font=&#8220;FolioStdBook||||||||&#8220; text_font_size=&#8220;30px&#8220; text_line_height=&#8220;1.2em&#8220; background_size=&#8220;initial&#8220; background_position=&#8220;top_left&#8220; background_repeat=&#8220;repeat&#8220; text_font_size_tablet=&#8220;25px&#8220; text_font_size_phone=&#8220;20px&#8220; text_font_size_last_edited=&#8220;on|desktop&#8220; text_line_height_phone=&#8220;1.2em&#8220; text_line_height_last_edited=&#8220;off|tablet&#8220; global_colors_info=&#8220;{}&#8220;]<\/p>\n<p>In Port Adriano finden Sie eine Auswahl an erstklassigen Mode- und Accessoire-Gesch\u00e4ften f\u00fcr Damen und Herren.<\/p>\n<p>&nbsp;<\/p>\n<p>[\/et_pb_text][et_pb_button button_url=&#8220;https:\/\/www.portadriano.com\/negocios\/tiendas\/&#8220; url_new_window=&#8220;on&#8220; button_text=&#8220;MEHR LESEN&#8220; _builder_version=&#8220;4.27.4&#8243; _module_preset=&#8220;default&#8220; custom_button=&#8220;on&#8220; button_text_color=&#8220;#FFD11B&#8220; button_border_radius=&#8220;0px&#8220; button_use_icon=&#8220;off&#8220; custom_padding=&#8220;20px|45px|20px|45px|true|true&#8220; custom_padding_tablet=&#8220;20px|45px|20px|45px|true|true&#8220; custom_padding_phone=&#8220;15px|40px|15px|40px|true|true&#8220; custom_padding_last_edited=&#8220;on|phone&#8220; global_colors_info=&#8220;{}&#8220; button_text_color__hover_enabled=&#8220;on|hover&#8220; button_text_color__hover=&#8220;#EF7A31&#8243; button_bg_color__hover_enabled=&#8220;on|hover&#8220; button_bg_color__hover=&#8220;#FFD11B&#8220; button_bg_enable_color__hover=&#8220;on&#8220; button_border_color__hover_enabled=&#8220;on|hover&#8220; button_border_color__hover=&#8220;#FFD11B&#8220;][\/et_pb_button][\/et_pb_column][et_pb_column type=&#8220;1_2&#8243; _builder_version=&#8220;4.16&#8243; custom_padding=&#8220;|||&#8220; global_colors_info=&#8220;{}&#8220; custom_padding__hover=&#8220;|||&#8220;][et_pb_image src=&#8220;https:\/\/portadrianomusic.es\/wp-content\/uploads\/2025\/05\/cm-4.jpeg&#8220; title_text=&#8220;cm-4&#8243; _builder_version=&#8220;4.27.4&#8243; _module_preset=&#8220;default&#8220; global_colors_info=&#8220;{}&#8220;][\/et_pb_image][\/et_pb_column][\/et_pb_row][\/et_pb_section]<\/p>\n","protected":false},"excerpt":{"rendered":"<p>Lernen Sie unser PORT ADRIANO kennenStarcks MarinaEntdecken Sie den exklusivsten Yachthafen, entworfen von Philippe Starck. Einer der modernsten H\u00e4fen im Mittelmeer und eine herausragende Basis f\u00fcr kleine, mittlere und gro\u00dfe Yachten. Design, nautische Dienstleistungen, ein umfangreiches gastronomisches Angebot und Modegesch\u00e4fte. Ein Must visit des mallorquinischen Sommers. NachhaltigkeitUnser Ziel ist es, nachhaltige Konsum- und Produktionsweisen zu [&hellip;]<\/p>\n","protected":false},"author":1,"featured_media":0,"parent":0,"menu_order":0,"comment_status":"closed","ping_status":"closed","template":"","meta":{"_et_pb_use_builder":"on","_et_pb_old_content":"","_et_gb_content_width":"","inline_featured_image":false,"footnotes":""},"difl_page_category":[],"class_list":["post-2409","page","type-page","status-publish","hentry"],"_links":{"self":[{"href":"https:\/\/portadrianomusic.es\/de\/wp-json\/wp\/v2\/pages\/2409","targetHints":{"allow":["GET"]}}],"collection":[{"href":"https:\/\/portadrianomusic.es\/de\/wp-json\/wp\/v2\/pages"}],"about":[{"href":"https:\/\/portadrianomusic.es\/de\/wp-json\/wp\/v2\/types\/page"}],"author":[{"embeddable":true,"href":"https:\/\/portadrianomusic.es\/de\/wp-json\/wp\/v2\/users\/1"}],"replies":[{"embeddable":true,"href":"https:\/\/portadrianomusic.es\/de\/wp-json\/wp\/v2\/comments?post=2409"}],"version-history":[{"count":13,"href":"https:\/\/portadrianomusic.es\/de\/wp-json\/wp\/v2\/pages\/2409\/revisions"}],"predecessor-version":[{"id":2828,"href":"https:\/\/portadrianomusic.es\/de\/wp-json\/wp\/v2\/pages\/2409\/revisions\/2828"}],"wp:attachment":[{"href":"https:\/\/portadrianomusic.es\/de\/wp-json\/wp\/v2\/media?parent=2409"}],"wp:term":[{"taxonomy":"difl_page_category","embeddable":true,"href":"https:\/\/portadrianomusic.es\/de\/wp-json\/wp\/v2\/difl_page_category?post=2409"}],"curies":[{"name":"wp","href":"https:\/\/api.w.org\/{rel}","templated":true}]}}