{"id":2415,"date":"2025-04-30T08:46:52","date_gmt":"2025-04-30T08:46:52","guid":{"rendered":"https:\/\/portadrianomusic.es\/presentacion\/"},"modified":"2025-06-04T13:54:06","modified_gmt":"2025-06-04T13:54:06","slug":"praesentation","status":"publish","type":"page","link":"https:\/\/portadrianomusic.es\/de\/praesentation\/","title":{"rendered":"Pr\u00e4sentation"},"content":{"rendered":"<p>[et_pb_section fb_built=&#8220;1&#8243; _builder_version=&#8220;4.27.4&#8243; _module_preset=&#8220;default&#8220; background_image=&#8220;https:\/\/portadrianomusic.es\/wp-content\/uploads\/2025\/05\/ms-1.jpeg&#8220; da_disable_devices=&#8220;off|off|off&#8220; locked=&#8220;off&#8220; global_colors_info=&#8220;{}&#8220; da_is_popup=&#8220;off&#8220; da_exit_intent=&#8220;off&#8220; da_has_close=&#8220;on&#8220; da_alt_close=&#8220;off&#8220; da_dark_close=&#8220;off&#8220; da_not_modal=&#8220;on&#8220; da_is_singular=&#8220;off&#8220; da_with_loader=&#8220;off&#8220; da_has_shadow=&#8220;on&#8220;][et_pb_row _builder_version=&#8220;4.27.4&#8243; _module_preset=&#8220;default&#8220; global_colors_info=&#8220;{}&#8220;][et_pb_column type=&#8220;4_4&#8243; _builder_version=&#8220;4.27.4&#8243; _module_preset=&#8220;default&#8220; global_colors_info=&#8220;{}&#8220;][\/et_pb_column][\/et_pb_row][\/et_pb_section][et_pb_section fb_built=&#8220;1&#8243; _builder_version=&#8220;4.27.4&#8243; _module_preset=&#8220;default&#8220; background_color=&#8220;#EF7A31&#8243; background_enable_image=&#8220;off&#8220; background_position=&#8220;center_left&#8220; background_horizontal_offset=&#8220;58%&#8220; height_tablet=&#8220;auto&#8220; height_phone=&#8220;auto&#8220; height_last_edited=&#8220;on|phone&#8220; custom_padding=&#8220;||||false|false&#8220; da_disable_devices=&#8220;off|off|off&#8220; global_colors_info=&#8220;{}&#8220; da_is_popup=&#8220;off&#8220; da_exit_intent=&#8220;off&#8220; da_has_close=&#8220;on&#8220; da_alt_close=&#8220;off&#8220; da_dark_close=&#8220;off&#8220; da_not_modal=&#8220;on&#8220; da_is_singular=&#8220;off&#8220; da_with_loader=&#8220;off&#8220; da_has_shadow=&#8220;on&#8220;][et_pb_row use_custom_gutter=&#8220;on&#8220; gutter_width=&#8220;2&#8243; make_equal=&#8220;on&#8220; admin_label=&#8220;row&#8220; _builder_version=&#8220;4.27.4&#8243; positioning=&#8220;none&#8220; position_origin_a=&#8220;center_center&#8220; position_origin_a_tablet=&#8220;center_center&#8220; position_origin_a_phone=&#8220;center_center&#8220; position_origin_a_last_edited=&#8220;on|phone&#8220; position_origin_f_tablet=&#8220;&#8220; position_origin_f_phone=&#8220;&#8220; position_origin_f_last_edited=&#8220;on|phone&#8220; position_origin_r_tablet=&#8220;&#8220; position_origin_r_phone=&#8220;&#8220; position_origin_r_last_edited=&#8220;on|phone&#8220; custom_padding=&#8220;||0px|||&#8220; positioning_tablet=&#8220;none&#8220; positioning_phone=&#8220;none&#8220; positioning_last_edited=&#8220;on|phone&#8220; locked=&#8220;off&#8220; global_colors_info=&#8220;{}&#8220;][et_pb_column type=&#8220;4_4&#8243; _builder_version=&#8220;4.16&#8243; custom_padding=&#8220;|||&#8220; global_colors_info=&#8220;{}&#8220; custom_padding__hover=&#8220;|||&#8220;][et_pb_text _builder_version=&#8220;4.27.4&#8243; _module_preset=&#8220;default&#8220; header_2_font=&#8220;FolioStdBook||||||||&#8220; header_2_font_size=&#8220;70px&#8220; custom_margin=&#8220;||30px|||&#8220; header_2_font_size_tablet=&#8220;50px&#8220; header_2_font_size_phone=&#8220;30px&#8220; header_2_font_size_last_edited=&#8220;on|tablet&#8220; global_colors_info=&#8220;{}&#8220;]<\/p>\n<h2 class=\"elementor-heading-title elementor-size-default\">Das PORT ADRIANO MUSIC FESTIVAL blickt auf eine Geschichte zahlreicher Erfolge zur\u00fcck<\/h2>\n<p>[\/et_pb_text][\/et_pb_column][\/et_pb_row][et_pb_row use_custom_gutter=&#8220;on&#8220; gutter_width=&#8220;2&#8243; make_equal=&#8220;on&#8220; _builder_version=&#8220;4.27.4&#8243; _module_preset=&#8220;default&#8220; positioning=&#8220;none&#8220; position_origin_a=&#8220;center_center&#8220; position_origin_a_tablet=&#8220;center_center&#8220; position_origin_a_phone=&#8220;center_center&#8220; position_origin_a_last_edited=&#8220;on|phone&#8220; position_origin_f_tablet=&#8220;&#8220; position_origin_f_phone=&#8220;&#8220; position_origin_f_last_edited=&#8220;on|phone&#8220; position_origin_r_tablet=&#8220;&#8220; position_origin_r_phone=&#8220;&#8220; position_origin_r_last_edited=&#8220;on|phone&#8220; positioning_tablet=&#8220;none&#8220; positioning_phone=&#8220;none&#8220; positioning_last_edited=&#8220;on|phone&#8220; global_colors_info=&#8220;{}&#8220;][et_pb_column type=&#8220;4_4&#8243; _builder_version=&#8220;4.27.4&#8243; _module_preset=&#8220;default&#8220; global_colors_info=&#8220;{}&#8220;][et_pb_text admin_label=&#8220;Text&#8220; _builder_version=&#8220;4.27.4&#8243; text_font=&#8220;FolioStdBook||||||||&#8220; text_font_size=&#8220;30px&#8220; text_line_height=&#8220;1.1em&#8220; link_text_color=&#8220;#FFD11B&#8220; link_font_size=&#8220;30px&#8220; link_line_height=&#8220;1.3em&#8220; background_size=&#8220;initial&#8220; background_position=&#8220;top_left&#8220; background_repeat=&#8220;repeat&#8220; text_font_size_tablet=&#8220;25px&#8220; text_font_size_phone=&#8220;20px&#8220; text_font_size_last_edited=&#8220;on|desktop&#8220; text_line_height_phone=&#8220;1.2em&#8220; text_line_height_last_edited=&#8220;off|tablet&#8220; locked=&#8220;off&#8220; global_colors_info=&#8220;{}&#8220; link_text_color__hover_enabled=&#8220;on|hover&#8220; link_text_color__hover=&#8220;#005593&#8243;]<\/p>\n<p>Das Kulturprojekt, das 2013 ins Leben gerufen wurde, hat sich Jahr f\u00fcr Jahr weiterentwickelt und ist heute das wichtigste musikalische Ereignis auf den Balearen. \u00dcber 65 durchgef\u00fchrte Konzerte, 80.000 Besucher seit seiner Er\u00f6ffnung, ein internationales Programm mit allen Stilrichtungen der aktuellen Musik und die spektakul\u00e4re Kulisse, die Philippe Starck f\u00fcr Port Adriano entworfen hat, sind die Schl\u00fcssel zu seiner Etablierung als eines der gro\u00dfen kulturellen Highlights des Sommers.<\/p>\n<p><strong>Die Musik des Festivals ist Musik von heute, gestern und f\u00fcr alle Zeiten \u2013 universelle Musik mit dem gemeinsamen Nenner der Exzellenz und Qualit\u00e4t der K\u00fcnstler.<\/strong> Dies wurde in den letzten Jahren durch Auftritte von Gloria Gaynor, Earth Wind &amp; Fire, Madeleine Peyroux, Buena Vista Social Club, Roger Hodgson, Hombres G, Electric Light Orchestra, El Cigala und Omara Portuondo, Josep Carreras, The Jacksons, UB40, Raphael, Ara Malikian, Tom Jones oder George Benson eindrucksvoll best\u00e4tigt.<\/p>\n<p>Die hohe Qualit\u00e4t der Organisation, der Ton- und Lichttechnik, kombiniert mit der Sch\u00f6nheit der Umgebung und der N\u00e4he des Publikums zur B\u00fchne, machen die Konzerte in Port Adriano unvergesslich.<\/p>\n<p>[\/et_pb_text][\/et_pb_column][\/et_pb_row][\/et_pb_section]<\/p>\n","protected":false},"excerpt":{"rendered":"<p>Das PORT ADRIANO MUSIC FESTIVAL blickt auf eine Geschichte zahlreicher Erfolge zur\u00fcckDas Kulturprojekt, das 2013 ins Leben gerufen wurde, hat sich Jahr f\u00fcr Jahr weiterentwickelt und ist heute das wichtigste musikalische Ereignis auf den Balearen. \u00dcber 65 durchgef\u00fchrte Konzerte, 80.000 Besucher seit seiner Er\u00f6ffnung, ein internationales Programm mit allen Stilrichtungen der aktuellen Musik und die [&hellip;]<\/p>\n","protected":false},"author":1,"featured_media":0,"parent":0,"menu_order":0,"comment_status":"closed","ping_status":"closed","template":"","meta":{"_et_pb_use_builder":"on","_et_pb_old_content":"","_et_gb_content_width":"","inline_featured_image":false,"footnotes":""},"difl_page_category":[],"class_list":["post-2415","page","type-page","status-publish","hentry"],"_links":{"self":[{"href":"https:\/\/portadrianomusic.es\/de\/wp-json\/wp\/v2\/pages\/2415","targetHints":{"allow":["GET"]}}],"collection":[{"href":"https:\/\/portadrianomusic.es\/de\/wp-json\/wp\/v2\/pages"}],"about":[{"href":"https:\/\/portadrianomusic.es\/de\/wp-json\/wp\/v2\/types\/page"}],"author":[{"embeddable":true,"href":"https:\/\/portadrianomusic.es\/de\/wp-json\/wp\/v2\/users\/1"}],"replies":[{"embeddable":true,"href":"https:\/\/portadrianomusic.es\/de\/wp-json\/wp\/v2\/comments?post=2415"}],"version-history":[{"count":6,"href":"https:\/\/portadrianomusic.es\/de\/wp-json\/wp\/v2\/pages\/2415\/revisions"}],"predecessor-version":[{"id":3091,"href":"https:\/\/portadrianomusic.es\/de\/wp-json\/wp\/v2\/pages\/2415\/revisions\/3091"}],"wp:attachment":[{"href":"https:\/\/portadrianomusic.es\/de\/wp-json\/wp\/v2\/media?parent=2415"}],"wp:term":[{"taxonomy":"difl_page_category","embeddable":true,"href":"https:\/\/portadrianomusic.es\/de\/wp-json\/wp\/v2\/difl_page_category?post=2415"}],"curies":[{"name":"wp","href":"https:\/\/api.w.org\/{rel}","templated":true}]}}