{"id":2396,"date":"2025-04-30T10:18:04","date_gmt":"2025-04-30T10:18:04","guid":{"rendered":"https:\/\/portadrianomusic.es\/los-secretos\/"},"modified":"2025-07-18T13:45:09","modified_gmt":"2025-07-18T13:45:09","slug":"los-secretos","status":"publish","type":"page","link":"https:\/\/portadrianomusic.es\/en\/los-secretos\/","title":{"rendered":"Los Secretos"},"content":{"rendered":"<p>[et_pb_section fb_built=&#8221;1&#8243; fullwidth=&#8221;on&#8221; _builder_version=&#8221;4.27.4&#8243; _module_preset=&#8221;default&#8221; background_color=&#8221;#EF7A31&#8243; background_image=&#8221;https:\/\/portadrianomusic.es\/wp-content\/uploads\/2025\/06\/Seccion-1-Artista-1-\u2013-3.jpg&#8221; custom_padding=&#8221;||||false|false&#8221; background_last_edited=&#8221;on|phone&#8221; background_image_tablet=&#8221;https:\/\/portadrianomusic.es\/wp-content\/uploads\/2025\/06\/Web-1920-\u2013-1.jpg&#8221; background_image_phone=&#8221;https:\/\/portadrianomusic.es\/wp-content\/uploads\/2025\/06\/Web-1920-\u2013-1.jpg&#8221; background_enable_image_tablet=&#8221;on&#8221; background_enable_image_phone=&#8221;on&#8221; background_size_phone=&#8221;contain&#8221; background_position_phone=&#8221;center_left&#8221; da_disable_devices=&#8221;off|off|off&#8221; global_colors_info=&#8221;{}&#8221; da_is_popup=&#8221;off&#8221; da_exit_intent=&#8221;off&#8221; da_has_close=&#8221;on&#8221; da_alt_close=&#8221;off&#8221; da_dark_close=&#8221;off&#8221; da_not_modal=&#8221;on&#8221; da_is_singular=&#8221;off&#8221; da_with_loader=&#8221;off&#8221; da_has_shadow=&#8221;on&#8221;][et_pb_fullwidth_header _builder_version=&#8221;4.27.4&#8243; _module_preset=&#8221;default&#8221; title_text_color=&#8221;#FFD11B&#8221; title_font_size=&#8221;70px&#8221; title_line_height=&#8221;1.1em&#8221; content_text_color=&#8221;#FFD11B&#8221; content_font_size=&#8221;80px&#8221; content_line_height=&#8221;1em&#8221; background_color=&#8221;RGBA(255,255,255,0)&#8221; custom_button_one=&#8221;on&#8221; button_one_text_color=&#8221;#FFD11B&#8221; button_one_border_radius=&#8221;0px&#8221; button_one_font=&#8221;|||on|||||&#8221; button_one_use_icon=&#8221;off&#8221; button_one_custom_padding=&#8221;20px|45px|20px|45px|true|true&#8221; button_one_custom_padding_tablet=&#8221;20px|45px|20px|45px|true|true&#8221; button_one_custom_padding_phone=&#8221;15px|40px|15px|40px|true|true&#8221; button_one_custom_padding_last_edited=&#8221;on|phone&#8221; custom_button_two=&#8221;on&#8221; button_two_text_color=&#8221;#FFD11B&#8221; button_two_border_radius=&#8221;0px&#8221; button_two_font=&#8221;|||on|||||&#8221; button_two_use_icon=&#8221;off&#8221; button_two_custom_padding=&#8221;20px|45px|20px|45px|true|true&#8221; transform_scale_tablet=&#8221;&#8221; transform_scale_phone=&#8221;&#8221; transform_scale_last_edited=&#8221;on|desktop&#8221; transform_translate_tablet=&#8221;0px|0px&#8221; transform_translate_phone=&#8221;0px|0px&#8221; transform_translate_last_edited=&#8221;on|phone&#8221; transform_translate_linked=&#8221;off&#8221; transform_rotate_tablet=&#8221;&#8221; transform_rotate_phone=&#8221;&#8221; transform_rotate_last_edited=&#8221;on|desktop&#8221; transform_skew_tablet=&#8221;&#8221; transform_skew_phone=&#8221;&#8221; transform_skew_last_edited=&#8221;on|desktop&#8221; transform_origin_tablet=&#8221;&#8221; transform_origin_phone=&#8221;&#8221; transform_origin_last_edited=&#8221;on|desktop&#8221; height=&#8221;100vh&#8221; height_tablet=&#8221;100vh&#8221; height_phone=&#8221;auto&#8221; height_last_edited=&#8221;on|phone&#8221; custom_padding=&#8221;33vh||||false|false&#8221; custom_padding_tablet=&#8221;29vh||28vh|30vw|false|false&#8221; custom_padding_phone=&#8221;30vh||0vh|0vw|false|false&#8221; custom_padding_last_edited=&#8221;on|tablet&#8221; title_font_size_tablet=&#8221;50px&#8221; title_font_size_phone=&#8221;30px&#8221; title_font_size_last_edited=&#8221;on|phone&#8221; content_font_size_tablet=&#8221;70px&#8221; content_font_size_phone=&#8221;45px&#8221; content_font_size_last_edited=&#8221;on|tablet&#8221; global_colors_info=&#8221;{}&#8221; button_one_bg_color__hover_enabled=&#8221;on|hover&#8221; button_one_bg_color__hover=&#8221;#FFD11B&#8221; button_one_bg_enable_color__hover=&#8221;on&#8221; button_one_text_color__hover_enabled=&#8221;on|hover&#8221; button_one_text_color__hover=&#8221;#EF7A31&#8243; button_one_border_color__hover_enabled=&#8221;on|hover&#8221; button_one_border_color__hover=&#8221;#FFD11B&#8221; button_two_text_color__hover=&#8221;#EF7A31&#8243; button_two_text_color__hover_enabled=&#8221;on|hover&#8221; button_two_bg_color__hover=&#8221;#FFD11B&#8221; button_two_bg_color__hover_enabled=&#8221;on|hover&#8221; button_two_border_color__hover=&#8221;#FFD11B&#8221; button_two_border_color__hover_enabled=&#8221;on|hover&#8221;]LOS<br \/>\nSECRETOS<br \/>\n01.08.25[\/et_pb_fullwidth_header][\/et_pb_section][et_pb_section fb_built=&#8221;1&#8243; _builder_version=&#8221;4.27.4&#8243; _module_preset=&#8221;default&#8221; background_color=&#8221;#EF7A31&#8243; background_image=&#8221;https:\/\/portadrianomusic.es\/wp-content\/uploads\/2025\/04\/PAM_Letras.svg&#8221; background_position=&#8221;center_left&#8221; background_horizontal_offset=&#8221;58%&#8221; height_tablet=&#8221;auto&#8221; height_phone=&#8221;auto&#8221; height_last_edited=&#8221;on|phone&#8221; custom_padding=&#8221;||||false|false&#8221; da_disable_devices=&#8221;off|off|off&#8221; global_colors_info=&#8221;{}&#8221; da_is_popup=&#8221;off&#8221; da_exit_intent=&#8221;off&#8221; da_has_close=&#8221;on&#8221; da_alt_close=&#8221;off&#8221; da_dark_close=&#8221;off&#8221; da_not_modal=&#8221;on&#8221; da_is_singular=&#8221;off&#8221; da_with_loader=&#8221;off&#8221; da_has_shadow=&#8221;on&#8221;][et_pb_row column_structure=&#8221;2_3,1_3&#8243; use_custom_gutter=&#8221;on&#8221; gutter_width=&#8221;2&#8243; make_equal=&#8221;on&#8221; _builder_version=&#8221;4.27.4&#8243; _module_preset=&#8221;default&#8221; positioning=&#8221;none&#8221; position_origin_a=&#8221;center_center&#8221; position_origin_a_tablet=&#8221;center_center&#8221; position_origin_a_phone=&#8221;center_center&#8221; position_origin_a_last_edited=&#8221;on|phone&#8221; position_origin_f_tablet=&#8221;&#8221; position_origin_f_phone=&#8221;&#8221; position_origin_f_last_edited=&#8221;on|phone&#8221; position_origin_r_tablet=&#8221;&#8221; position_origin_r_phone=&#8221;&#8221; position_origin_r_last_edited=&#8221;on|phone&#8221; positioning_tablet=&#8221;none&#8221; positioning_phone=&#8221;none&#8221; positioning_last_edited=&#8221;on|phone&#8221; global_colors_info=&#8221;{}&#8221;][et_pb_column type=&#8221;2_3&#8243; _builder_version=&#8221;4.27.4&#8243; _module_preset=&#8221;default&#8221; global_colors_info=&#8221;{}&#8221;][et_pb_text _builder_version=&#8221;4.27.4&#8243; _module_preset=&#8221;default&#8221; header_2_font=&#8221;FolioStdBook||||||||&#8221; header_2_font_size=&#8221;60px&#8221; custom_margin=&#8221;||30px|||&#8221; header_2_font_size_tablet=&#8221;40px&#8221; header_2_font_size_phone=&#8221;30px&#8221; header_2_font_size_last_edited=&#8221;on|phone&#8221; locked=&#8221;off&#8221; global_colors_info=&#8221;{}&#8221;]<\/p>\n<h2>Port Adriano Music Festival welcomes Los Secretos!<\/h2>\n<p>[\/et_pb_text][et_pb_text admin_label=&#8221;Text&#8221; _builder_version=&#8221;4.27.4&#8243; text_font=&#8221;FolioStdBook||||||||&#8221; text_font_size=&#8221;30px&#8221; text_line_height=&#8221;1.1em&#8221; link_text_color=&#8221;#FFD11B&#8221; link_font_size=&#8221;30px&#8221; link_line_height=&#8221;1.3em&#8221; background_size=&#8221;initial&#8221; background_position=&#8221;top_left&#8221; background_repeat=&#8221;repeat&#8221; text_font_size_tablet=&#8221;25px&#8221; text_font_size_phone=&#8221;20px&#8221; text_font_size_last_edited=&#8221;on|desktop&#8221; text_line_height_phone=&#8221;1.2em&#8221; text_line_height_last_edited=&#8221;off|tablet&#8221; locked=&#8221;off&#8221; global_colors_info=&#8221;{}&#8221; link_text_color__hover_enabled=&#8221;on|hover&#8221; link_text_color__hover=&#8221;#005593&#8243;]<\/p>\n<p>The legendary Spanish band continues to delight audiences with their unforgettable concerts and songs that have become part of our country\u2019s history and our lives.<\/p>\n<p>[\/et_pb_text][et_pb_text admin_label=&#8221;Text&#8221; _builder_version=&#8221;4.27.4&#8243; text_font=&#8221;FolioStdBook||||||||&#8221; text_font_size=&#8221;20px&#8221; text_line_height=&#8221;1.1em&#8221; link_text_color=&#8221;#FFD11B&#8221; link_font_size=&#8221;30px&#8221; link_line_height=&#8221;1.3em&#8221; background_size=&#8221;initial&#8221; background_position=&#8221;top_left&#8221; background_repeat=&#8221;repeat&#8221; text_font_size_tablet=&#8221;18px&#8221; text_font_size_phone=&#8221;16px&#8221; text_font_size_last_edited=&#8221;on|phone&#8221; text_line_height_phone=&#8221;1.2em&#8221; text_line_height_last_edited=&#8221;off|tablet&#8221; locked=&#8221;off&#8221; global_colors_info=&#8221;{}&#8221; link_text_color__hover_enabled=&#8221;on|hover&#8221; link_text_color__hover=&#8221;#005593&#8243;]<\/p>\n<p>Their flagship lineup\u2014the full band, with which we most enjoy the unmistakable Secretos sound\u2014will once again capture our hearts thanks to the guitars of \u00c1lvaro Urquijo, Ram\u00f3n Arroyo, and Txetxu Altube, the bass of Juanjo Ramos, the piano of Jes\u00fas Redondo, and the relentless drums of Santi Fern\u00e1ndez. They will transport us through our past and present without a doubt, for Los Secretos seems to defy the years.<\/p>\n<p>Los Secretos\u2014full of projects, tireless, indomitable\u2014will fill the PAM stage and our hearts with the passion and warmth that characterize them.<\/p>\n<p>[\/et_pb_text][et_pb_button button_url=&#8221;https:\/\/www.enterticket.es\/eventos\/los-secretos-pam-2025-814641&#8243; url_new_window=&#8221;on&#8221; button_text=&#8221;SOLD OUT&#8221; _builder_version=&#8221;4.27.4&#8243; _module_preset=&#8221;default&#8221; custom_button=&#8221;on&#8221; button_text_color=&#8221;#FFD11B&#8221; button_border_radius=&#8221;0px&#8221; button_use_icon=&#8221;off&#8221; custom_padding=&#8221;20px|45px|20px|45px|true|true&#8221; hover_enabled=&#8221;0&#8243; locked=&#8221;off&#8221; global_colors_info=&#8221;{}&#8221; button_text_color__hover_enabled=&#8221;on|hover&#8221; button_text_color__hover=&#8221;#EF7A31&#8243; button_bg_color__hover_enabled=&#8221;on|hover&#8221; button_bg_color__hover=&#8221;#FFD11B&#8221; button_bg_enable_color__hover=&#8221;on&#8221; button_border_color__hover_enabled=&#8221;on|hover&#8221; button_border_color__hover=&#8221;#FFD11B&#8221; sticky_enabled=&#8221;0&#8243;][\/et_pb_button][\/et_pb_column][et_pb_column type=&#8221;1_3&#8243; _builder_version=&#8221;4.27.4&#8243; _module_preset=&#8221;default&#8221; background_video_mp4=&#8221;https:\/\/portadrianomusic.es\/wp-content\/uploads\/2025\/05\/LOS-SECRETOS-story.mp4&#8243; global_colors_info=&#8221;{}&#8221;][et_pb_divider show_divider=&#8221;off&#8221; _builder_version=&#8221;4.27.4&#8243; _module_preset=&#8221;default&#8221; height=&#8221;90vh&#8221; height_tablet=&#8221;100vh&#8221; height_phone=&#8221;60vh&#8221; height_last_edited=&#8221;on|desktop&#8221; locked=&#8221;off&#8221; global_colors_info=&#8221;{}&#8221;][\/et_pb_divider][\/et_pb_column][\/et_pb_row][\/et_pb_section]<\/p>\n","protected":false},"excerpt":{"rendered":"<p>LOS SECRETOS 01.08.25Port Adriano Music Festival welcomes Los Secretos!The legendary Spanish band continues to delight audiences with their unforgettable concerts and songs that have become part of our country\u2019s history and our lives.Their flagship lineup\u2014the full band, with which we most enjoy the unmistakable Secretos sound\u2014will once again capture our hearts thanks to the guitars [&hellip;]<\/p>\n","protected":false},"author":1,"featured_media":0,"parent":0,"menu_order":0,"comment_status":"closed","ping_status":"closed","template":"","meta":{"_et_pb_use_builder":"on","_et_pb_old_content":"","_et_gb_content_width":"","inline_featured_image":false,"footnotes":""},"difl_page_category":[],"class_list":["post-2396","page","type-page","status-publish","hentry"],"_links":{"self":[{"href":"https:\/\/portadrianomusic.es\/en\/wp-json\/wp\/v2\/pages\/2396","targetHints":{"allow":["GET"]}}],"collection":[{"href":"https:\/\/portadrianomusic.es\/en\/wp-json\/wp\/v2\/pages"}],"about":[{"href":"https:\/\/portadrianomusic.es\/en\/wp-json\/wp\/v2\/types\/page"}],"author":[{"embeddable":true,"href":"https:\/\/portadrianomusic.es\/en\/wp-json\/wp\/v2\/users\/1"}],"replies":[{"embeddable":true,"href":"https:\/\/portadrianomusic.es\/en\/wp-json\/wp\/v2\/comments?post=2396"}],"version-history":[{"count":4,"href":"https:\/\/portadrianomusic.es\/en\/wp-json\/wp\/v2\/pages\/2396\/revisions"}],"predecessor-version":[{"id":3231,"href":"https:\/\/portadrianomusic.es\/en\/wp-json\/wp\/v2\/pages\/2396\/revisions\/3231"}],"wp:attachment":[{"href":"https:\/\/portadrianomusic.es\/en\/wp-json\/wp\/v2\/media?parent=2396"}],"wp:term":[{"taxonomy":"difl_page_category","embeddable":true,"href":"https:\/\/portadrianomusic.es\/en\/wp-json\/wp\/v2\/difl_page_category?post=2396"}],"curies":[{"name":"wp","href":"https:\/\/api.w.org\/{rel}","templated":true}]}}